{"id":752119,"date":"2025-08-28T05:07:05","date_gmt":"2025-08-28T02:07:05","guid":{"rendered":"https:\/\/roveyayinevi.com.tr\/index.php\/urun\/piyano-ile-ilk-tanisma\/"},"modified":"2026-04-16T03:05:33","modified_gmt":"2026-04-16T00:05:33","slug":"piyano-ile-ilk-tanisma","status":"publish","type":"product","link":"https:\/\/roveyayinevi.com.tr\/index.php\/urun\/piyano-ile-ilk-tanisma\/","title":{"rendered":"Piyano \u0130le \u0130lk Tan\u0131\u015fma"},"content":{"rendered":"<p>Bu kitap piyanoya yeni ba\u015flayanlar \u00e7ocuklar i\u00e7in haz\u0131rlanm\u0131\u015ft\u0131r. Minik \u00f6\u011frencilerimizle birlikte \u00e7al\u0131\u015farak haz\u0131rlad\u0131\u011f\u0131m piyano ile ilk tan\u0131\u015fma kitab\u0131d\u0131r. Yakla\u015f\u0131k 5 ya\u015f\u0131ndan itibaren t\u00fcm miniklerin keyifle piyano e\u011fitimine ba\u015flayacaklar\u0131 ve notalar ile ritimleri \u00f6\u011frenecekleri bir kirap oldu\u011funa inan\u0131yorum . Kitapta pek \u00e7ok basit teori \u00e7al\u0131\u015fma alan\u0131 bulunmaktad\u0131r.bu alanlar\u0131 minik \u00f6\u011frenciler i\u00e7in k\u00fc\u00e7\u00fck \u00f6dev b\u00f6l\u00fcmleri gibi kullanabilrsiniz.Kitab\u0131n son b\u00f6l\u00fcmlerinde ise her par\u00e7an\u0131n \u00f6\u011fretmenler i\u00e7in e\u015flik b\u00f6l\u00fcmleri yer al\u0131yor. <\/p>\n","protected":false},"excerpt":{"rendered":"<p>Bu kitap piyanoya yeni ba\u015flayanlar \u00e7ocuklar i\u00e7in haz\u0131rlanm\u0131\u015ft\u0131r. Minik \u00f6\u011frencilerimizle birlikte \u00e7al\u0131\u015farak haz\u0131rlad\u0131\u011f\u0131m piyano ile ilk tan\u0131\u015fma kitab\u0131d\u0131r. Yakla\u015f\u0131k 5 ya\u015f\u0131ndan itibaren t\u00fcm miniklerin keyifle piyano<span class=\"excerpt-hellip\"> [\u2026]<\/span><\/p>\n","protected":false},"featured_media":0,"template":"","meta":{"_monsterinsights_skip_tracking":false,"_monsterinsights_sitenote_active":false,"_monsterinsights_sitenote_note":"","_monsterinsights_sitenote_category":0},"product_brand":[],"product_cat":[14556],"product_tag":[],"class_list":{"0":"post-752119","1":"product","2":"type-product","3":"status-publish","5":"product_cat-muzik","6":"pa_cilt-ciltsiz","7":"pa_tur-kitap","8":"pa_yayinevi-porte-muzik-egitim-merkezi","9":"pa_yazar-elena-yikilmaz","11":"first","12":"instock","13":"sale","14":"shipping-taxable","15":"purchasable","16":"product-type-simple"},"_links":{"self":[{"href":"https:\/\/roveyayinevi.com.tr\/index.php\/wp-json\/wp\/v2\/product\/752119","targetHints":{"allow":["GET"]}}],"collection":[{"href":"https:\/\/roveyayinevi.com.tr\/index.php\/wp-json\/wp\/v2\/product"}],"about":[{"href":"https:\/\/roveyayinevi.com.tr\/index.php\/wp-json\/wp\/v2\/types\/product"}],"wp:attachment":[{"href":"https:\/\/roveyayinevi.com.tr\/index.php\/wp-json\/wp\/v2\/media?parent=752119"}],"wp:term":[{"taxonomy":"product_brand","embeddable":true,"href":"https:\/\/roveyayinevi.com.tr\/index.php\/wp-json\/wp\/v2\/product_brand?post=752119"},{"taxonomy":"product_cat","embeddable":true,"href":"https:\/\/roveyayinevi.com.tr\/index.php\/wp-json\/wp\/v2\/product_cat?post=752119"},{"taxonomy":"product_tag","embeddable":true,"href":"https:\/\/roveyayinevi.com.tr\/index.php\/wp-json\/wp\/v2\/product_tag?post=752119"}],"curies":[{"name":"wp","href":"https:\/\/api.w.org\/{rel}","templated":true}]}}