{"id":752117,"date":"2025-08-28T05:07:02","date_gmt":"2025-08-28T02:07:02","guid":{"rendered":"https:\/\/roveyayinevi.com.tr\/index.php\/urun\/kapidan-omur-gecer\/"},"modified":"2025-08-31T19:32:07","modified_gmt":"2025-08-31T16:32:07","slug":"kapidan-omur-gecer","status":"publish","type":"product","link":"https:\/\/roveyayinevi.com.tr\/index.php\/urun\/kapidan-omur-gecer\/","title":{"rendered":"Kap\u0131dan \u00d6m\u00fcr Ge\u00e7er"},"content":{"rendered":"<p>Karadeniz\u2019in ac\u0131s\u0131, ne\u015fesi, a\u015fk\u0131, \u00f6fkesi bu kitapta\u201cKAPIDAN \u00d6M\u00dcR GE\u00c7ER\u201d OKURLARIYLA BULU\u015eUYOR\u201c\u0130nsan da zaman gibi konup, g\u00f6\u00e7\u00fcp gidiyor \/An\u0131lar roman gibi bir oku ki ne diyor?\u201dAra\u015ft\u0131rmac\u0131 H\u0131z\u0131r Canbaz\u2019\u0131n ilk kitab\u0131 \u201cKap\u0131dan \u00d6m\u00fcr Ge\u00e7er\u201d, okurlar\u0131n\u0131 bekliyor. Hem\u015finlilerin a\u015fklar\u0131n\u0131, hasretlerini, ac\u0131lar\u0131n\u0131, ne\u015felerini, horonlar\u0131n\u0131 anlatan kitap, y\u00f6re insan\u0131n\u0131n destanlar\u0131n\u0131, at\u0131\u015fmalar\u0131n\u0131, t\u00fcrk\u00fclerini gelecek ku\u015faklara aktaracak bir belge ayn\u0131 zamanda.\u201cS\u00f6z u\u00e7ar, yaz\u0131 kal\u0131r\u201d demi\u015f atalar\u0131m\u0131z. \u0130nsanl\u0131k tarihinin b\u00f6ylesi ilerleyebilmesinin en temel nedeni, ku\u015fkusuz yaz\u0131. Onun sayesinde bilgilerin, k\u00fclt\u00fcr\u00fcn ku\u015faktan ku\u015fa\u011fa aktar\u0131labilmesi. Ara\u015ft\u0131rmac\u0131 H\u0131z\u0131r Canbaz\u2019\u0131n \u201cKap\u0131dan \u00d6m\u00fcr Ge\u00e7er\u201d adl\u0131 ilk kitab\u0131 da Hem\u015fin tarihinin y\u0131llara meydan okumas\u0131n\u0131 sa\u011fl\u0131yor. 40 y\u0131ll\u0131k bir eme\u011fin sonucu olan kitap, Hem\u015finlilerin a\u015fklar\u0131n\u0131, kavgalar\u0131n\u0131, ac\u0131lar\u0131n\u0131, ne\u015felerini, horonlar\u0131n\u0131, d\u00fcn ve bug\u00fcnlerini anlat\u0131yor. \u00dcstelik yine Hem\u015finlilerin me\u015fhur at\u0131\u015fmalar\u0131, t\u00fcrk\u00fcleri, a\u011f\u0131tlar\u0131, destanlar\u0131 \u00fczerinden.T\u00dcRK\u00dcLERLE, DESTANLARLA B\u00dcY\u00dcD\u00dcMH\u0131z\u0131r Canbaz, t\u00fcrk\u00fclere merakl\u0131 bir Hem\u015finli. Hem\u015fin k\u00fclt\u00fcr\u00fcne ait eserleri biriktirmeye \u00e7ocuklu\u011fundan ba\u015fl\u0131yor. Canbaz, \u201cHen\u00fcz yedi ya\u015f\u0131ndayd\u0131m. \u00c7aml\u0131hem\u015fin Kale K\u00f6y\u00fc\u2019nde ot bi\u00e7im zaman\u0131yd\u0131. Sesleri birbirleriyle uyumlu olan kad\u0131nlar e\u015fle\u015fmi\u015f, kar\u015f\u0131l\u0131kl\u0131 t\u00fcrk\u00fc s\u00f6yl\u00fcyorlard\u0131. Sanki bir senfoni olmu\u015ftu. Sevday\u0131, hasreti, Hem\u015fin\u2019deki hayat\u0131 anlat\u0131yorlard\u0131. Her bir d\u00f6rtl\u00fc\u011f\u00fcn ya\u015famda kar\u015f\u0131l\u0131\u011f\u0131 vard\u0131, s\u00f6zler derindi. Yedi ya\u015f\u0131mda i\u015fitti\u011fim bu d\u00f6rtl\u00fcklere, atma t\u00fcrk\u00fclere, destanlara duydu\u011fum merak da benimle birlikte b\u00fcy\u00fcd\u00fc\u201d diyor.40 YILLIK B\u0130R \u00c7ALI\u015eMANIN ESER\u0130H\u0131z\u0131r Canbaz, duyduklar\u0131n\u0131, dinlediklerini \u00f6l\u00fcms\u00fczle\u015ftirmek i\u00e7in belle\u011fine kaz\u0131makla kalmay\u0131p k\u00e2\u011f\u0131tlara d\u00f6k\u00fcyor. Kitap i\u00e7in yapt\u0131\u011f\u0131 \u00e7al\u0131\u015fmay\u0131 ise, \u201cHem\u015fin\u2019in cefak\u00e2r ve fedak\u00e2r kad\u0131nlar\u0131ndan, erkeklerinden hik\u00e2yeler dinledim. S\u00f6yledikleri t\u00fcrk\u00fclere kulak verdim. Kimisi kavu\u015famad\u0131\u011f\u0131 sevdas\u0131n\u0131, kimisi gen\u00e7 ya\u015fta kaybetti\u011fi \u00e7ocu\u011funu, kimisi \u00f6fkesini, kimisi mutlulu\u011funu kimisi de kederini bu t\u00fcrk\u00fclerle dile getirdi. \u00c7o\u011fu da an\u0131lar\u0131yla beraber bu d\u00fcnyadan g\u00f6\u00e7\u00fcp gitti. Ben de istedim ki bu t\u00fcrk\u00fcleri, destanlar\u0131 herkes duysun, sadece belle\u011fimizde kalmas\u0131n. Aflar\u0131na s\u0131\u011f\u0131narak kitaba kendi y\u00fcre\u011fimden d\u00f6k\u00fclenleri de koydum\u201d diyerek anlat\u0131yor son s\u00f6z\u00fc Hem\u015fin\u2019den yank\u0131lanan bir m\u0131sraya b\u0131rak\u0131rken:\u201c\u0130nsan da zaman gibi konup, g\u00f6\u00e7\u00fcp gidiyor \/An\u0131lar roman gibi bir oku ki ne diyor?\u201dKitaba, internetten ula\u015fabilirsiniz.&#8212;-HIZIR CANBAZ1964 y\u0131l\u0131nda Rize\u2019nin Pazar il\u00e7esinde do\u011fdu. \u0130lk, orta ve lise e\u011fitimini Pazar\u2019da tamamlad\u0131. 1984-1988 y\u0131llar\u0131nda Atat\u00fcrk \u00dcniversitesi Fen Fak\u00fcltesi Kimya B\u00f6l\u00fcm\u00fc\u2019nden kimyager olarak mezun oldu. Ambalaj sekt\u00f6r\u00fcnde serbest olarak \u00e7al\u0131\u015fmakta.Pazar Lisesi, Atat\u00fcrk \u00dcniversitesi, Ankara Kale Derne\u011fi, \u0130stanbul Hem\u015fin Derne\u011fi, \u0130stanbul \u00c7ayeli Derne\u011fi, \u0130stanbul Pazarl\u0131lar Derne\u011fi ve Marmara \u00dcniversitesi\u2019nde tulumla halk oyunlar\u0131 ekiplerini \u00e7al\u0131\u015ft\u0131rd\u0131. 1983 y\u0131l\u0131ndan beri Hem\u015fin y\u00f6resinin t\u00fcrk\u00fc, destan ve atma t\u00fcrk\u00fclerini topluyor. Ayn\u0131 zamanda kendisi de t\u00fcrk\u00fc yaz\u0131yor.2016 y\u0131l\u0131nda Kalan M\u00fczik\u2019ten \u201cVaro\u015fun \u00c7i\u00e7ekleri\u201d, 2018 y\u0131l\u0131nda Cinan M\u00fczik\u2019ten \u201cYessir O G\u00f6zleruna\u201d, 2021\u2019de de \u201c\u0130kbal\u201d alb\u00fcmlerini \u00e7\u0131kard\u0131. R\u0131dvan Y\u0131lmaz\u2019la \u201c\u0130\u015fte Tulum \u0130\u015fte Horon\u201d, Remzi Bek\u00e2r\u2019la \u201c Yine \u015eanland\u0131 Tulum\u201d Mahmut Turan\u2019la \u201cKaradeniz Ezgileri\u201d alb\u00fcmlerinde birlikte \u00e7al\u0131\u015ft\u0131. MESAM \u00fcyesi.<\/p>\n","protected":false},"excerpt":{"rendered":"<p>Karadeniz\u2019in ac\u0131s\u0131, ne\u015fesi, a\u015fk\u0131, \u00f6fkesi bu kitapta\u201cKAPIDAN \u00d6M\u00dcR GE\u00c7ER\u201d OKURLARIYLA BULU\u015eUYOR\u201c\u0130nsan da zaman gibi konup, g\u00f6\u00e7\u00fcp gidiyor \/An\u0131lar roman gibi bir oku ki ne diyor?\u201dAra\u015ft\u0131rmac\u0131 H\u0131z\u0131r<span class=\"excerpt-hellip\"> [\u2026]<\/span><\/p>\n","protected":false},"featured_media":0,"template":"","meta":{"_monsterinsights_skip_tracking":false,"_monsterinsights_sitenote_active":false,"_monsterinsights_sitenote_note":"","_monsterinsights_sitenote_category":0},"product_brand":[],"product_cat":[27157,12291],"product_tag":[],"class_list":{"0":"post-752117","1":"product","2":"type-product","3":"status-publish","5":"product_cat-derleme","6":"product_cat-edebiyat","7":"pa_cilt-ciltsiz","8":"pa_tur-kitap","9":"pa_yayinevi-gulnar-yayinlari","10":"pa_yazar-hizir-canbaz","12":"first","13":"instock","14":"sale","15":"shipping-taxable","16":"purchasable","17":"product-type-simple"},"_links":{"self":[{"href":"https:\/\/roveyayinevi.com.tr\/index.php\/wp-json\/wp\/v2\/product\/752117","targetHints":{"allow":["GET"]}}],"collection":[{"href":"https:\/\/roveyayinevi.com.tr\/index.php\/wp-json\/wp\/v2\/product"}],"about":[{"href":"https:\/\/roveyayinevi.com.tr\/index.php\/wp-json\/wp\/v2\/types\/product"}],"wp:attachment":[{"href":"https:\/\/roveyayinevi.com.tr\/index.php\/wp-json\/wp\/v2\/media?parent=752117"}],"wp:term":[{"taxonomy":"product_brand","embeddable":true,"href":"https:\/\/roveyayinevi.com.tr\/index.php\/wp-json\/wp\/v2\/product_brand?post=752117"},{"taxonomy":"product_cat","embeddable":true,"href":"https:\/\/roveyayinevi.com.tr\/index.php\/wp-json\/wp\/v2\/product_cat?post=752117"},{"taxonomy":"product_tag","embeddable":true,"href":"https:\/\/roveyayinevi.com.tr\/index.php\/wp-json\/wp\/v2\/product_tag?post=752117"}],"curies":[{"name":"wp","href":"https:\/\/api.w.org\/{rel}","templated":true}]}}