{"id":752116,"date":"2025-08-28T05:07:01","date_gmt":"2025-08-28T02:07:01","guid":{"rendered":"https:\/\/roveyayinevi.com.tr\/index.php\/urun\/bizim-okul-bi-acayip-sasirtici-gercekler-uzay-insanlar-ve-osuruklar\/"},"modified":"2026-04-16T03:05:33","modified_gmt":"2026-04-16T00:05:33","slug":"bizim-okul-bi-acayip-sasirtici-gercekler-uzay-insanlar-ve-osuruklar","status":"publish","type":"product","link":"https:\/\/roveyayinevi.com.tr\/index.php\/urun\/bizim-okul-bi-acayip-sasirtici-gercekler-uzay-insanlar-ve-osuruklar\/","title":{"rendered":"Bizim Okul Bi Acayip \u2013 \u015ea\u015f\u0131rt\u0131c\u0131 Ger\u00e7ekler Uzay, \u0130nsanlar ve Osuruklar"},"content":{"rendered":"<p>HAD\u0130 A.J. VE ANDREA \u0130LEHIZLI D\u00dc\u015e\u00dcN\u00dcN!  A\u015fadaki garip bilimsel ger\u00e7ekleri biliyor muydunuz?J\u00fcpiter\u2019de 300 y\u0131ldan uzun s\u00fcredir devam eden bir f\u0131rt\u0131na vard\u0131r.Pireler kendi boylar\u0131n\u0131n 130 kat\u0131 y\u00fcksekli\u011fe z\u0131playabilirler.Her insan\u0131n kendine \u00f6zg\u00fc bir dil izi bulunmaktad\u0131r.\u00d6ld\u00fckten sonra Albert Einstein\u2019\u0131n beyni \u00e7al\u0131nm\u0131\u015ft\u0131r. Daha fazlas\u0131n\u0131 \u00f6\u011frenmek i\u00e7inhadi kitab\u0131 okuyal\u0131m!<\/p>\n","protected":false},"excerpt":{"rendered":"<p>HAD\u0130 A.J. VE ANDREA \u0130LEHIZLI D\u00dc\u015e\u00dcN\u00dcN! A\u015fadaki garip bilimsel ger\u00e7ekleri biliyor muydunuz?J\u00fcpiter\u2019de 300 y\u0131ldan uzun s\u00fcredir devam eden bir f\u0131rt\u0131na vard\u0131r.Pireler kendi boylar\u0131n\u0131n 130 kat\u0131 y\u00fcksekli\u011fe<span class=\"excerpt-hellip\"> [\u2026]<\/span><\/p>\n","protected":false},"featured_media":0,"template":"","meta":{"_monsterinsights_skip_tracking":false,"_monsterinsights_sitenote_active":false,"_monsterinsights_sitenote_note":"","_monsterinsights_sitenote_category":0},"product_brand":[],"product_cat":[12274,15842],"product_tag":[],"class_list":{"0":"post-752116","1":"product","2":"type-product","3":"status-publish","5":"product_cat-cocuk-ve-genclik-kitaplari","6":"product_cat-egitici-kitaplar","7":"pa_cilt-ciltsiz","8":"pa_tur-kitap","9":"pa_yayinevi-epsilon-yayinlari","10":"pa_yazar-dan-gutman","12":"first","13":"instock","14":"sale","15":"shipping-taxable","16":"purchasable","17":"product-type-simple"},"_links":{"self":[{"href":"https:\/\/roveyayinevi.com.tr\/index.php\/wp-json\/wp\/v2\/product\/752116","targetHints":{"allow":["GET"]}}],"collection":[{"href":"https:\/\/roveyayinevi.com.tr\/index.php\/wp-json\/wp\/v2\/product"}],"about":[{"href":"https:\/\/roveyayinevi.com.tr\/index.php\/wp-json\/wp\/v2\/types\/product"}],"wp:attachment":[{"href":"https:\/\/roveyayinevi.com.tr\/index.php\/wp-json\/wp\/v2\/media?parent=752116"}],"wp:term":[{"taxonomy":"product_brand","embeddable":true,"href":"https:\/\/roveyayinevi.com.tr\/index.php\/wp-json\/wp\/v2\/product_brand?post=752116"},{"taxonomy":"product_cat","embeddable":true,"href":"https:\/\/roveyayinevi.com.tr\/index.php\/wp-json\/wp\/v2\/product_cat?post=752116"},{"taxonomy":"product_tag","embeddable":true,"href":"https:\/\/roveyayinevi.com.tr\/index.php\/wp-json\/wp\/v2\/product_tag?post=752116"}],"curies":[{"name":"wp","href":"https:\/\/api.w.org\/{rel}","templated":true}]}}