{"id":752113,"date":"2025-08-28T05:06:57","date_gmt":"2025-08-28T02:06:57","guid":{"rendered":"https:\/\/roveyayinevi.com.tr\/index.php\/urun\/sekreter-kimin-nesi-var-4\/"},"modified":"2026-04-16T03:05:33","modified_gmt":"2026-04-16T00:05:33","slug":"sekreter-kimin-nesi-var-4","status":"publish","type":"product","link":"https:\/\/roveyayinevi.com.tr\/index.php\/urun\/sekreter-kimin-nesi-var-4\/","title":{"rendered":"Sekreter Kim\u2019in Nesi Var 4"},"content":{"rendered":"<p>Yak\u0131\u015f\u0131kl\u0131, zengin ve kibirli Young Jun, b\u00fcy\u00fck bir \u015firketin ba\u015fkan yard\u0131mc\u0131s\u0131d\u0131r. Mi So ise onun m\u00fckemmel sekreteri. Narsis patronuna 9 uzun y\u0131l boyunca katlanabildi\u011fi i\u00e7in adeta bir efsanedir ama \u015fimdi istifa etmeye karar veriyor. Acaba ger\u00e7ekten de hi\u00e7bir \u015fey ya da hi\u00e7 kimse onu \u00e7ekip gitmekten vazge\u00e7iremez mi?   Art\u0131k s\u0131radan kahveler i\u00e7meye var m\u0131s\u0131n\u0131z? <\/p>\n","protected":false},"excerpt":{"rendered":"<p>Yak\u0131\u015f\u0131kl\u0131, zengin ve kibirli Young Jun, b\u00fcy\u00fck bir \u015firketin ba\u015fkan yard\u0131mc\u0131s\u0131d\u0131r. Mi So ise onun m\u00fckemmel sekreteri. Narsis patronuna 9 uzun y\u0131l boyunca katlanabildi\u011fi i\u00e7in adeta<span class=\"excerpt-hellip\"> [\u2026]<\/span><\/p>\n","protected":false},"featured_media":0,"template":"","meta":{"_monsterinsights_skip_tracking":false,"_monsterinsights_sitenote_active":false,"_monsterinsights_sitenote_note":"","_monsterinsights_sitenote_category":0},"product_brand":[],"product_cat":[12416,12291],"product_tag":[],"class_list":{"0":"post-752113","1":"product","2":"type-product","3":"status-publish","5":"product_cat-cizgi-roman","6":"product_cat-edebiyat","7":"pa_cilt-ciltsiz","8":"pa_tur-kitap","9":"pa_yayinevi-athica-yayinlari","10":"pa_yazar-jeong-gyeong-yun","12":"first","13":"instock","14":"sale","15":"shipping-taxable","16":"purchasable","17":"product-type-simple"},"_links":{"self":[{"href":"https:\/\/roveyayinevi.com.tr\/index.php\/wp-json\/wp\/v2\/product\/752113","targetHints":{"allow":["GET"]}}],"collection":[{"href":"https:\/\/roveyayinevi.com.tr\/index.php\/wp-json\/wp\/v2\/product"}],"about":[{"href":"https:\/\/roveyayinevi.com.tr\/index.php\/wp-json\/wp\/v2\/types\/product"}],"wp:attachment":[{"href":"https:\/\/roveyayinevi.com.tr\/index.php\/wp-json\/wp\/v2\/media?parent=752113"}],"wp:term":[{"taxonomy":"product_brand","embeddable":true,"href":"https:\/\/roveyayinevi.com.tr\/index.php\/wp-json\/wp\/v2\/product_brand?post=752113"},{"taxonomy":"product_cat","embeddable":true,"href":"https:\/\/roveyayinevi.com.tr\/index.php\/wp-json\/wp\/v2\/product_cat?post=752113"},{"taxonomy":"product_tag","embeddable":true,"href":"https:\/\/roveyayinevi.com.tr\/index.php\/wp-json\/wp\/v2\/product_tag?post=752113"}],"curies":[{"name":"wp","href":"https:\/\/api.w.org\/{rel}","templated":true}]}}