{"id":752112,"date":"2025-08-28T05:06:56","date_gmt":"2025-08-28T02:06:56","guid":{"rendered":"https:\/\/roveyayinevi.com.tr\/index.php\/urun\/insanin-golgesinde\/"},"modified":"2026-04-16T03:05:33","modified_gmt":"2026-04-16T00:05:33","slug":"insanin-golgesinde","status":"publish","type":"product","link":"https:\/\/roveyayinevi.com.tr\/index.php\/urun\/insanin-golgesinde\/","title":{"rendered":"\u0130nsan\u0131n G\u00f6lgesinde"},"content":{"rendered":"<p>\u0130NSAN DAVRANI\u015eININ TEMELLER\u0130N\u0130 ANLAMAK \u0130\u00c7\u0130N E\u015eS\u0130Z B\u0130R KLAS\u0130K. D\u00fcnyaca \u00fcnl\u00fc primatolog ve hayvan koruma uzman\u0131 Dr. Jane Goodall\u2019\u0131n ser\u00fcveni vah\u015fi do\u011fadaki \u015fempanzeleri izlemek i\u00e7in Tanzanya\u2019n\u0131n \u00fccra k\u00f6\u015fesi Gombe\u2019ye gitmesiyle ba\u015flad\u0131. Aylar boyu s\u00fcren umutsuz bekleyi\u015ften sonra o ilk temas kuruldu ve Goodall alet kullan\u0131m\u0131ndan alet yap\u0131m\u0131na kadar daha \u00f6nce ke\u015ffedilmemi\u015f primat davran\u0131\u015flar\u0131n\u0131 kaydetmeyi ba\u015fard\u0131. Bat\u0131 d\u00fcnyas\u0131n\u0131n en b\u00fcy\u00fck bilimsel ba\u015far\u0131lar\u0131ndan biri say\u0131lan \u00e7al\u0131\u015fmalar\u0131n\u0131n sonunda \u015fa\u015f\u0131rt\u0131c\u0131 bir \u015fekilde her biri t\u0131pk\u0131 bir birey gibi davranan \u015fempanzelerin sosyal hiyerar\u015fisini \u00e7\u00f6zd\u00fc. \u0130nsanlarla \u015fempanzeler aras\u0131ndaki derin ba\u011fa dair anlay\u0131\u015f\u0131m\u0131z\u0131 sonsuza dek de\u011fi\u015ftirecek bir\u00e7ok ola\u011fan\u00fcst\u00fc ke\u015ffe imza att\u0131. Jane Goodall\u2019\u0131n Gombe\u2019nin derinliklerinde vah\u015fi \u015fempanzeler aras\u0131ndaki ya\u015fam\u0131n\u0131 anlatt\u0131\u011f\u0131 \u0130nsan\u0131n G\u00f6lgesinde, hayvan davran\u0131\u015flar\u0131 konusunda \u015fimdiye kadar yaz\u0131lm\u0131\u015f en b\u00fcy\u00fcleyici \u00f6yk\u00fclerden biri ve her nesilden okuyucu i\u00e7in canl\u0131 bir ke\u015fif yolculu\u011fu. Sadece vah\u015fi do\u011faya de\u011fil insana dair soluk kesici bir anlat\u0131&#8230; <\/p>\n","protected":false},"excerpt":{"rendered":"<p>\u0130NSAN DAVRANI\u015eININ TEMELLER\u0130N\u0130 ANLAMAK \u0130\u00c7\u0130N E\u015eS\u0130Z B\u0130R KLAS\u0130K. D\u00fcnyaca \u00fcnl\u00fc primatolog ve hayvan koruma uzman\u0131 Dr. Jane Goodall\u2019\u0131n ser\u00fcveni vah\u015fi do\u011fadaki \u015fempanzeleri izlemek i\u00e7in Tanzanya\u2019n\u0131n \u00fccra<span class=\"excerpt-hellip\"> [\u2026]<\/span><\/p>\n","protected":false},"featured_media":0,"template":"","meta":{"_monsterinsights_skip_tracking":false,"_monsterinsights_sitenote_active":false,"_monsterinsights_sitenote_note":"","_monsterinsights_sitenote_category":0},"product_brand":[],"product_cat":[13005,13010],"product_tag":[],"class_list":{"0":"post-752112","1":"product","2":"type-product","3":"status-publish","5":"product_cat-bilim-muhendislik","6":"product_cat-doga-bilimleri","7":"pa_cilt-ciltsiz","8":"pa_tur-kitap","9":"pa_yayinevi-beyaz-baykus-yayinlari","10":"pa_yazar-jane-goodall","12":"first","13":"instock","14":"sale","15":"shipping-taxable","16":"purchasable","17":"product-type-simple"},"_links":{"self":[{"href":"https:\/\/roveyayinevi.com.tr\/index.php\/wp-json\/wp\/v2\/product\/752112","targetHints":{"allow":["GET"]}}],"collection":[{"href":"https:\/\/roveyayinevi.com.tr\/index.php\/wp-json\/wp\/v2\/product"}],"about":[{"href":"https:\/\/roveyayinevi.com.tr\/index.php\/wp-json\/wp\/v2\/types\/product"}],"wp:attachment":[{"href":"https:\/\/roveyayinevi.com.tr\/index.php\/wp-json\/wp\/v2\/media?parent=752112"}],"wp:term":[{"taxonomy":"product_brand","embeddable":true,"href":"https:\/\/roveyayinevi.com.tr\/index.php\/wp-json\/wp\/v2\/product_brand?post=752112"},{"taxonomy":"product_cat","embeddable":true,"href":"https:\/\/roveyayinevi.com.tr\/index.php\/wp-json\/wp\/v2\/product_cat?post=752112"},{"taxonomy":"product_tag","embeddable":true,"href":"https:\/\/roveyayinevi.com.tr\/index.php\/wp-json\/wp\/v2\/product_tag?post=752112"}],"curies":[{"name":"wp","href":"https:\/\/api.w.org\/{rel}","templated":true}]}}