{"id":752111,"date":"2025-08-28T05:06:55","date_gmt":"2025-08-28T02:06:55","guid":{"rendered":"https:\/\/roveyayinevi.com.tr\/index.php\/urun\/icdunyamiza-bakis\/"},"modified":"2026-04-16T03:05:33","modified_gmt":"2026-04-16T00:05:33","slug":"icdunyamiza-bakis","status":"publish","type":"product","link":"https:\/\/roveyayinevi.com.tr\/index.php\/urun\/icdunyamiza-bakis\/","title":{"rendered":"\u0130\u00e7d\u00fcnyam\u0131za Bak\u0131\u015f"},"content":{"rendered":"<p>\u0130\u00c7D\u00dcNYAMIZ DI\u015eARIDAN EKLENEN PAR\u00c7ALARLA \u00d6R\u00dcL\u00dcR, PS\u0130KANAL\u0130Z \u00d6RG\u00dcN\u00dcN BOZULDU\u011eU YER\u0130N PE\u015e\u0130NE D\u00dc\u015eER VE H\u0130K\u00c2YE EN BA\u015eTAN YEN\u0130DEN YAZILIR. \u0130\u00e7ine do\u011fdu\u011fumuz d\u00fcnya, ya\u015fayaca\u011f\u0131m\u0131z \u00e7evrenin ko\u015fullar\u0131, ebeveynlerimizin ge\u00e7mi\u015f deneyimleri ve bizi b\u00fcy\u00fct\u00fcrken i\u00e7inde bulunduklar\u0131 ruh hali, nas\u0131l bir insan olaca\u011f\u0131m\u0131z\u0131 ve nas\u0131l hayatlar ya\u015fayaca\u011f\u0131m\u0131z\u0131 ne kadar belirleyebilir? Bu kitapta, bu soruya cevap bulabilece\u011finiz be\u015f vaka \u00f6yk\u00fcs\u00fc yer al\u0131yor. \u0130nsan olma ser\u00fcvenimizin ve i\u00e7d\u00fcnyam\u0131zdaki farkl\u0131l\u0131klar\u0131n nelerden nas\u0131l etkilenebildi\u011fini farkl\u0131 karakterlerin ya\u015fam\u00f6yk\u00fcleri ve ger\u00e7ek psikanaliz seanslar\u0131ndan aktar\u0131lan bilgilerle anlamaya \u00e7al\u0131\u015fmak zihninizde yeni kavray\u0131\u015flara ve yeni sorulara ortam haz\u0131rlayacak. D\u0131\u015fsal ve i\u00e7sel olaylar\u0131n nas\u0131l i\u00e7 i\u00e7e ge\u00e7ti\u011fini anlatan \u00f6yk\u00fcler hem mesle\u011finin ba\u015f\u0131ndaki psikoterapistler hem de insan psikolojisini anlamak isteyen t\u00fcm okurlar i\u00e7in yol g\u00f6sterici olacak. Bu kitab\u0131 okuduktan sonra kendinize ve hayat\u0131n\u0131zdaki \u00f6nemli \u00f6tekilere farkl\u0131 bir g\u00f6zle bakacaks\u0131n\u0131z. <\/p>\n","protected":false},"excerpt":{"rendered":"<p>\u0130\u00c7D\u00dcNYAMIZ DI\u015eARIDAN EKLENEN PAR\u00c7ALARLA \u00d6R\u00dcL\u00dcR, PS\u0130KANAL\u0130Z \u00d6RG\u00dcN\u00dcN BOZULDU\u011eU YER\u0130N PE\u015e\u0130NE D\u00dc\u015eER VE H\u0130K\u00c2YE EN BA\u015eTAN YEN\u0130DEN YAZILIR. \u0130\u00e7ine do\u011fdu\u011fumuz d\u00fcnya, ya\u015fayaca\u011f\u0131m\u0131z \u00e7evrenin ko\u015fullar\u0131, ebeveynlerimizin ge\u00e7mi\u015f deneyimleri<span class=\"excerpt-hellip\"> [\u2026]<\/span><\/p>\n","protected":false},"featured_media":0,"template":"","meta":{"_monsterinsights_skip_tracking":false,"_monsterinsights_sitenote_active":false,"_monsterinsights_sitenote_note":"","_monsterinsights_sitenote_category":0},"product_brand":[],"product_cat":[12357],"product_tag":[],"class_list":{"0":"post-752111","1":"product","2":"type-product","3":"status-publish","5":"product_cat-psikoloji","6":"pa_cilt-ciltsiz","7":"pa_tur-kitap","8":"pa_yayinevi-beyaz-baykus-yayinlari","9":"pa_yazar-vamik-d-volkan","11":"first","12":"instock","13":"sale","14":"shipping-taxable","15":"purchasable","16":"product-type-simple"},"_links":{"self":[{"href":"https:\/\/roveyayinevi.com.tr\/index.php\/wp-json\/wp\/v2\/product\/752111","targetHints":{"allow":["GET"]}}],"collection":[{"href":"https:\/\/roveyayinevi.com.tr\/index.php\/wp-json\/wp\/v2\/product"}],"about":[{"href":"https:\/\/roveyayinevi.com.tr\/index.php\/wp-json\/wp\/v2\/types\/product"}],"wp:attachment":[{"href":"https:\/\/roveyayinevi.com.tr\/index.php\/wp-json\/wp\/v2\/media?parent=752111"}],"wp:term":[{"taxonomy":"product_brand","embeddable":true,"href":"https:\/\/roveyayinevi.com.tr\/index.php\/wp-json\/wp\/v2\/product_brand?post=752111"},{"taxonomy":"product_cat","embeddable":true,"href":"https:\/\/roveyayinevi.com.tr\/index.php\/wp-json\/wp\/v2\/product_cat?post=752111"},{"taxonomy":"product_tag","embeddable":true,"href":"https:\/\/roveyayinevi.com.tr\/index.php\/wp-json\/wp\/v2\/product_tag?post=752111"}],"curies":[{"name":"wp","href":"https:\/\/api.w.org\/{rel}","templated":true}]}}