{"id":752109,"date":"2025-08-28T05:06:53","date_gmt":"2025-08-28T02:06:53","guid":{"rendered":"https:\/\/roveyayinevi.com.tr\/index.php\/urun\/piyano-caliyorum-herkes-piyano-calabilir\/"},"modified":"2026-04-16T03:05:33","modified_gmt":"2026-04-16T00:05:33","slug":"piyano-caliyorum-herkes-piyano-calabilir","status":"publish","type":"product","link":"https:\/\/roveyayinevi.com.tr\/index.php\/urun\/piyano-caliyorum-herkes-piyano-calabilir\/","title":{"rendered":"Piyano \u00c7al\u0131yorum \u2013 Herkes Piyano \u00c7alabilir"},"content":{"rendered":"<p>Piyano tekni\u011finin geli\u015fmesi i\u00e7in en temel kriterlerden biri bolca \u00e7al\u0131\u015fmak, \u00e7ok\u00e7a par\u00e7a \u00e7almakt\u0131r. Bu d\u00fc\u015f\u00fcnceden hareketle, kendi i\u00e7inde s\u0131ral\u0131 bilgi ak\u0131\u015f\u0131n\u0131 ve kademeli ilerleyi\u015fi sa\u011flayan par\u00e7alardan meydana gelen Piyano \u00c7al\u0131yorum, piyano tekni\u011fi ve becerilerinin geli\u015ftirilmesi i\u00e7in haz\u0131rlanm\u0131\u015f bir kaynak kitap. Nota okuma ve piyano becerisinin temellerini tesis etmek i\u00e7in haz\u0131rlanan Ad\u0131m Ad\u0131m Piyano Metodu\u2019nun devam\u0131 niteli\u011findeki Piyano \u00c7al\u0131yorum, severek \u00e7al\u0131nabilecek ve piyano tekni\u011fine katk\u0131 sa\u011flayacak \u00e7ok say\u0131da par\u00e7aya ula\u015fman\u0131z\u0131 sa\u011flayacak.<\/p>\n","protected":false},"excerpt":{"rendered":"<p>Piyano tekni\u011finin geli\u015fmesi i\u00e7in en temel kriterlerden biri bolca \u00e7al\u0131\u015fmak, \u00e7ok\u00e7a par\u00e7a \u00e7almakt\u0131r. Bu d\u00fc\u015f\u00fcnceden hareketle, kendi i\u00e7inde s\u0131ral\u0131 bilgi ak\u0131\u015f\u0131n\u0131 ve kademeli ilerleyi\u015fi sa\u011flayan par\u00e7alardan<span class=\"excerpt-hellip\"> [\u2026]<\/span><\/p>\n","protected":false},"featured_media":0,"template":"","meta":{"_monsterinsights_skip_tracking":false,"_monsterinsights_sitenote_active":false,"_monsterinsights_sitenote_note":"","_monsterinsights_sitenote_category":0},"product_brand":[],"product_cat":[14556,20810],"product_tag":[],"class_list":{"0":"post-752109","1":"product","2":"type-product","3":"status-publish","5":"product_cat-muzik","6":"product_cat-ogrenim-kitaplari","7":"pa_cilt-ciltsiz","8":"pa_tur-kitap","9":"pa_yayinevi-arkadas-yayinlari","10":"pa_yazar-sezgin-dinc","12":"first","13":"instock","14":"sale","15":"shipping-taxable","16":"purchasable","17":"product-type-simple"},"_links":{"self":[{"href":"https:\/\/roveyayinevi.com.tr\/index.php\/wp-json\/wp\/v2\/product\/752109","targetHints":{"allow":["GET"]}}],"collection":[{"href":"https:\/\/roveyayinevi.com.tr\/index.php\/wp-json\/wp\/v2\/product"}],"about":[{"href":"https:\/\/roveyayinevi.com.tr\/index.php\/wp-json\/wp\/v2\/types\/product"}],"wp:attachment":[{"href":"https:\/\/roveyayinevi.com.tr\/index.php\/wp-json\/wp\/v2\/media?parent=752109"}],"wp:term":[{"taxonomy":"product_brand","embeddable":true,"href":"https:\/\/roveyayinevi.com.tr\/index.php\/wp-json\/wp\/v2\/product_brand?post=752109"},{"taxonomy":"product_cat","embeddable":true,"href":"https:\/\/roveyayinevi.com.tr\/index.php\/wp-json\/wp\/v2\/product_cat?post=752109"},{"taxonomy":"product_tag","embeddable":true,"href":"https:\/\/roveyayinevi.com.tr\/index.php\/wp-json\/wp\/v2\/product_tag?post=752109"}],"curies":[{"name":"wp","href":"https:\/\/api.w.org\/{rel}","templated":true}]}}