{"id":752101,"date":"2025-08-28T05:06:42","date_gmt":"2025-08-28T02:06:42","guid":{"rendered":"https:\/\/roveyayinevi.com.tr\/index.php\/urun\/depremle-mucadele-bear-grylls-maceralari\/"},"modified":"2026-04-16T03:05:33","modified_gmt":"2026-04-16T00:05:33","slug":"depremle-mucadele-bear-grylls-maceralari","status":"publish","type":"product","link":"https:\/\/roveyayinevi.com.tr\/index.php\/urun\/depremle-mucadele-bear-grylls-maceralari\/","title":{"rendered":"Depremle M\u00fccadele &#8211; Bear Grylls Maceralar\u0131"},"content":{"rendered":"<p>GER\u00c7EK B\u0130R MACERAYA HAZIR MISINIZ?Fatima arkada\u015flar\u0131yla kamp yaparken e\u011flense de karanl\u0131k gecelerde \u00e7ok korkar. Kampta kulland\u0131\u011f\u0131 el feneri onu yar\u0131 yolda b\u0131rakt\u0131\u011f\u0131nda Fatima kendini yerin sars\u0131ld\u0131\u011f\u0131 ve elektriklerin kesildi\u011fi bir \u015fehirde bulur. Bear Grylls, karanl\u0131k sokaklar ve y\u0131k\u0131lan binalar\u0131n aras\u0131nda Fatima\u2019ya yard\u0131mc\u0131 olmaya haz\u0131rd\u0131r. Kendilerine g\u00fcvenli bir yer bulmaya \u00e7al\u0131\u015f\u0131rlarken hi\u00e7 beklemedikleri bir grupla kar\u015f\u0131la\u015f\u0131rlar.FAT\u0130MA SALLANAN ZEM\u0130NE AYAK UYDURUP G\u00d6LGELERDEK\u0130 TEHL\u0130KELERDEN KORKMAMAYI \u00d6\u011eRENEB\u0130LECEK M\u0130?<\/p>\n","protected":false},"excerpt":{"rendered":"<p>GER\u00c7EK B\u0130R MACERAYA HAZIR MISINIZ?Fatima arkada\u015flar\u0131yla kamp yaparken e\u011flense de karanl\u0131k gecelerde \u00e7ok korkar. Kampta kulland\u0131\u011f\u0131 el feneri onu yar\u0131 yolda b\u0131rakt\u0131\u011f\u0131nda Fatima kendini yerin sars\u0131ld\u0131\u011f\u0131<span class=\"excerpt-hellip\"> [\u2026]<\/span><\/p>\n","protected":false},"featured_media":0,"template":"","meta":{"_monsterinsights_skip_tracking":false,"_monsterinsights_sitenote_active":false,"_monsterinsights_sitenote_note":"","_monsterinsights_sitenote_category":0},"product_brand":[],"product_cat":[12274,12284],"product_tag":[],"class_list":{"0":"post-752101","1":"product","2":"type-product","3":"status-publish","5":"product_cat-cocuk-ve-genclik-kitaplari","6":"product_cat-hikayeler","7":"pa_cilt-ciltsiz","8":"pa_tur-kitap","9":"pa_yayinevi-timas-cocuk","10":"pa_yazar-bear-grylls","12":"first","13":"instock","14":"sale","15":"shipping-taxable","16":"purchasable","17":"product-type-simple"},"_links":{"self":[{"href":"https:\/\/roveyayinevi.com.tr\/index.php\/wp-json\/wp\/v2\/product\/752101","targetHints":{"allow":["GET"]}}],"collection":[{"href":"https:\/\/roveyayinevi.com.tr\/index.php\/wp-json\/wp\/v2\/product"}],"about":[{"href":"https:\/\/roveyayinevi.com.tr\/index.php\/wp-json\/wp\/v2\/types\/product"}],"wp:attachment":[{"href":"https:\/\/roveyayinevi.com.tr\/index.php\/wp-json\/wp\/v2\/media?parent=752101"}],"wp:term":[{"taxonomy":"product_brand","embeddable":true,"href":"https:\/\/roveyayinevi.com.tr\/index.php\/wp-json\/wp\/v2\/product_brand?post=752101"},{"taxonomy":"product_cat","embeddable":true,"href":"https:\/\/roveyayinevi.com.tr\/index.php\/wp-json\/wp\/v2\/product_cat?post=752101"},{"taxonomy":"product_tag","embeddable":true,"href":"https:\/\/roveyayinevi.com.tr\/index.php\/wp-json\/wp\/v2\/product_tag?post=752101"}],"curies":[{"name":"wp","href":"https:\/\/api.w.org\/{rel}","templated":true}]}}