{"id":752099,"date":"2025-08-28T05:06:40","date_gmt":"2025-08-28T02:06:40","guid":{"rendered":"https:\/\/roveyayinevi.com.tr\/index.php\/urun\/bi-dolu-hikaye-seti-2-5-kitap\/"},"modified":"2026-04-16T03:05:33","modified_gmt":"2026-04-16T00:05:33","slug":"bi-dolu-hikaye-seti-2-5-kitap","status":"publish","type":"product","link":"https:\/\/roveyayinevi.com.tr\/index.php\/urun\/bi-dolu-hikaye-seti-2-5-kitap\/","title":{"rendered":"Bi Dolu Hikaye Seti 2 (5 Kitap)"},"content":{"rendered":"<p>Bi\u2019 Dolu Hik\u00e2ye, i\u00e7indeki birbirinden farkl\u0131 5 \u00f6yk\u00fcyle seni kocaman bir maceran\u0131n i\u00e7ine s\u00fcr\u00fckleyecek. &#8220;mi&#8221; Sesi \u00c7\u0131karan Kuzu ile \u015fark\u0131lar s\u00f6yleyecek, A\u011fz\u0131 A\u00e7\u0131k Kalan Kedi ile yeni maceralara at\u0131lacaks\u0131n. Bir Tilkinin G\u00fcnl\u00fc\u011f\u00fc ile kendi hik\u00e2yeni yazarken Tatilus Gezegenus&#8217;a yani e\u011flencenin merkezine yol alacaks\u0131n. Ya\u011fmur Suyu \u0130\u00e7en Papatya&#8217;n\u0131n \u00e7i\u00e7eklerle dolu d\u00fcnyas\u0131ndan \u00f6\u011freneceklerini de d\u00fc\u015f\u00fcn\u00fcrsek Bi&#8217; Dolu Hik\u00e2ye&#8217;yi okumaya bay\u0131lacaks\u0131n! <\/p>\n","protected":false},"excerpt":{"rendered":"<p>Bi\u2019 Dolu Hik\u00e2ye, i\u00e7indeki birbirinden farkl\u0131 5 \u00f6yk\u00fcyle seni kocaman bir maceran\u0131n i\u00e7ine s\u00fcr\u00fckleyecek. &#8220;mi&#8221; Sesi \u00c7\u0131karan Kuzu ile \u015fark\u0131lar s\u00f6yleyecek, A\u011fz\u0131 A\u00e7\u0131k Kalan Kedi ile<span class=\"excerpt-hellip\"> [\u2026]<\/span><\/p>\n","protected":false},"featured_media":0,"template":"","meta":{"_monsterinsights_skip_tracking":false,"_monsterinsights_sitenote_active":false,"_monsterinsights_sitenote_note":"","_monsterinsights_sitenote_category":0},"product_brand":[],"product_cat":[12274,12284],"product_tag":[],"class_list":{"0":"post-752099","1":"product","2":"type-product","3":"status-publish","5":"product_cat-cocuk-ve-genclik-kitaplari","6":"product_cat-hikayeler","7":"pa_cilt-ciltsiz","8":"pa_tur-kitap","9":"pa_yayinevi-timas-cocuk","10":"pa_yazar-nehir-aydin-gokduman","12":"first","13":"instock","14":"sale","15":"shipping-taxable","16":"purchasable","17":"product-type-simple"},"_links":{"self":[{"href":"https:\/\/roveyayinevi.com.tr\/index.php\/wp-json\/wp\/v2\/product\/752099","targetHints":{"allow":["GET"]}}],"collection":[{"href":"https:\/\/roveyayinevi.com.tr\/index.php\/wp-json\/wp\/v2\/product"}],"about":[{"href":"https:\/\/roveyayinevi.com.tr\/index.php\/wp-json\/wp\/v2\/types\/product"}],"wp:attachment":[{"href":"https:\/\/roveyayinevi.com.tr\/index.php\/wp-json\/wp\/v2\/media?parent=752099"}],"wp:term":[{"taxonomy":"product_brand","embeddable":true,"href":"https:\/\/roveyayinevi.com.tr\/index.php\/wp-json\/wp\/v2\/product_brand?post=752099"},{"taxonomy":"product_cat","embeddable":true,"href":"https:\/\/roveyayinevi.com.tr\/index.php\/wp-json\/wp\/v2\/product_cat?post=752099"},{"taxonomy":"product_tag","embeddable":true,"href":"https:\/\/roveyayinevi.com.tr\/index.php\/wp-json\/wp\/v2\/product_tag?post=752099"}],"curies":[{"name":"wp","href":"https:\/\/api.w.org\/{rel}","templated":true}]}}