{"id":752098,"date":"2025-08-28T05:06:38","date_gmt":"2025-08-28T02:06:38","guid":{"rendered":"https:\/\/roveyayinevi.com.tr\/index.php\/urun\/kutuplarda-inecek-var-2\/"},"modified":"2026-04-16T03:05:33","modified_gmt":"2026-04-16T00:05:33","slug":"kutuplarda-inecek-var-2","status":"publish","type":"product","link":"https:\/\/roveyayinevi.com.tr\/index.php\/urun\/kutuplarda-inecek-var-2\/","title":{"rendered":"Kutuplarda \u0130necek Var!"},"content":{"rendered":"<p>Co\u011frafya gereksiz detaylardan kurtuldu! Co\u011frafya senin i\u00e7in tam bir eziyet mi? Kar\u0131\u015f\u0131k haritalardan, ya\u015fl\u0131 kaya par\u00e7alar\u0131ndan ve yorucu s\u0131navlardan b\u0131k\u0131p usand\u0131n m\u0131? O zaman, t\u00fcm bu s\u0131k\u0131c\u0131 co\u011frafya derslerine elveda demenin tam zaman\u0131\u2026 \u00c7\u00fcnk\u00fc \u015fu anda, Kutuplarda \u0130necek Var kitab\u0131 ile buz gibi, bir o kadar da cesaret isteyen bir yolculu\u011fa \u00e7\u0131kmak \u00fczeresin!Sars\u0131lacaks\u0131n! G\u00f6r\u00fcnen ucu, apartmanlardan bile y\u00fcksek olan buz da\u011flar\u0131n\u0131 g\u00f6rd\u00fc\u011f\u00fcnde\u2026 Ka\u00e7acaks\u0131n! A\u00e7 kutup ay\u0131lar\u0131 kutup kamp\u0131n\u0131n etraf\u0131n\u0131 sard\u0131\u011f\u0131nda\u2026 \u00c7\u0131\u011fl\u0131k atacaks\u0131n! K\u0131r\u0131lma tehlikesi olan buzul vadilerinin kenar\u0131nda sars\u0131ld\u0131\u011f\u0131nda\u2026 T\u00fcm bunlar heyecanlanman i\u00e7in yeterli de\u011fil mi? Kutuplarda \u0130necek Var\u2019da ayr\u0131ca, kutup k\u00e2\u015fiflerinin so\u011fuk \u0131s\u0131rmas\u0131 y\u00fcz\u00fcnden parmaklar\u0131n\u0131 kaybedi\u015flerini, Eskimo evi yap\u0131m\u0131n\u0131 ve buzlar alt\u0131nda kalm\u0131\u015f t\u00fcm zenginlikleri bulabilirsin. Hepsi cidden \u015fok edici!Co\u011frafya hi\u00e7 bu kadar e\u011flenceli olmam\u0131\u015ft\u0131!                                 \u201c\u0130lham verici!\u201d \u2013 Kraliyet Co\u011frafya Toplulu\u011fu<\/p>\n","protected":false},"excerpt":{"rendered":"<p>Co\u011frafya gereksiz detaylardan kurtuldu! Co\u011frafya senin i\u00e7in tam bir eziyet mi? Kar\u0131\u015f\u0131k haritalardan, ya\u015fl\u0131 kaya par\u00e7alar\u0131ndan ve yorucu s\u0131navlardan b\u0131k\u0131p usand\u0131n m\u0131? O zaman, t\u00fcm bu<span class=\"excerpt-hellip\"> [\u2026]<\/span><\/p>\n","protected":false},"featured_media":0,"template":"","meta":{"_monsterinsights_skip_tracking":false,"_monsterinsights_sitenote_active":false,"_monsterinsights_sitenote_note":"","_monsterinsights_sitenote_category":0},"product_brand":[],"product_cat":[13829,12274],"product_tag":[],"class_list":{"0":"post-752098","1":"product","2":"type-product","3":"status-publish","5":"product_cat-bilimsel-kitaplar","6":"product_cat-cocuk-ve-genclik-kitaplari","7":"pa_cilt-ciltsiz","8":"pa_tur-kitap","9":"pa_yayinevi-eglenceli-bilgi-yayinlari","10":"pa_yazar-anita-ganeri","12":"first","13":"instock","14":"sale","15":"shipping-taxable","16":"purchasable","17":"product-type-simple"},"_links":{"self":[{"href":"https:\/\/roveyayinevi.com.tr\/index.php\/wp-json\/wp\/v2\/product\/752098","targetHints":{"allow":["GET"]}}],"collection":[{"href":"https:\/\/roveyayinevi.com.tr\/index.php\/wp-json\/wp\/v2\/product"}],"about":[{"href":"https:\/\/roveyayinevi.com.tr\/index.php\/wp-json\/wp\/v2\/types\/product"}],"wp:attachment":[{"href":"https:\/\/roveyayinevi.com.tr\/index.php\/wp-json\/wp\/v2\/media?parent=752098"}],"wp:term":[{"taxonomy":"product_brand","embeddable":true,"href":"https:\/\/roveyayinevi.com.tr\/index.php\/wp-json\/wp\/v2\/product_brand?post=752098"},{"taxonomy":"product_cat","embeddable":true,"href":"https:\/\/roveyayinevi.com.tr\/index.php\/wp-json\/wp\/v2\/product_cat?post=752098"},{"taxonomy":"product_tag","embeddable":true,"href":"https:\/\/roveyayinevi.com.tr\/index.php\/wp-json\/wp\/v2\/product_tag?post=752098"}],"curies":[{"name":"wp","href":"https:\/\/api.w.org\/{rel}","templated":true}]}}