{"id":752097,"date":"2025-08-28T05:06:37","date_gmt":"2025-08-28T02:06:37","guid":{"rendered":"https:\/\/roveyayinevi.com.tr\/index.php\/urun\/agzi-acik-kalan-kedi-bi-dolu-hikaye-2\/"},"modified":"2026-04-16T03:05:32","modified_gmt":"2026-04-16T00:05:32","slug":"agzi-acik-kalan-kedi-bi-dolu-hikaye-2","status":"publish","type":"product","link":"https:\/\/roveyayinevi.com.tr\/index.php\/urun\/agzi-acik-kalan-kedi-bi-dolu-hikaye-2\/","title":{"rendered":"A\u011fz\u0131 A\u00e7\u0131k Kalan Kedi &#8211; Bi Dolu Hikaye 2"},"content":{"rendered":"<p>Karl\u0131 bir k\u0131\u015f g\u00fcn\u00fc yavru kedi sokakta \u00fc\u015f\u00fcm\u00fc\u015ft\u00fcr. Kendine s\u0131cak bir yuva bulmak i\u00e7in pencerelere z\u0131plar ve miyavlar. Derken bir evin penceresi a\u00e7\u0131l\u0131r. Evin k\u00fc\u00e7\u00fck k\u0131z\u0131 Jale kediyi i\u00e7eri al\u0131r. Onu \u00e7ok sever ve ad\u0131n\u0131 Tar\u00e7\u0131n koyar. Art\u0131k ikisi de mutludur. Bir g\u00fcn Tar\u00e7\u0131n camdan d\u0131\u015far\u0131y\u0131 seyrederken a\u015fa\u011f\u0131ya bir sokak kedisi gelir. \u0130kisi kedice konu\u015fmaya ba\u015flarlar. Acaba bu tan\u0131\u015fma onlar\u0131 nas\u0131l bir maceraya s\u00fcr\u00fckleyecek? <\/p>\n","protected":false},"excerpt":{"rendered":"<p>Karl\u0131 bir k\u0131\u015f g\u00fcn\u00fc yavru kedi sokakta \u00fc\u015f\u00fcm\u00fc\u015ft\u00fcr. Kendine s\u0131cak bir yuva bulmak i\u00e7in pencerelere z\u0131plar ve miyavlar. Derken bir evin penceresi a\u00e7\u0131l\u0131r. Evin k\u00fc\u00e7\u00fck k\u0131z\u0131<span class=\"excerpt-hellip\"> [\u2026]<\/span><\/p>\n","protected":false},"featured_media":0,"template":"","meta":{"_monsterinsights_skip_tracking":false,"_monsterinsights_sitenote_active":false,"_monsterinsights_sitenote_note":"","_monsterinsights_sitenote_category":0},"product_brand":[],"product_cat":[12274,12284],"product_tag":[],"class_list":{"0":"post-752097","1":"product","2":"type-product","3":"status-publish","5":"product_cat-cocuk-ve-genclik-kitaplari","6":"product_cat-hikayeler","7":"pa_cilt-ciltsiz","8":"pa_tur-kitap","9":"pa_yayinevi-timas-cocuk","10":"pa_yazar-nehir-aydin-gokduman","12":"first","13":"instock","14":"sale","15":"shipping-taxable","16":"purchasable","17":"product-type-simple"},"_links":{"self":[{"href":"https:\/\/roveyayinevi.com.tr\/index.php\/wp-json\/wp\/v2\/product\/752097","targetHints":{"allow":["GET"]}}],"collection":[{"href":"https:\/\/roveyayinevi.com.tr\/index.php\/wp-json\/wp\/v2\/product"}],"about":[{"href":"https:\/\/roveyayinevi.com.tr\/index.php\/wp-json\/wp\/v2\/types\/product"}],"wp:attachment":[{"href":"https:\/\/roveyayinevi.com.tr\/index.php\/wp-json\/wp\/v2\/media?parent=752097"}],"wp:term":[{"taxonomy":"product_brand","embeddable":true,"href":"https:\/\/roveyayinevi.com.tr\/index.php\/wp-json\/wp\/v2\/product_brand?post=752097"},{"taxonomy":"product_cat","embeddable":true,"href":"https:\/\/roveyayinevi.com.tr\/index.php\/wp-json\/wp\/v2\/product_cat?post=752097"},{"taxonomy":"product_tag","embeddable":true,"href":"https:\/\/roveyayinevi.com.tr\/index.php\/wp-json\/wp\/v2\/product_tag?post=752097"}],"curies":[{"name":"wp","href":"https:\/\/api.w.org\/{rel}","templated":true}]}}