{"id":752096,"date":"2025-08-28T05:06:35","date_gmt":"2025-08-28T02:06:35","guid":{"rendered":"https:\/\/roveyayinevi.com.tr\/index.php\/urun\/magarada-tek-basina\/"},"modified":"2026-04-16T03:05:32","modified_gmt":"2026-04-16T00:05:32","slug":"magarada-tek-basina","status":"publish","type":"product","link":"https:\/\/roveyayinevi.com.tr\/index.php\/urun\/magarada-tek-basina\/","title":{"rendered":"Ma\u011farada Tek Ba\u015f\u0131na"},"content":{"rendered":"<p>\u201cG\u00f6l m\u00fc, havuz mu, kuyu mu? Nereye d\u00fc\u015fm\u00fc\u015ft\u00fcm ben!\u201dOkulda \u201cKibrit \u00c7\u00f6p\u00fc\u201d olarak an\u0131lan Yusuf, arkada\u015flar\u0131yla beraber bir okul gezisine gider.Heyecanla gitti\u011fi okul gezisinde akran zorbal\u0131\u011f\u0131 y\u00fcz\u00fcnden umulmad\u0131k bir olay ya\u015far.Sarma\u015f\u0131klarla dolu bir ma\u011fara\u2026Buz gibi bir su\u2026Uzaktan gelen u\u011fultular\u2026T\u00fcm bunlar yetmezmi\u015f gibi, bu karma\u015faya sebep olanlar ve Yusuf ayn\u0131 kamyona saklan\u0131r.Eyvah! Kamyon hareket ediyor. Acaba Yusuf ve arkada\u015flar\u0131 uyand\u0131klar\u0131nda kendilerini nerede bulacaklar?Yusuf ve arkada\u015flar\u0131n\u0131n nefes kesen maceras\u0131na kat\u0131lmaya haz\u0131r m\u0131s\u0131n?<\/p>\n","protected":false},"excerpt":{"rendered":"<p>\u201cG\u00f6l m\u00fc, havuz mu, kuyu mu? Nereye d\u00fc\u015fm\u00fc\u015ft\u00fcm ben!\u201dOkulda \u201cKibrit \u00c7\u00f6p\u00fc\u201d olarak an\u0131lan Yusuf, arkada\u015flar\u0131yla beraber bir okul gezisine gider.Heyecanla gitti\u011fi okul gezisinde akran zorbal\u0131\u011f\u0131 y\u00fcz\u00fcnden<span class=\"excerpt-hellip\"> [\u2026]<\/span><\/p>\n","protected":false},"featured_media":0,"template":"","meta":{"_monsterinsights_skip_tracking":false,"_monsterinsights_sitenote_active":false,"_monsterinsights_sitenote_note":"","_monsterinsights_sitenote_category":0},"product_brand":[],"product_cat":[12291,12711],"product_tag":[],"class_list":{"0":"post-752096","1":"product","2":"type-product","3":"status-publish","5":"product_cat-edebiyat","6":"product_cat-roman-oyku","7":"pa_cilt-ciltsiz","8":"pa_tur-kitap","9":"pa_yayinevi-genc-timas","10":"pa_yazar-nehir-aydin-gokduman","12":"first","13":"instock","14":"sale","15":"shipping-taxable","16":"purchasable","17":"product-type-simple"},"_links":{"self":[{"href":"https:\/\/roveyayinevi.com.tr\/index.php\/wp-json\/wp\/v2\/product\/752096","targetHints":{"allow":["GET"]}}],"collection":[{"href":"https:\/\/roveyayinevi.com.tr\/index.php\/wp-json\/wp\/v2\/product"}],"about":[{"href":"https:\/\/roveyayinevi.com.tr\/index.php\/wp-json\/wp\/v2\/types\/product"}],"wp:attachment":[{"href":"https:\/\/roveyayinevi.com.tr\/index.php\/wp-json\/wp\/v2\/media?parent=752096"}],"wp:term":[{"taxonomy":"product_brand","embeddable":true,"href":"https:\/\/roveyayinevi.com.tr\/index.php\/wp-json\/wp\/v2\/product_brand?post=752096"},{"taxonomy":"product_cat","embeddable":true,"href":"https:\/\/roveyayinevi.com.tr\/index.php\/wp-json\/wp\/v2\/product_cat?post=752096"},{"taxonomy":"product_tag","embeddable":true,"href":"https:\/\/roveyayinevi.com.tr\/index.php\/wp-json\/wp\/v2\/product_tag?post=752096"}],"curies":[{"name":"wp","href":"https:\/\/api.w.org\/{rel}","templated":true}]}}