{"id":752094,"date":"2025-08-28T05:06:32","date_gmt":"2025-08-28T02:06:32","guid":{"rendered":"https:\/\/roveyayinevi.com.tr\/index.php\/urun\/kalpsizler\/"},"modified":"2026-04-16T03:05:32","modified_gmt":"2026-04-16T00:05:32","slug":"kalpsizler","status":"publish","type":"product","link":"https:\/\/roveyayinevi.com.tr\/index.php\/urun\/kalpsizler\/","title":{"rendered":"Kalpsizler"},"content":{"rendered":"<p>Olumsuz duygular\u0131 hissetmemek i\u00e7in t\u00fcm insanl\u0131\u011f\u0131n kalplerini ald\u0131rd\u0131\u011f\u0131 bir d\u00fcnyada kalbi olan tek ki\u015fi siz olsayd\u0131n\u0131z ne yapard\u0131n\u0131z? Di\u011fer insanlara uyum sa\u011flamak i\u00e7in kalbinizi ald\u0131rmaya boyun e\u011fer miydiniz yoksa kalbinizi her ne pahas\u0131na olursa olsun korur muydunuz? K\u0131sa bir s\u00fcre \u00f6nce Bilgin, kalbinizi ald\u0131rd\u0131\u011f\u0131n\u0131zda t\u00fcm \u00fcz\u00fcnt\u00fc, endi\u015fe ve \u00f6fkenin yok oldu\u011funu ke\u015ffetti. Bu i\u015flem iyi duygular\u0131 da bast\u0131rmas\u0131na ra\u011fmen \u00e7ok ge\u00e7meden hastanenin kap\u0131s\u0131nda kuyruklar olu\u015fmaya ba\u015flad\u0131. June ise ailesi ve arkada\u015flar\u0131 aras\u0131nda, hatta okulda kalbini ald\u0131rmam\u0131\u015f tek ki\u015fi. \u00dczerindeki bask\u0131 g\u00fcnde g\u00fcne June, bir g\u00fcn sokakta terk edilmi\u015f bir kavanozun i\u00e7inde bir kalp bulur ve bu kalple ablas\u0131n\u0131 normale d\u00f6nd\u00fcrmeyi umar. Kalbini ald\u0131rmas\u0131na ra\u011fmen yeniden hissetmeye ba\u015flayan Max ile tan\u0131\u015ft\u0131\u011f\u0131nda, June sand\u0131\u011f\u0131ndan daha b\u00fcy\u00fck bir sorun oldu\u011funu anlar ve t\u00fcm insanl\u0131\u011f\u0131 kurtarmak i\u00e7in maceraya at\u0131l\u0131r.<\/p>\n","protected":false},"excerpt":{"rendered":"<p>Olumsuz duygular\u0131 hissetmemek i\u00e7in t\u00fcm insanl\u0131\u011f\u0131n kalplerini ald\u0131rd\u0131\u011f\u0131 bir d\u00fcnyada kalbi olan tek ki\u015fi siz olsayd\u0131n\u0131z ne yapard\u0131n\u0131z? Di\u011fer insanlara uyum sa\u011flamak i\u00e7in kalbinizi ald\u0131rmaya boyun<span class=\"excerpt-hellip\"> [\u2026]<\/span><\/p>\n","protected":false},"featured_media":0,"template":"","meta":{"_monsterinsights_skip_tracking":false,"_monsterinsights_sitenote_active":false,"_monsterinsights_sitenote_note":"","_monsterinsights_sitenote_category":0},"product_brand":[],"product_cat":[12416,12291],"product_tag":[],"class_list":{"0":"post-752094","1":"product","2":"type-product","3":"status-publish","5":"product_cat-cizgi-roman","6":"product_cat-edebiyat","7":"pa_cilt-ciltsiz","8":"pa_tur-kitap","9":"pa_yayinevi-genc-timas","10":"pa_yazar-kerilynn-wilson","12":"first","13":"instock","14":"sale","15":"shipping-taxable","16":"purchasable","17":"product-type-simple"},"_links":{"self":[{"href":"https:\/\/roveyayinevi.com.tr\/index.php\/wp-json\/wp\/v2\/product\/752094","targetHints":{"allow":["GET"]}}],"collection":[{"href":"https:\/\/roveyayinevi.com.tr\/index.php\/wp-json\/wp\/v2\/product"}],"about":[{"href":"https:\/\/roveyayinevi.com.tr\/index.php\/wp-json\/wp\/v2\/types\/product"}],"wp:attachment":[{"href":"https:\/\/roveyayinevi.com.tr\/index.php\/wp-json\/wp\/v2\/media?parent=752094"}],"wp:term":[{"taxonomy":"product_brand","embeddable":true,"href":"https:\/\/roveyayinevi.com.tr\/index.php\/wp-json\/wp\/v2\/product_brand?post=752094"},{"taxonomy":"product_cat","embeddable":true,"href":"https:\/\/roveyayinevi.com.tr\/index.php\/wp-json\/wp\/v2\/product_cat?post=752094"},{"taxonomy":"product_tag","embeddable":true,"href":"https:\/\/roveyayinevi.com.tr\/index.php\/wp-json\/wp\/v2\/product_tag?post=752094"}],"curies":[{"name":"wp","href":"https:\/\/api.w.org\/{rel}","templated":true}]}}