{"id":752088,"date":"2025-08-28T05:06:24","date_gmt":"2025-08-28T02:06:24","guid":{"rendered":"https:\/\/roveyayinevi.com.tr\/index.php\/urun\/lezzetlerin-istanbulu\/"},"modified":"2026-04-16T03:05:32","modified_gmt":"2026-04-16T00:05:32","slug":"lezzetlerin-istanbulu","status":"publish","type":"product","link":"https:\/\/roveyayinevi.com.tr\/index.php\/urun\/lezzetlerin-istanbulu\/","title":{"rendered":"Lezzetlerin \u0130stanbul\u2019u"},"content":{"rendered":"<p>Antik Yunan ve Bizans&#8217;tan Osmanl\u0131 saray mutfa\u011f\u0131na yans\u0131yan rafine damak tad\u0131, g\u00fcn\u00fcm\u00fcz T\u00fcrk mutfa\u011f\u0131na zengin bir miras b\u0131rakt\u0131. Bu lezzet harman\u0131 bug\u00fcn unutulmaz tariflerle nesilden nesle aktar\u0131lan mek\u00e2nlarda hayat bulmaya devam ediyor. Tarih\u00ee lezzetlerin izini s\u00fcren nehir s\u00f6yle\u015fi tarz\u0131ndaki bu kitapta, farkl\u0131 memleketlerden gelen ve h\u00e2len kaybolmayan bu tatlar\u0131n hik\u00e2yeleri anlat\u0131l\u0131yor. Ge\u00e7mi\u015fte sokak lezzetleriyle \u00f6ne \u00e7\u0131kan bu g\u00f6\u00e7 yolunda 100 y\u0131l\u0131n\u0131 geride b\u0131rakan ailelerin son ku\u015faklar\u0131 olan lezzet ustalar\u0131yla yap\u0131lan r\u00f6portajlar, okuru zamanda bir yolculu\u011fa \u00e7\u0131kar\u0131rken gelene\u011fe sahip \u00e7\u0131kan g\u00fc\u00e7l\u00fc aileler ve gelece\u011fe dair vizyonlar\u0131 ile ilham kayna\u011f\u0131 oluyor. Sembolle\u015fen lezzetleriyle kent haf\u0131zas\u0131nda yer edinen Baylan, Hac\u0131bekir, Cafer Erol, Beyaz F\u0131r\u0131n, Karaf\u0131r\u0131n, Cemilzade, Koska, G\u00fcll\u00fco\u011flu, Vefa, Pando\u2019nun Yeri, Kanl\u0131ca Yo\u011furdu ve Sultanahmet K\u00f6ftecisi vazge\u00e7ilmez adresler olarak bu kitapta yer buluyor. \u0130stanbul\u2019a damgas\u0131n\u0131 vuran bu as\u0131rl\u0131k mek\u00e2nlar\u0131n hikayelerinden yans\u0131yan sat\u0131rlar, keyifli sofralara ta\u015f\u0131nabilecek muhabbetlerin konusu olmay\u0131 bekliyor. \u00c7\u00fcnk\u00fc bug\u00fcn sofralar\u0131m\u0131zda en \u00e7ok ho\u015f sohbetler aran\u0131yor. <\/p>\n","protected":false},"excerpt":{"rendered":"<p>Antik Yunan ve Bizans&#8217;tan Osmanl\u0131 saray mutfa\u011f\u0131na yans\u0131yan rafine damak tad\u0131, g\u00fcn\u00fcm\u00fcz T\u00fcrk mutfa\u011f\u0131na zengin bir miras b\u0131rakt\u0131. Bu lezzet harman\u0131 bug\u00fcn unutulmaz tariflerle nesilden nesle<span class=\"excerpt-hellip\"> [\u2026]<\/span><\/p>\n","protected":false},"featured_media":0,"template":"","meta":{"_monsterinsights_skip_tracking":false,"_monsterinsights_sitenote_active":false,"_monsterinsights_sitenote_note":"","_monsterinsights_sitenote_category":0},"product_brand":[],"product_cat":[12291,30969],"product_tag":[],"class_list":{"0":"post-752088","1":"product","2":"type-product","3":"status-publish","5":"product_cat-edebiyat","6":"product_cat-soylesi-edebiyat","7":"pa_cilt-ciltsiz","8":"pa_tur-kitap","9":"pa_yayinevi-pozitif-yayinlari","10":"pa_yazar-nese-mesutoglu","12":"first","13":"instock","14":"sale","15":"shipping-taxable","16":"purchasable","17":"product-type-simple"},"_links":{"self":[{"href":"https:\/\/roveyayinevi.com.tr\/index.php\/wp-json\/wp\/v2\/product\/752088","targetHints":{"allow":["GET"]}}],"collection":[{"href":"https:\/\/roveyayinevi.com.tr\/index.php\/wp-json\/wp\/v2\/product"}],"about":[{"href":"https:\/\/roveyayinevi.com.tr\/index.php\/wp-json\/wp\/v2\/types\/product"}],"wp:attachment":[{"href":"https:\/\/roveyayinevi.com.tr\/index.php\/wp-json\/wp\/v2\/media?parent=752088"}],"wp:term":[{"taxonomy":"product_brand","embeddable":true,"href":"https:\/\/roveyayinevi.com.tr\/index.php\/wp-json\/wp\/v2\/product_brand?post=752088"},{"taxonomy":"product_cat","embeddable":true,"href":"https:\/\/roveyayinevi.com.tr\/index.php\/wp-json\/wp\/v2\/product_cat?post=752088"},{"taxonomy":"product_tag","embeddable":true,"href":"https:\/\/roveyayinevi.com.tr\/index.php\/wp-json\/wp\/v2\/product_tag?post=752088"}],"curies":[{"name":"wp","href":"https:\/\/api.w.org\/{rel}","templated":true}]}}