{"id":752085,"date":"2025-08-28T05:06:21","date_gmt":"2025-08-28T02:06:21","guid":{"rendered":"https:\/\/roveyayinevi.com.tr\/index.php\/urun\/cocukluk-defterleri\/"},"modified":"2026-04-16T03:05:32","modified_gmt":"2026-04-16T00:05:32","slug":"cocukluk-defterleri","status":"publish","type":"product","link":"https:\/\/roveyayinevi.com.tr\/index.php\/urun\/cocukluk-defterleri\/","title":{"rendered":"\u00c7ocukluk Defterleri"},"content":{"rendered":"<p>Bazen ge\u00e7mi\u015fi \u00f6zlerim; minik minik, basit \u015feyleri, en naif olaylar\u0131 hat\u0131rlatan bir nostalji duygusu sarar beni. Cumartesi ak\u015famlar\u0131n\u0131 b\u00fcy\u00fck bir \u00f6zlemle hat\u0131rlar\u0131m; i\u015fte o zaman hissetti\u011fim safl\u0131k ve sevgi duygusu, daha g\u00fczel bir \u00e7ocukluk ge\u00e7iremeyece\u011fimden emin olmam\u0131 sa\u011flar.    Norah Lange\u2019nin Arjantin k\u0131rsal\u0131 ve Buenos Aires\u2019te ailesiyle ge\u00e7irdi\u011fi \u00e7ocukluk ve ilkgen\u00e7li\u011finden k\u00e2h dokunakl\u0131 k\u00e2h \u00f6zlem dolu kesitler i\u00e7eren \u00c7ocukluk Defterleri yazar\u0131n ki\u015fili\u011fini bi\u00e7imlendiren bir ge\u00e7mi\u015fi yans\u0131tt\u0131\u011f\u0131 gibi 20. y\u00fczy\u0131l ba\u015f\u0131 Arjantin toplumundaki ya\u015fama ve cinsiyet rollerine dair de incelikli g\u00f6zlemler sunar.   \u00c7ocuklara \u00f6zg\u00fc bir masumiyet ve yarat\u0131c\u0131l\u0131\u011f\u0131 belle\u011fin g\u00fcc\u00fcyle bulu\u015fturan \u00c7ocukluk Defterleri her devirden okurun \u00f6zde\u015flik kurabilece\u011fi bir anlat\u0131.   \u201cLange, do\u011fu\u015ftan s\u00fcrralist&#8230;\u201d Irish Times <\/p>\n","protected":false},"excerpt":{"rendered":"<p>Bazen ge\u00e7mi\u015fi \u00f6zlerim; minik minik, basit \u015feyleri, en naif olaylar\u0131 hat\u0131rlatan bir nostalji duygusu sarar beni. Cumartesi ak\u015famlar\u0131n\u0131 b\u00fcy\u00fck bir \u00f6zlemle hat\u0131rlar\u0131m; i\u015fte o zaman hissetti\u011fim<span class=\"excerpt-hellip\"> [\u2026]<\/span><\/p>\n","protected":false},"featured_media":0,"template":"","meta":{"_monsterinsights_skip_tracking":false,"_monsterinsights_sitenote_active":false,"_monsterinsights_sitenote_note":"","_monsterinsights_sitenote_category":0},"product_brand":[],"product_cat":[13701,12291],"product_tag":[],"class_list":{"0":"post-752085","1":"product","2":"type-product","3":"status-publish","5":"product_cat-ani-mektup-gunluk","6":"product_cat-edebiyat","7":"pa_cilt-ciltsiz","8":"pa_tur-kitap","9":"pa_yayinevi-can-yayinlari","10":"pa_yazar-norah-lange","12":"first","13":"instock","14":"sale","15":"shipping-taxable","16":"purchasable","17":"product-type-simple"},"_links":{"self":[{"href":"https:\/\/roveyayinevi.com.tr\/index.php\/wp-json\/wp\/v2\/product\/752085","targetHints":{"allow":["GET"]}}],"collection":[{"href":"https:\/\/roveyayinevi.com.tr\/index.php\/wp-json\/wp\/v2\/product"}],"about":[{"href":"https:\/\/roveyayinevi.com.tr\/index.php\/wp-json\/wp\/v2\/types\/product"}],"wp:attachment":[{"href":"https:\/\/roveyayinevi.com.tr\/index.php\/wp-json\/wp\/v2\/media?parent=752085"}],"wp:term":[{"taxonomy":"product_brand","embeddable":true,"href":"https:\/\/roveyayinevi.com.tr\/index.php\/wp-json\/wp\/v2\/product_brand?post=752085"},{"taxonomy":"product_cat","embeddable":true,"href":"https:\/\/roveyayinevi.com.tr\/index.php\/wp-json\/wp\/v2\/product_cat?post=752085"},{"taxonomy":"product_tag","embeddable":true,"href":"https:\/\/roveyayinevi.com.tr\/index.php\/wp-json\/wp\/v2\/product_tag?post=752085"}],"curies":[{"name":"wp","href":"https:\/\/api.w.org\/{rel}","templated":true}]}}