{"id":752083,"date":"2025-08-28T05:06:18","date_gmt":"2025-08-28T02:06:18","guid":{"rendered":"https:\/\/roveyayinevi.com.tr\/index.php\/urun\/kitap-lik-228-temmuz-agustos-2023\/"},"modified":"2026-04-16T03:05:32","modified_gmt":"2026-04-16T00:05:32","slug":"kitap-lik-228-temmuz-agustos-2023","status":"publish","type":"product","link":"https:\/\/roveyayinevi.com.tr\/index.php\/urun\/kitap-lik-228-temmuz-agustos-2023\/","title":{"rendered":"Kitap-l\u0131k 228 \/ Temmuz \u2013 A\u011fustos 2023"},"content":{"rendered":"<p>Oktay Akbal 100 Ya\u015f\u0131nda   228. say\u0131n\u0131n ana ba\u015fl\u0131\u011f\u0131: Oktay Akbal 100 Ya\u015f\u0131nda. M. Sad\u0131k Aslankara, Oktay Akbal\u2019\u0131n edebiyat\u0131m\u0131zdaki yerini \u201cYaz\u0131n\u0131m\u0131zda Bir Gizli K\u0131lavuz\u201d ba\u015fl\u0131\u011f\u0131yla ele ald\u0131. Macar T\u00fcrkolog Beatrix Caner\u2019in Tanp\u0131nar\u2019\u0131n Ba\u015fyap\u0131t\u0131 ad\u0131yla T\u00fcrk\u00e7eye \u00e7evrilen kitab\u0131 bu say\u0131da iki yaz\u0131ya birden konu oldu. Abdullah U\u00e7man Huzur incelemesinin eksiklerini ve hatalar\u0131n\u0131 ortaya koyarken Erendiz Atas\u00fc s\u00f6z konusu kitab\u0131 de\u011ferlendirip tan\u0131t\u0131yor.   Murat G\u00fclsoy\u2019la yeni roman\u0131 Ressam Vas\u0131f\u2019\u0131n Gizli A\u015fklar Tarihi, B. Nihan Eren\u2019le yeni \u00f6yk\u00fc kitab\u0131 Nefeshane, Zeynep Berkta\u015f ile \u015eair Nig\u00e2r Han\u0131m\u2019\u0131n g\u00fcnl\u00fckleri \u00fczerine s\u00f6yle\u015filerin yan\u0131 s\u0131ra Cumhuriyet d\u00f6neminin ilk ku\u015fak kad\u0131n akademisyenlerinden Alman Dili ve Edebiyat\u0131 uzman\u0131 Prof. Dr. Mel\u00e2hat \u00d6zg\u00fc\u2019n\u00fcn terekesinde Mehmet Can Do\u011fan taraf\u0131ndan bulunan Weimar g\u00fcnl\u00fc\u011f\u00fc bu say\u0131n\u0131n dikkati \u00e7eken sayfalar\u0131.   S\u00fcreyya Berfe, Mehmet M\u00fcmtaz Tuzcu, \u0130zzet G\u00f6ldeli, Zafer \u015eenocak, Elif Sofya, Levent Karata\u015f, Mehmet Erte, An\u0131l Cihan ve Fatma Zehra \u00c7i\u00e7ek\u00e7i \u015fiirleri; \u0130lhan Durusel, Nil\u00fcfer Altunkaya, Semrin \u015eahin, \u00d6znur Unat, Alper Be\u015fe, Engin \u00d6zkol, Mesut Bar\u0131\u015f \u00d6v\u00fcn ve Atakan Boran \u00f6yk\u00fcleri; Mehmet Erg\u00fcven, H\u00fcseyin Ferhad, G\u00fcltekin Emre, \u00dczeyir Karahasano\u011flu, Sabri G\u00fcrses, Hasan \u00d6zt\u00fcrk ve Or\u00e7un \u00dc\u00e7er yaz\u0131lar\u0131yla kitap-l\u0131k dergisinin 228. say\u0131s\u0131nda. <\/p>\n","protected":false},"excerpt":{"rendered":"<p>Oktay Akbal 100 Ya\u015f\u0131nda 228. say\u0131n\u0131n ana ba\u015fl\u0131\u011f\u0131: Oktay Akbal 100 Ya\u015f\u0131nda. M. Sad\u0131k Aslankara, Oktay Akbal\u2019\u0131n edebiyat\u0131m\u0131zdaki yerini \u201cYaz\u0131n\u0131m\u0131zda Bir Gizli K\u0131lavuz\u201d ba\u015fl\u0131\u011f\u0131yla ele ald\u0131.<span class=\"excerpt-hellip\"> [\u2026]<\/span><\/p>\n","protected":false},"featured_media":0,"template":"","meta":{"_monsterinsights_skip_tracking":false,"_monsterinsights_sitenote_active":false,"_monsterinsights_sitenote_note":"","_monsterinsights_sitenote_category":0},"product_brand":[],"product_cat":[13527],"product_tag":[],"class_list":{"0":"post-752083","1":"product","2":"type-product","3":"status-publish","5":"product_cat-sureli-yayinlar","6":"pa_cilt-ciltsiz","7":"pa_tur-dergi","8":"pa_yayinevi-yapi-kredi-yayinlari-dergi","9":"pa_yazar-kolektif","11":"first","12":"instock","13":"sale","14":"shipping-taxable","15":"purchasable","16":"product-type-simple"},"_links":{"self":[{"href":"https:\/\/roveyayinevi.com.tr\/index.php\/wp-json\/wp\/v2\/product\/752083","targetHints":{"allow":["GET"]}}],"collection":[{"href":"https:\/\/roveyayinevi.com.tr\/index.php\/wp-json\/wp\/v2\/product"}],"about":[{"href":"https:\/\/roveyayinevi.com.tr\/index.php\/wp-json\/wp\/v2\/types\/product"}],"wp:attachment":[{"href":"https:\/\/roveyayinevi.com.tr\/index.php\/wp-json\/wp\/v2\/media?parent=752083"}],"wp:term":[{"taxonomy":"product_brand","embeddable":true,"href":"https:\/\/roveyayinevi.com.tr\/index.php\/wp-json\/wp\/v2\/product_brand?post=752083"},{"taxonomy":"product_cat","embeddable":true,"href":"https:\/\/roveyayinevi.com.tr\/index.php\/wp-json\/wp\/v2\/product_cat?post=752083"},{"taxonomy":"product_tag","embeddable":true,"href":"https:\/\/roveyayinevi.com.tr\/index.php\/wp-json\/wp\/v2\/product_tag?post=752083"}],"curies":[{"name":"wp","href":"https:\/\/api.w.org\/{rel}","templated":true}]}}