{"id":752081,"date":"2025-08-28T05:06:16","date_gmt":"2025-08-28T02:06:16","guid":{"rendered":"https:\/\/roveyayinevi.com.tr\/index.php\/urun\/100-yilinda-cumhuriyetin-populer-kultur-haritasi-3-1980-2023-yollar-bize-memleket\/"},"modified":"2026-04-16T03:05:32","modified_gmt":"2026-04-16T00:05:32","slug":"100-yilinda-cumhuriyetin-populer-kultur-haritasi-3-1980-2023-yollar-bize-memleket","status":"publish","type":"product","link":"https:\/\/roveyayinevi.com.tr\/index.php\/urun\/100-yilinda-cumhuriyetin-populer-kultur-haritasi-3-1980-2023-yollar-bize-memleket\/","title":{"rendered":"100. Y\u0131l\u0131nda Cumhuriyet&#8217;in Pop\u00fcler K\u00fclt\u00fcr Haritas\u0131 3 (1980-2023) \u201cYollar Bize Memleket\u201d"},"content":{"rendered":"<p>\u201c100. Y\u0131l\u0131nda Cumhuriyet\u2019in Pop\u00fcler K\u00fclt\u00fcr Haritas\u0131\u201dn\u0131n son cildi 1980-2023 aras\u0131n\u0131n izlerini s\u00fcr\u00fcyor, 12 Eyl\u00fcl sonras\u0131 olu\u015fan toplumsal dinamikleri pop\u00fcler k\u00fclt\u00fcr\u00fcn abecesiyle i\u015fleyerek yak\u0131n ge\u00e7mi\u015fin haf\u0131zas\u0131n\u0131 tazeliyor. Derya Bengi ile Erdir Zat\u2019\u0131n birlikte kaleme ald\u0131\u011f\u0131 kitap, ad\u0131n\u0131 Yeni T\u00fcrk\u00fc\u2019n\u00fcn \u201cD\u00f6nmek\u201d \u015fark\u0131s\u0131ndan, Murathan Mungan\u2019\u0131n \u201cYollar bize memleket\u201d dizesinden \u00f6d\u00fcn\u00e7 al\u0131yor. Burada art\u0131k bamba\u015fka \u201cbir ba\u015fkad\u0131r benim memleketim\u201d \u015fark\u0131s\u0131 s\u00f6yleniyor. Yaln\u0131zca co\u011frafi yolculuklara, g\u00f6n\u00fcll\u00fc g\u00f6n\u00fcls\u00fcz s\u00fcrg\u00fcnl\u00fcklere, zorunlu g\u00f6\u00e7lere, yersiz yurtsuzluklara de\u011fil, yol mesafesiyle \u00f6l\u00e7\u00fclemeyecek bir ruh iklimine de i\u015faret ediliyor.   \u00d6zal\u2019l\u0131 y\u0131llar, koalisyonlar, lahmacun ve hamburger karde\u015fli\u011fi, medyada ansiklopedi sava\u015flar\u0131, \u201c\u015e\u0131k\u0131d\u0131m\u201ddan \u201cHalimiz Duman\u201da yeni m\u00fczi\u011fin portresi, nostaljinin T\u00fcrk\u00e7esi, \u00f6zel TV ve radyolar\u0131n fiyakas\u0131, yerli dizi uygarl\u0131\u011f\u0131, Ayasofya\u2019n\u0131n dizi filmlik maceras\u0131, Emek Sinemas\u0131, Gezi Park\u0131, deprem y\u0131k\u0131nt\u0131lar\u0131, Ankara\u2019n\u0131n Ba\u011flar\u0131, geyik muhabbetleri, \u00e7ekyatlar, \u00e7ikita muzlar, gulu gulu dans\u0131, bohem tak\u0131lmak, Vitrinde Ya\u015famak, Pop \u00c7a\u011f\u0131 Ate\u015fi, Uykudan \u00d6nce, d\u00fcn\u00fcn miras\u0131yla yar\u0131na kalan aras\u0131ndaki denge\u2026 <\/p>\n","protected":false},"excerpt":{"rendered":"<p>\u201c100. Y\u0131l\u0131nda Cumhuriyet\u2019in Pop\u00fcler K\u00fclt\u00fcr Haritas\u0131\u201dn\u0131n son cildi 1980-2023 aras\u0131n\u0131n izlerini s\u00fcr\u00fcyor, 12 Eyl\u00fcl sonras\u0131 olu\u015fan toplumsal dinamikleri pop\u00fcler k\u00fclt\u00fcr\u00fcn abecesiyle i\u015fleyerek yak\u0131n ge\u00e7mi\u015fin haf\u0131zas\u0131n\u0131 tazeliyor.<span class=\"excerpt-hellip\"> [\u2026]<\/span><\/p>\n","protected":false},"featured_media":0,"template":"","meta":{"_monsterinsights_skip_tracking":false,"_monsterinsights_sitenote_active":false,"_monsterinsights_sitenote_note":"","_monsterinsights_sitenote_category":0},"product_brand":[],"product_cat":[12370,12304],"product_tag":[],"class_list":{"0":"post-752081","1":"product","2":"type-product","3":"status-publish","5":"product_cat-arastirma-inceleme","6":"product_cat-tarih","7":"pa_cilt-ciltsiz","8":"pa_tur-kitap","9":"pa_yayinevi-yapi-kredi-yayinlari","10":"pa_yazar-derya-bengi-erdir-zat","12":"first","13":"instock","14":"sale","15":"shipping-taxable","16":"purchasable","17":"product-type-simple"},"_links":{"self":[{"href":"https:\/\/roveyayinevi.com.tr\/index.php\/wp-json\/wp\/v2\/product\/752081","targetHints":{"allow":["GET"]}}],"collection":[{"href":"https:\/\/roveyayinevi.com.tr\/index.php\/wp-json\/wp\/v2\/product"}],"about":[{"href":"https:\/\/roveyayinevi.com.tr\/index.php\/wp-json\/wp\/v2\/types\/product"}],"wp:attachment":[{"href":"https:\/\/roveyayinevi.com.tr\/index.php\/wp-json\/wp\/v2\/media?parent=752081"}],"wp:term":[{"taxonomy":"product_brand","embeddable":true,"href":"https:\/\/roveyayinevi.com.tr\/index.php\/wp-json\/wp\/v2\/product_brand?post=752081"},{"taxonomy":"product_cat","embeddable":true,"href":"https:\/\/roveyayinevi.com.tr\/index.php\/wp-json\/wp\/v2\/product_cat?post=752081"},{"taxonomy":"product_tag","embeddable":true,"href":"https:\/\/roveyayinevi.com.tr\/index.php\/wp-json\/wp\/v2\/product_tag?post=752081"}],"curies":[{"name":"wp","href":"https:\/\/api.w.org\/{rel}","templated":true}]}}