{"id":752080,"date":"2025-08-28T05:06:15","date_gmt":"2025-08-28T02:06:15","guid":{"rendered":"https:\/\/roveyayinevi.com.tr\/index.php\/urun\/100-yilinda-cumhuriyetin-populer-kultur-haritasi-2-1950-1980-belki-duyulur-sesim\/"},"modified":"2026-04-16T03:05:32","modified_gmt":"2026-04-16T00:05:32","slug":"100-yilinda-cumhuriyetin-populer-kultur-haritasi-2-1950-1980-belki-duyulur-sesim","status":"publish","type":"product","link":"https:\/\/roveyayinevi.com.tr\/index.php\/urun\/100-yilinda-cumhuriyetin-populer-kultur-haritasi-2-1950-1980-belki-duyulur-sesim\/","title":{"rendered":"100. Y\u0131l\u0131nda Cumhuriyet\u2019in Pop\u00fcler K\u00fclt\u00fcr Haritas\u0131 2 (1950-1980) \u201cBelki Duyulur Sesim\u201d"},"content":{"rendered":"<p>\u201c100. Y\u0131l\u0131nda Cumhuriyet\u2019in Pop\u00fcler K\u00fclt\u00fcr Haritas\u0131\u201dn\u0131n ikinci cildi 1950-1980 aras\u0131n\u0131n izlerini s\u00fcr\u00fcyor. Derya Bengi ile Erdir Zat\u2019\u0131n birlikte kaleme ald\u0131\u011f\u0131 kitap, T\u00fcrkiye\u2019de \u00e7ok partili demokrasi deneyiminin ilk 30 y\u0131l\u0131ndan, bir yapboz tarihinin k\u0131y\u0131lar\u0131ndan sesleniyor.   Kitab\u0131n ad\u0131 \u201cG\u00f6ky\u00fcz\u00fcnde yaln\u0131z gezen y\u0131ld\u0131zlar\u201d \u015fark\u0131s\u0131ndaki bir dizeden, \u201cBir hayk\u0131rsam belki duyulur sesim\u201dden geliyor. \u015eark\u0131da yery\u00fcz\u00fcnde y\u0131ld\u0131zlar kadar yaln\u0131z diye tasvir edilen bu insanlar kimlerdi? Ya\u015fad\u0131klar\u0131 \u00e7a\u011f onlar\u0131 nas\u0131l etkiledi, neye benzetti? \u201cBelki Duyulur Sesim\u201d Adnan Menderes\u2019li, S\u00fcleyman Demirel\u2019li ve B\u00fclent Ecevit\u2019li y\u0131llara, asker\u00ee m\u00fcdahalelere, Amerikan yard\u0131mlar\u0131na, \u201cYanki Go Home\u201d sloganlar\u0131na, h\u0131zla yay\u0131lan gecekondulara, azalan az\u0131nl\u0131klara, k\u0131l\u0131k k\u0131yafetlere, tiryakiliklere, meydanlara ve evlere gazete s\u00fctunlar\u0131n\u0131n, dergilerin, Meclis tutanaklar\u0131n\u0131n, mektuplar\u0131n, hat\u0131ratlar\u0131n, romanlar\u0131n, filmlerin ve \u015fark\u0131lar\u0131n penceresinden bak\u0131yor.   Siyasetin temel tart\u0131\u015fmalar\u0131n\u0131n ge\u00e7irdi\u011fi evrimi, g\u00fcndelik hayat\u0131n k\u00fc\u00e7\u00fck zevk ve al\u0131\u015fkanl\u0131klar\u0131ndaki de\u011fi\u015fimi, e\u011flence hayat\u0131nda, yeme i\u00e7me k\u00fclt\u00fcr\u00fcnde, tatil anlay\u0131\u015f\u0131nda, sporda nelerin ba\u015flay\u0131p nelerin bitti\u011fini, ge\u00e7mi\u015ften al\u0131nan mirasla bug\u00fcne b\u0131rak\u0131lanlar aras\u0131ndaki dengeyi ara\u015ft\u0131r\u0131yor. <\/p>\n","protected":false},"excerpt":{"rendered":"<p>\u201c100. Y\u0131l\u0131nda Cumhuriyet\u2019in Pop\u00fcler K\u00fclt\u00fcr Haritas\u0131\u201dn\u0131n ikinci cildi 1950-1980 aras\u0131n\u0131n izlerini s\u00fcr\u00fcyor. Derya Bengi ile Erdir Zat\u2019\u0131n birlikte kaleme ald\u0131\u011f\u0131 kitap, T\u00fcrkiye\u2019de \u00e7ok partili demokrasi deneyiminin<span class=\"excerpt-hellip\"> [\u2026]<\/span><\/p>\n","protected":false},"featured_media":0,"template":"","meta":{"_monsterinsights_skip_tracking":false,"_monsterinsights_sitenote_active":false,"_monsterinsights_sitenote_note":"","_monsterinsights_sitenote_category":0},"product_brand":[],"product_cat":[12370,12304],"product_tag":[],"class_list":{"0":"post-752080","1":"product","2":"type-product","3":"status-publish","5":"product_cat-arastirma-inceleme","6":"product_cat-tarih","7":"pa_cilt-ciltsiz","8":"pa_tur-kitap","9":"pa_yayinevi-yapi-kredi-yayinlari","10":"pa_yazar-derya-bengi-erdir-zat","12":"first","13":"instock","14":"sale","15":"shipping-taxable","16":"purchasable","17":"product-type-simple"},"_links":{"self":[{"href":"https:\/\/roveyayinevi.com.tr\/index.php\/wp-json\/wp\/v2\/product\/752080","targetHints":{"allow":["GET"]}}],"collection":[{"href":"https:\/\/roveyayinevi.com.tr\/index.php\/wp-json\/wp\/v2\/product"}],"about":[{"href":"https:\/\/roveyayinevi.com.tr\/index.php\/wp-json\/wp\/v2\/types\/product"}],"wp:attachment":[{"href":"https:\/\/roveyayinevi.com.tr\/index.php\/wp-json\/wp\/v2\/media?parent=752080"}],"wp:term":[{"taxonomy":"product_brand","embeddable":true,"href":"https:\/\/roveyayinevi.com.tr\/index.php\/wp-json\/wp\/v2\/product_brand?post=752080"},{"taxonomy":"product_cat","embeddable":true,"href":"https:\/\/roveyayinevi.com.tr\/index.php\/wp-json\/wp\/v2\/product_cat?post=752080"},{"taxonomy":"product_tag","embeddable":true,"href":"https:\/\/roveyayinevi.com.tr\/index.php\/wp-json\/wp\/v2\/product_tag?post=752080"}],"curies":[{"name":"wp","href":"https:\/\/api.w.org\/{rel}","templated":true}]}}