{"id":752079,"date":"2025-08-28T05:06:14","date_gmt":"2025-08-28T02:06:14","guid":{"rendered":"https:\/\/roveyayinevi.com.tr\/index.php\/urun\/psikanaliz-defterleri-10-cocuk-ve-ergen-calismalari-kardesler-ve-arkadaslar\/"},"modified":"2026-04-16T03:05:32","modified_gmt":"2026-04-16T00:05:32","slug":"psikanaliz-defterleri-10-cocuk-ve-ergen-calismalari-kardesler-ve-arkadaslar","status":"publish","type":"product","link":"https:\/\/roveyayinevi.com.tr\/index.php\/urun\/psikanaliz-defterleri-10-cocuk-ve-ergen-calismalari-kardesler-ve-arkadaslar\/","title":{"rendered":"Psikanaliz Defterleri 10 \u2013 \u00c7ocuk ve Ergen \u00c7al\u0131\u015fmalar\u0131 \/ Karde\u015fler ve Arkada\u015flar"},"content":{"rendered":"<p>Serge Lesourd Karde\u015fim, \u015eefkatli D\u00fc\u015fman\u0131m Margaret Rustin Karde\u015fleri D\u00fc\u015f\u00fcnmek Is\u00e9e Bernateau Ayr\u0131lmazlar Fran\u00e7ois Richard Arkaik Karde\u015flik Maurice Corcos, Daniel Hurvy Freud ve Karde\u015fleri: Yas ve Yazg\u0131 &#8211; Karde\u015f Rekabeti Nesli Keskin\u00f6z Bilen Mavi K\u0131rm\u0131z\u0131: \u201cU\u00e7urtma Avc\u0131s\u0131\u201dndan P\u0131nar Arslant\u00fcrk, Ece Naz Ermi\u015f Kendisi Olarak Karde\u015f ya da Karde\u015fli\u011fin Delili\u011fi G\u00fclfem Sezen Bal\u00e7\u0131kanl\u0131 \u00c7ocuk ve Ergende Spor Yoluyla Arkada\u015fl\u0131\u011f\u0131n Geli\u015ftirilmesi Yavuz Erten Kohut\u2019un \u0130kizlik Kendiliknesnesi \u00dczerine D\u00fc\u015f\u00fcnceler Talat Parman Karde\u015flik ve Arkada\u015fl\u0131k: Ruhsall\u0131\u011f\u0131n Geli\u015fiminde Yatay \u0130li\u015fkiler Nil\u00fcfer Erdem Masallarda Karde\u015fler Filiz Torun Narsisizm ve Arkada\u015fl\u0131k Alper \u015eahin Tekinsiz Bir \u0130li\u015fki: Karde\u015flik T\u00fcrk\u00fc \u015eahin Karde\u015f Travmas\u0131 Ba\u011flam\u0131nda Moda Deneyimi <\/p>\n","protected":false},"excerpt":{"rendered":"<p>Serge Lesourd Karde\u015fim, \u015eefkatli D\u00fc\u015fman\u0131m Margaret Rustin Karde\u015fleri D\u00fc\u015f\u00fcnmek Is\u00e9e Bernateau Ayr\u0131lmazlar Fran\u00e7ois Richard Arkaik Karde\u015flik Maurice Corcos, Daniel Hurvy Freud ve Karde\u015fleri: Yas ve Yazg\u0131<span class=\"excerpt-hellip\"> [\u2026]<\/span><\/p>\n","protected":false},"featured_media":0,"template":"","meta":{"_monsterinsights_skip_tracking":false,"_monsterinsights_sitenote_active":false,"_monsterinsights_sitenote_note":"","_monsterinsights_sitenote_category":0},"product_brand":[],"product_cat":[12357],"product_tag":[],"class_list":{"0":"post-752079","1":"product","2":"type-product","3":"status-publish","5":"product_cat-psikoloji","6":"pa_cilt-ciltsiz","7":"pa_tur-kitap","8":"pa_yayinevi-yapi-kredi-yayinlari","9":"pa_yazar-sezai-halifeoglu","11":"first","12":"instock","13":"sale","14":"shipping-taxable","15":"purchasable","16":"product-type-simple"},"_links":{"self":[{"href":"https:\/\/roveyayinevi.com.tr\/index.php\/wp-json\/wp\/v2\/product\/752079","targetHints":{"allow":["GET"]}}],"collection":[{"href":"https:\/\/roveyayinevi.com.tr\/index.php\/wp-json\/wp\/v2\/product"}],"about":[{"href":"https:\/\/roveyayinevi.com.tr\/index.php\/wp-json\/wp\/v2\/types\/product"}],"wp:attachment":[{"href":"https:\/\/roveyayinevi.com.tr\/index.php\/wp-json\/wp\/v2\/media?parent=752079"}],"wp:term":[{"taxonomy":"product_brand","embeddable":true,"href":"https:\/\/roveyayinevi.com.tr\/index.php\/wp-json\/wp\/v2\/product_brand?post=752079"},{"taxonomy":"product_cat","embeddable":true,"href":"https:\/\/roveyayinevi.com.tr\/index.php\/wp-json\/wp\/v2\/product_cat?post=752079"},{"taxonomy":"product_tag","embeddable":true,"href":"https:\/\/roveyayinevi.com.tr\/index.php\/wp-json\/wp\/v2\/product_tag?post=752079"}],"curies":[{"name":"wp","href":"https:\/\/api.w.org\/{rel}","templated":true}]}}