{"id":752076,"date":"2025-08-28T05:06:10","date_gmt":"2025-08-28T02:06:10","guid":{"rendered":"https:\/\/roveyayinevi.com.tr\/index.php\/urun\/anlamiyorsun-iste\/"},"modified":"2026-04-16T03:05:32","modified_gmt":"2026-04-16T00:05:32","slug":"anlamiyorsun-iste","status":"publish","type":"product","link":"https:\/\/roveyayinevi.com.tr\/index.php\/urun\/anlamiyorsun-iste\/","title":{"rendered":"Anlam\u0131yorsun \u0130\u015fte"},"content":{"rendered":"<p>\u201c21. Y\u00dcZYIL KIZININ HAYATTA KALMA K\u0130T\u0130. KIZINIZA VEREB\u0130LECE\u011e\u0130N\u0130Z EN \u0130Y\u0130 HED\u0130YE.\u201d \u2013CAITLIN MORAN   Ergenlik ve ard\u0131ndan gelen gen\u00e7lik \u00e7a\u011flar\u0131 fazlas\u0131yla de\u011fi\u015fken, karma\u015f\u0131kl\u0131\u011f\u0131yla dillere destan bir d\u00f6nem. G\u00fcn\u00fcm\u00fcz gen\u00e7 kad\u0131n\u0131 ge\u00e7mi\u015fe g\u00f6re \u00e7ok daha \u00f6zg\u00fcr ve \u00e7ok daha fazla se\u00e7ene\u011fi oldu\u011funun fark\u0131nda. Buna kar\u015f\u0131l\u0131k, g\u00f6\u011f\u00fcslemek zorunda oldu\u011fu zorluklar\u0131n ve kendisinden beklentilerin \u00e7\u0131tas\u0131 da bir o kadar y\u00fcksek. Peki bug\u00fcn\u00fcn gen\u00e7 k\u0131z\u0131 hayat\u0131n\u0131n bu d\u00f6nemiyle nas\u0131l ba\u015f ediyor? Onu endi\u015felendiren ne? Neleri de\u011fi\u015ftirmek ister, neyi duymak ona iyi gelir?   Anlam\u0131yorsun \u0130\u015fte, ergenlikle ba\u015flay\u0131p yirmili ya\u015flara uzanan s\u00fcreci gen\u00e7 k\u0131zlar\u0131n bak\u0131\u015f a\u00e7\u0131s\u0131ndan ele alan bir rehber. Do\u011frudan onlara sesleniyor, t\u0131pk\u0131 kalpten konu\u015fan bir arkada\u015f ya da asla yarg\u0131lamayan bir abla gibi. Dr. Tara Porter, otuz y\u0131ll\u0131k deneyiminden yararlanarak gen\u00e7 k\u0131zlara kendi psikolojileri hakk\u0131nda i\u00e7g\u00f6r\u00fc sunuyor; s\u0131navlardan arkada\u015fl\u0131\u011fa, aileden a\u015fka, anksiyeteden e\u011fitime, diyetten sosyal medyaya her konuda \u00f6nerilerde bulunuyor.   Gen\u00e7 k\u0131zlara kendilerini anlamak ve ifade etmek i\u00e7in bir yol, ebeveynlere ise \u00e7ocuklar\u0131n\u0131n g\u00f6z devirmelerinin, \u201cBeni hi\u00e7 anlam\u0131yorsun!\u201d yak\u0131nmalar\u0131n\u0131n ard\u0131ndakileri g\u00f6sterebilecek yetkin bir kaynak sunan Anlam\u0131yorsun \u0130\u015fte, d\u00fcnyan\u0131n t\u00fcm gen\u00e7 k\u0131zlar\u0131 ve aileleri i\u00e7in temel bir ba\u015fucu kitab\u0131.    \u201cGEN\u00c7 KIZLARIN Y\u00dcZLE\u015eT\u0130\u011e\u0130 ZORLUKLARA DA\u0130R B\u0130LG\u0130, SAM\u0130M\u0130YET VE M\u0130ZAH DOLU.\u201d \u2013JULIA SAMUEL   20 D\u0130LE \u00c7EVR\u0130LD\u0130 <\/p>\n","protected":false},"excerpt":{"rendered":"<p>\u201c21. Y\u00dcZYIL KIZININ HAYATTA KALMA K\u0130T\u0130. KIZINIZA VEREB\u0130LECE\u011e\u0130N\u0130Z EN \u0130Y\u0130 HED\u0130YE.\u201d \u2013CAITLIN MORAN Ergenlik ve ard\u0131ndan gelen gen\u00e7lik \u00e7a\u011flar\u0131 fazlas\u0131yla de\u011fi\u015fken, karma\u015f\u0131kl\u0131\u011f\u0131yla dillere destan bir d\u00f6nem.<span class=\"excerpt-hellip\"> [\u2026]<\/span><\/p>\n","protected":false},"featured_media":0,"template":"","meta":{"_monsterinsights_skip_tracking":false,"_monsterinsights_sitenote_active":false,"_monsterinsights_sitenote_note":"","_monsterinsights_sitenote_category":0},"product_brand":[],"product_cat":[12357],"product_tag":[],"class_list":{"0":"post-752076","1":"product","2":"type-product","3":"status-publish","5":"product_cat-psikoloji","6":"pa_cilt-ciltsiz","7":"pa_tur-kitap","8":"pa_yayinevi-domingo-yayinevi","9":"pa_yazar-tara-porter","11":"first","12":"instock","13":"sale","14":"shipping-taxable","15":"purchasable","16":"product-type-simple"},"_links":{"self":[{"href":"https:\/\/roveyayinevi.com.tr\/index.php\/wp-json\/wp\/v2\/product\/752076","targetHints":{"allow":["GET"]}}],"collection":[{"href":"https:\/\/roveyayinevi.com.tr\/index.php\/wp-json\/wp\/v2\/product"}],"about":[{"href":"https:\/\/roveyayinevi.com.tr\/index.php\/wp-json\/wp\/v2\/types\/product"}],"wp:attachment":[{"href":"https:\/\/roveyayinevi.com.tr\/index.php\/wp-json\/wp\/v2\/media?parent=752076"}],"wp:term":[{"taxonomy":"product_brand","embeddable":true,"href":"https:\/\/roveyayinevi.com.tr\/index.php\/wp-json\/wp\/v2\/product_brand?post=752076"},{"taxonomy":"product_cat","embeddable":true,"href":"https:\/\/roveyayinevi.com.tr\/index.php\/wp-json\/wp\/v2\/product_cat?post=752076"},{"taxonomy":"product_tag","embeddable":true,"href":"https:\/\/roveyayinevi.com.tr\/index.php\/wp-json\/wp\/v2\/product_tag?post=752076"}],"curies":[{"name":"wp","href":"https:\/\/api.w.org\/{rel}","templated":true}]}}