{"id":752075,"date":"2025-08-28T05:06:09","date_gmt":"2025-08-28T02:06:09","guid":{"rendered":"https:\/\/roveyayinevi.com.tr\/index.php\/urun\/doga\/"},"modified":"2026-04-16T03:05:32","modified_gmt":"2026-04-16T00:05:32","slug":"doga","status":"publish","type":"product","link":"https:\/\/roveyayinevi.com.tr\/index.php\/urun\/doga\/","title":{"rendered":"Do\u011fa"},"content":{"rendered":"<p>Ralph W. Emerson, 19. y\u00fczy\u0131l Amerikan edebiyat\u0131nda ya\u015fanan r\u00f6nesans\u0131 ba\u015flatan ki\u015fidir. Amerikan sanat ve d\u00fc\u015f\u00fcn d\u00fcnyas\u0131 i\u00e7in yeni milli bir kimlik yaratma \u00e7a\u011fr\u0131s\u0131 yapan Emerson \u201cThe American Scholar\u201d (1837) ba\u015fl\u0131kl\u0131 konu\u015fmas\u0131nda \u201cAvrupa\u2019n\u0131n sarayl\u0131 ilham perilerini fazlas\u0131yla dinledik\u201d derken art\u0131k ayd\u0131nlar ba\u015fta olmak \u00fczere Amerikal\u0131lar\u0131n kendi ayaklar\u0131 \u00fczerinde durarak yeni bir gelenek yaratmalar\u0131 gerekti\u011fini \u00f6\u011f\u00fctl\u00fcyordu. Yeni d\u00fcnyan\u0131n yeni insanlar\u0131na yak\u0131\u015fan yeni deneyimlerin getirdi\u011fi konular\u0131n (formlar\u0131n de\u011fil) i\u015flenmesini \u00f6neriyordu. \u0130lk \u00f6nemli eseri say\u0131lan Do\u011fa\u2019y\u0131 (1836, 1849) da sonradan gelecek fikirlerin hatt\u0131n\u0131 gelenek ve atalar\u0131n kabirleriyle ba\u015flat\u0131r bu y\u00fczden. Do\u011fa, 19. y\u00fczy\u0131l Amerika\u2019s\u0131n\u0131n ilk yar\u0131s\u0131na damgas\u0131n\u0131 vuran idealist a\u015fk\u0131nc\u0131 ak\u0131m\u0131n, deyim yerindeyse kutsal kitab\u0131d\u0131r. K\u0131sa ama bir\u00e7ok fikri birbiriyle ba\u011flayan onlarca g\u00f6ndermenin oldu\u011fu yo\u011fun bir metindir. Bu nedenle \u00e7al\u0131\u015fma, Devrim K\u0131l\u0131\u00e7er ve Fahri \u00d6z\u2019\u00fcn \u00d6ns\u00f6z\u2019\u00fc ve a\u00e7\u0131klay\u0131c\u0131 notlar\u0131yla ayr\u0131nt\u0131land\u0131r\u0131ld\u0131. Do\u011fa, insan-do\u011fa-tanr\u0131 aras\u0131ndaki ili\u015fkiye bak\u0131\u015f\u0131n\u0131z\u0131 derinden etkileyecek.   <\/p>\n","protected":false},"excerpt":{"rendered":"<p>Ralph W. Emerson, 19. y\u00fczy\u0131l Amerikan edebiyat\u0131nda ya\u015fanan r\u00f6nesans\u0131 ba\u015flatan ki\u015fidir. Amerikan sanat ve d\u00fc\u015f\u00fcn d\u00fcnyas\u0131 i\u00e7in yeni milli bir kimlik yaratma \u00e7a\u011fr\u0131s\u0131 yapan Emerson \u201cThe<span class=\"excerpt-hellip\"> [\u2026]<\/span><\/p>\n","protected":false},"featured_media":0,"template":"","meta":{"_monsterinsights_skip_tracking":false,"_monsterinsights_sitenote_active":false,"_monsterinsights_sitenote_note":"","_monsterinsights_sitenote_category":0},"product_brand":[],"product_cat":[12388],"product_tag":[],"class_list":{"0":"post-752075","1":"product","2":"type-product","3":"status-publish","5":"product_cat-felsefe","6":"pa_cilt-ciltsiz","7":"pa_tur-kitap","8":"pa_yayinevi-heretik-yayincilik","9":"pa_yazar-ralph-waldo-emerson","11":"first","12":"instock","13":"sale","14":"shipping-taxable","15":"purchasable","16":"product-type-simple"},"_links":{"self":[{"href":"https:\/\/roveyayinevi.com.tr\/index.php\/wp-json\/wp\/v2\/product\/752075","targetHints":{"allow":["GET"]}}],"collection":[{"href":"https:\/\/roveyayinevi.com.tr\/index.php\/wp-json\/wp\/v2\/product"}],"about":[{"href":"https:\/\/roveyayinevi.com.tr\/index.php\/wp-json\/wp\/v2\/types\/product"}],"wp:attachment":[{"href":"https:\/\/roveyayinevi.com.tr\/index.php\/wp-json\/wp\/v2\/media?parent=752075"}],"wp:term":[{"taxonomy":"product_brand","embeddable":true,"href":"https:\/\/roveyayinevi.com.tr\/index.php\/wp-json\/wp\/v2\/product_brand?post=752075"},{"taxonomy":"product_cat","embeddable":true,"href":"https:\/\/roveyayinevi.com.tr\/index.php\/wp-json\/wp\/v2\/product_cat?post=752075"},{"taxonomy":"product_tag","embeddable":true,"href":"https:\/\/roveyayinevi.com.tr\/index.php\/wp-json\/wp\/v2\/product_tag?post=752075"}],"curies":[{"name":"wp","href":"https:\/\/api.w.org\/{rel}","templated":true}]}}