{"id":752071,"date":"2025-08-28T05:06:05","date_gmt":"2025-08-28T02:06:05","guid":{"rendered":"https:\/\/roveyayinevi.com.tr\/index.php\/urun\/bir-solukta-felsefe\/"},"modified":"2026-04-16T03:05:32","modified_gmt":"2026-04-16T00:05:32","slug":"bir-solukta-felsefe","status":"publish","type":"product","link":"https:\/\/roveyayinevi.com.tr\/index.php\/urun\/bir-solukta-felsefe\/","title":{"rendered":"Bir Solukta Felsefe"},"content":{"rendered":"<p>Felsefe bilgelik ve bilgi aray\u0131\u015f\u0131d\u0131r. \u201cFelsefe\u201d s\u00f6zc\u00fc\u011f\u00fc, bilgelik sevgisi anlam\u0131na gelen, eski Yunanca philosophia s\u00f6zc\u00fc\u011f\u00fcnden t\u00fcremi\u015ftir. Felsefenin amac\u0131 b\u00fcy\u00fck sorular\u0131n yan\u0131t\u0131n\u0131 ara\u015ft\u0131rmakt\u0131r. \u0130\u015fte size birka\u00e7 \u00f6rnek: \u201cDo\u011fruyu yanl\u0131\u015ftan nas\u0131l ay\u0131rt etmeli?\u201d \u201cCanl\u0131lar ve cans\u0131zlar neden varlar ve nas\u0131l varl\u0131\u011fa geldiler?\u201d \u201cHayat\u0131n anlam\u0131 nedir?\u201d \u201cGelece\u011fimi kendi \u00f6zg\u00fcr irademle mi kuruyorum, yoksa kaderimde ne varsa onu mu ya\u015f\u0131yorum?\u201d Sokrates\u2019ten Sartre\u2019a, Konf\u00fc\u00e7y\u00fcs\u2019ten Kant\u2019a t\u00fcm filozoflar\u0131n bilgelik ve bilgi aray\u0131\u015f\u0131na g\u00f6z gezdirmek ve bu gibi b\u00fcy\u00fck sorulara ne t\u00fcr yan\u0131tlar verdiklerini \u00f6\u011frenmek istiyorsan\u0131z bu f\u0131rsat\u0131 ka\u00e7\u0131rmay\u0131n. <\/p>\n","protected":false},"excerpt":{"rendered":"<p>Felsefe bilgelik ve bilgi aray\u0131\u015f\u0131d\u0131r. \u201cFelsefe\u201d s\u00f6zc\u00fc\u011f\u00fc, bilgelik sevgisi anlam\u0131na gelen, eski Yunanca philosophia s\u00f6zc\u00fc\u011f\u00fcnden t\u00fcremi\u015ftir. Felsefenin amac\u0131 b\u00fcy\u00fck sorular\u0131n yan\u0131t\u0131n\u0131 ara\u015ft\u0131rmakt\u0131r. \u0130\u015fte size birka\u00e7 \u00f6rnek:<span class=\"excerpt-hellip\"> [\u2026]<\/span><\/p>\n","protected":false},"featured_media":0,"template":"","meta":{"_monsterinsights_skip_tracking":false,"_monsterinsights_sitenote_active":false,"_monsterinsights_sitenote_note":"","_monsterinsights_sitenote_category":0},"product_brand":[],"product_cat":[12388],"product_tag":[],"class_list":{"0":"post-752071","1":"product","2":"type-product","3":"status-publish","5":"product_cat-felsefe","6":"pa_cilt-ciltsiz","7":"pa_tur-kitap","8":"pa_yayinevi-say-yayinlari","9":"pa_yazar-rachel-poulton","11":"first","12":"instock","13":"sale","14":"shipping-taxable","15":"purchasable","16":"product-type-simple"},"_links":{"self":[{"href":"https:\/\/roveyayinevi.com.tr\/index.php\/wp-json\/wp\/v2\/product\/752071","targetHints":{"allow":["GET"]}}],"collection":[{"href":"https:\/\/roveyayinevi.com.tr\/index.php\/wp-json\/wp\/v2\/product"}],"about":[{"href":"https:\/\/roveyayinevi.com.tr\/index.php\/wp-json\/wp\/v2\/types\/product"}],"wp:attachment":[{"href":"https:\/\/roveyayinevi.com.tr\/index.php\/wp-json\/wp\/v2\/media?parent=752071"}],"wp:term":[{"taxonomy":"product_brand","embeddable":true,"href":"https:\/\/roveyayinevi.com.tr\/index.php\/wp-json\/wp\/v2\/product_brand?post=752071"},{"taxonomy":"product_cat","embeddable":true,"href":"https:\/\/roveyayinevi.com.tr\/index.php\/wp-json\/wp\/v2\/product_cat?post=752071"},{"taxonomy":"product_tag","embeddable":true,"href":"https:\/\/roveyayinevi.com.tr\/index.php\/wp-json\/wp\/v2\/product_tag?post=752071"}],"curies":[{"name":"wp","href":"https:\/\/api.w.org\/{rel}","templated":true}]}}