{"id":752070,"date":"2025-08-28T05:06:03","date_gmt":"2025-08-28T02:06:03","guid":{"rendered":"https:\/\/roveyayinevi.com.tr\/index.php\/urun\/mavi-tuna\/"},"modified":"2026-04-16T03:05:32","modified_gmt":"2026-04-16T00:05:32","slug":"mavi-tuna","status":"publish","type":"product","link":"https:\/\/roveyayinevi.com.tr\/index.php\/urun\/mavi-tuna\/","title":{"rendered":"Mavi Tuna"},"content":{"rendered":"<p>Mustafa Kemal Atat\u00fcrk&#8217;\u00fcn ya\u015fam\u0131nda, yaln\u0131zca s\u00fcsl\u00fc bir kelime ve iki \u00fc\u00e7 saat giydi\u011fi bir yeni\u00e7eri kost\u00fcm\u00fc i\u00e7inde \u00e7ektirdi\u011fi foto\u011fraf\u0131 ile ge\u00e7i\u015ftirilen \u00f6nemli bir d\u00f6nem de Sofya&#8217;daki ata\u015femiliter \u201caskeri el\u00e7i\u201d olarak g\u00f6rev yapt\u0131\u011f\u0131 g\u00fcnlerdir. Nedense Mustafa Kemal\u2019in ya\u015fam\u0131n\u0131n bu on alt\u0131 ayl\u0131k b\u00f6l\u00fcm\u00fc, askeri r\u00fc\u015ftiye y\u0131llar\u0131ndan tan\u0131d\u0131\u011f\u0131, d\u00fc\u015f\u00fcnce ve eylem birli\u011fi i\u00e7inde oldu\u011fu arkada\u015f\u0131 ve dostu Ali Fethi ile yak\u0131nl\u0131\u011f\u0131 ve bir ya\u015fad\u0131\u011f\u0131 a\u015fk ser\u00fcveni, resmi tarih\u00e7iler taraf\u0131ndan ayr\u0131nt\u0131l\u0131 bir bi\u00e7imde anlat\u0131lmamaktad\u0131r. Mustafa Kemal, i\u015f ba\u015f\u0131ndaki icraatlar\u0131na kar\u015f\u0131 \u00e7\u0131kt\u0131\u011f\u0131 \u0130ttihat ve Terakki Partisi h\u00fck\u00fcmeti taraf\u0131ndan,  daha a\u00e7\u0131k\u00e7as\u0131 ordu i\u00e7indeki amans\u0131z rakibi Enver Pa\u015fa taraf\u0131ndan Sofya\u2019ya, g\u00f6rev i\u00e7in mi yoksa s\u00fcrg\u00fcne mi g\u00f6nderildi? Mustafa Kemal\u2019in \u0130stanbul\u2019dan uzakla\u015ft\u0131r\u0131lmas\u0131n\u0131 kimler istedi? Gen\u00e7 binba\u015f\u0131n\u0131n Sofya\u2019daki ya\u015fam\u0131 dikkatle incelendi\u011finde bu Balkan ba\u015fkentinde \u00fcstlendi\u011fi istihbarat toplama g\u00f6revini ba\u015far\u0131yla ger\u00e7ekle\u015ftirdi\u011fi g\u00f6r\u00fcl\u00fcr. \u00d6te yandan, sar\u0131 sa\u00e7l\u0131,  u\u00e7uk mavi g\u00f6zl\u00fc gen\u00e7 T\u00fcrk subay\u0131, Sofya sosyetesini kendisine hayran b\u0131rakt\u0131. Sofya&#8217;da ondan daha yak\u0131\u015f\u0131kl\u0131 bir ba\u015fka yabanc\u0131n\u0131n olmad\u0131\u011f\u0131na inan\u0131ld\u0131, \u015fehir merkezindeki yabanc\u0131lar kul\u00fcb\u00fcn\u00fcn de g\u00f6zbebe\u011fi oldu. Bu kul\u00fcpte, bir gen\u00e7 k\u0131z tan\u0131d\u0131. Ad\u0131, Dimitrina\u2019yd\u0131. Yak\u0131nlar\u0131 kendisine k\u0131saca Miti diyorlard\u0131. \u0130lk g\u00f6r\u00fc\u015fte a\u015fk denir ya i\u015fte \u00f6yle oldu. Fonda orkestra Mavi Tuna valsi \u00e7al\u0131yordu. Bir g\u00fcl kadar nazik bu gen\u00e7 k\u0131z\u0131, hayat\u0131 k\u0131n\u0131na s\u0131\u011fmayan bir keskin k\u0131l\u0131\u00e7 gibi ya\u015fayan adam tutkuyla sevdi. K\u0131z\u0131n babas\u0131 Bulgar \u00c7ar\u0131\u2019n\u0131n has adamlar\u0131ndan, sava\u015f kahraman\u0131 general, ayn\u0131 zamanda savunma bakanl\u0131\u011f\u0131 da yapan bir politikac\u0131yd\u0131. Bu birliktelik i\u00e7in, nedense \u201colmaz\u201d dedi D\u00fcnya bir yandan da ad\u0131m ad\u0131m bir b\u00fcy\u00fck sava\u015fa gidiyordu. \u0130stanbul\u2019daki h\u00fck\u00fcmet aciz durumdayd\u0131. Sonunda sava\u015f patlad\u0131. Mustafa Kemal valizini toplad\u0131, \u0130stanbul\u2019a d\u00f6nd\u00fc. \u0130ttihat\u00e7\u0131lara  \u201ci\u015fte geldim\u201d dedi. Uhdesine ad\u0131 var, kendisi olmayan bir t\u00fcmenin komutanl\u0131\u011f\u0131 verildi. Ald\u0131rmad\u0131, \u00c7anakkale Cephesi\u2019ne ko\u015fa ko\u015fa gitti. Ne var ki,  sar\u0131 sa\u00e7l\u0131,  u\u00e7uk mavi g\u00f6zl\u00fc gen\u00e7 subay, Sofya\u2019da ya\u015fad\u0131\u011f\u0131 b\u00fcy\u00fck a\u015fk\u0131n\u0131 unutamad\u0131. Y\u0131llar sonra; \u201cGen\u00e7li\u011fimi b\u0131rakt\u0131m Sofya\u2019da. Bir k\u0131z sevdim ama bana vermediler&#8230;\u201d dedi.<\/p>\n","protected":false},"excerpt":{"rendered":"<p>Mustafa Kemal Atat\u00fcrk&#8217;\u00fcn ya\u015fam\u0131nda, yaln\u0131zca s\u00fcsl\u00fc bir kelime ve iki \u00fc\u00e7 saat giydi\u011fi bir yeni\u00e7eri kost\u00fcm\u00fc i\u00e7inde \u00e7ektirdi\u011fi foto\u011fraf\u0131 ile ge\u00e7i\u015ftirilen \u00f6nemli bir d\u00f6nem de Sofya&#8217;daki<span class=\"excerpt-hellip\"> [\u2026]<\/span><\/p>\n","protected":false},"featured_media":0,"template":"","meta":{"_monsterinsights_skip_tracking":false,"_monsterinsights_sitenote_active":false,"_monsterinsights_sitenote_note":"","_monsterinsights_sitenote_category":0},"product_brand":[],"product_cat":[12291,12711],"product_tag":[],"class_list":{"0":"post-752070","1":"product","2":"type-product","3":"status-publish","5":"product_cat-edebiyat","6":"product_cat-roman-oyku","7":"pa_cilt-ciltsiz","8":"pa_tur-kitap","9":"pa_yayinevi-abis-yayincilik","10":"pa_yazar-ahmet-zeki-muslu","12":"first","13":"instock","14":"sale","15":"shipping-taxable","16":"purchasable","17":"product-type-simple"},"_links":{"self":[{"href":"https:\/\/roveyayinevi.com.tr\/index.php\/wp-json\/wp\/v2\/product\/752070","targetHints":{"allow":["GET"]}}],"collection":[{"href":"https:\/\/roveyayinevi.com.tr\/index.php\/wp-json\/wp\/v2\/product"}],"about":[{"href":"https:\/\/roveyayinevi.com.tr\/index.php\/wp-json\/wp\/v2\/types\/product"}],"wp:attachment":[{"href":"https:\/\/roveyayinevi.com.tr\/index.php\/wp-json\/wp\/v2\/media?parent=752070"}],"wp:term":[{"taxonomy":"product_brand","embeddable":true,"href":"https:\/\/roveyayinevi.com.tr\/index.php\/wp-json\/wp\/v2\/product_brand?post=752070"},{"taxonomy":"product_cat","embeddable":true,"href":"https:\/\/roveyayinevi.com.tr\/index.php\/wp-json\/wp\/v2\/product_cat?post=752070"},{"taxonomy":"product_tag","embeddable":true,"href":"https:\/\/roveyayinevi.com.tr\/index.php\/wp-json\/wp\/v2\/product_tag?post=752070"}],"curies":[{"name":"wp","href":"https:\/\/api.w.org\/{rel}","templated":true}]}}