{"id":752069,"date":"2025-08-28T05:06:02","date_gmt":"2025-08-28T02:06:02","guid":{"rendered":"https:\/\/roveyayinevi.com.tr\/index.php\/urun\/ferayi\/"},"modified":"2026-04-16T03:05:32","modified_gmt":"2026-04-16T00:05:32","slug":"ferayi","status":"publish","type":"product","link":"https:\/\/roveyayinevi.com.tr\/index.php\/urun\/ferayi\/","title":{"rendered":"Ferayi"},"content":{"rendered":"<p>Ferayi, G\u00fcneybat\u0131 Anadolu\u2019da alt\u0131 y\u00fcz y\u0131l \u00f6nce ya\u015fanan bir sevda s\u00f6ylencesidir. S\u00f6ylencenin kahramanlar\u0131, Mente\u015fe Beyli\u011fi beylik ailesinden Yakup Bey\u2019in yak\u0131\u015f\u0131kl\u0131 o\u011flu \u0130lyas Bey ile konar-g\u00f6\u00e7er bir ya\u015fam s\u00fcren bir Y\u00f6r\u00fck obas\u0131 demircisinin k\u0131z\u0131 Ferayi\u2019dir. \u0130lyas Bey av tutkunu, da\u011flar sevdal\u0131s\u0131 bir yi\u011fit adamd\u0131r. Bir g\u00fcn Mar\u00e7al Da\u011flar\u0131\u2019nda avland\u0131\u011f\u0131 s\u0131ra kar\u015f\u0131s\u0131na narin bedenli, iri kara g\u00f6zl\u00fc bir ceylan \u00e7\u0131kar. Tak\u0131l\u0131r ceylan\u0131n pe\u015fine, ceylan ka\u00e7ar, \u0130lyas Bey kovalar. Ceylan\u0131 g\u00f6zden yitirdi\u011fi yerde kar\u015f\u0131s\u0131na, bir \u00e7ift s\u00fcrmeli iri kara g\u00f6zl\u00fc, fidan boylu, ay y\u00fczl\u00fc, g\u00fczeller g\u00fczeli bir Y\u00f6r\u00fck k\u0131z\u0131 \u00e7\u0131kar. \u0130\u015fte ne olursa o g\u00fcnden sonra olur. \u0130ki gen\u00e7 aras\u0131nda, Mente\u015fe y\u00f6resinde o g\u00fcnden bug\u00fcne \u00f6yk\u00fcs\u00fc anlat\u0131lan bir sevda ya\u015fan\u0131r. Daha \u00f6nce; Mor Cepkenliler, Menderes\u2019in \u0130ki Yakas\u0131 ve Fetretin Kartal\u0131 adl\u0131 romanlar\u0131 ile Bat\u0131 Anadolu\u2019nun gizli tarihini g\u00fcn y\u00fcz\u00fcne \u00e7\u0131karan Ahmet Zeki Muslu, bu roman\u0131yla Mente\u015fe y\u00f6resinin tarihi bir s\u00f6ylencesini okurlar\u0131na aktar\u0131yor. Bir tak\u0131m \u015eamanist inan\u00e7lar\u0131n\u0131 koruyan konar-g\u00f6\u00e7er Y\u00f6r\u00fcklerle, topra\u011fa yerle\u015fen T\u00fcrkmenlerin toplumsal ya\u015famlar\u0131n\u0131, s\u00f6ylenceler, t\u00fcrk\u00fcler, maniler ve folklorik \u00f6\u011felerle bezeli bir bi\u00e7imde anlat\u0131yor. Bat\u0131 Anadolu\u2019ya yerle\u015fen T\u00fcrkmenlerle Y\u00f6r\u00fcklerin belleklerinde saklad\u0131klar\u0131 s\u00f6zl\u00fc tarihleri ve edebiyatlar\u0131 bu romanda yeniden ya\u015fam buluyor. *** \u201cKar\u015f\u0131s\u0131nda gen\u00e7 k\u0131z, \u00f6zenle \u00f6r\u00fclen z\u00fcl\u00fcflerinin yedisini sa\u011f omzundan, di\u011fer yedisini de sol omzundan arkaya atm\u0131\u015ft\u0131. Ba\u015f\u0131 Y\u00f6r\u00fck usul\u00fc ba\u011fl\u0131, al yazman\u0131n alt\u0131ndaki takkeye sar\u0131 sar\u0131 tu\u011fralar diziliydi. S\u0131rt\u0131ndaki mor cepken, mavi boncuklarla s\u00fcsl\u00fc, \u00e7i\u00e7ek desenleriyle bezeliydi. G\u00fcz elmas\u0131 yanakl\u0131, selvi boylu, s\u00fcl\u00fcn gibi bir k\u0131zd\u0131. Din\u00e7 yap\u0131l\u0131, ince belli, iri kara g\u00f6zl\u00fcyd\u00fc. Bu k\u0131z, dertlere derman m\u0131yd\u0131, yoksa yi\u011fidi derde salan bir ahu muydu? Gezdi\u011fi da\u011flar, bast\u0131\u011f\u0131 toprak dile gelse s\u00f6yler miydi?\u201d <\/p>\n","protected":false},"excerpt":{"rendered":"<p>Ferayi, G\u00fcneybat\u0131 Anadolu\u2019da alt\u0131 y\u00fcz y\u0131l \u00f6nce ya\u015fanan bir sevda s\u00f6ylencesidir. S\u00f6ylencenin kahramanlar\u0131, Mente\u015fe Beyli\u011fi beylik ailesinden Yakup Bey\u2019in yak\u0131\u015f\u0131kl\u0131 o\u011flu \u0130lyas Bey ile konar-g\u00f6\u00e7er bir<span class=\"excerpt-hellip\"> [\u2026]<\/span><\/p>\n","protected":false},"featured_media":0,"template":"","meta":{"_monsterinsights_skip_tracking":false,"_monsterinsights_sitenote_active":false,"_monsterinsights_sitenote_note":"","_monsterinsights_sitenote_category":0},"product_brand":[],"product_cat":[12291,12711],"product_tag":[],"class_list":{"0":"post-752069","1":"product","2":"type-product","3":"status-publish","5":"product_cat-edebiyat","6":"product_cat-roman-oyku","7":"pa_cilt-ciltsiz","8":"pa_tur-kitap","9":"pa_yayinevi-abis-yayincilik","10":"pa_yazar-ahmet-zeki-muslu","12":"first","13":"instock","14":"sale","15":"shipping-taxable","16":"purchasable","17":"product-type-simple"},"_links":{"self":[{"href":"https:\/\/roveyayinevi.com.tr\/index.php\/wp-json\/wp\/v2\/product\/752069","targetHints":{"allow":["GET"]}}],"collection":[{"href":"https:\/\/roveyayinevi.com.tr\/index.php\/wp-json\/wp\/v2\/product"}],"about":[{"href":"https:\/\/roveyayinevi.com.tr\/index.php\/wp-json\/wp\/v2\/types\/product"}],"wp:attachment":[{"href":"https:\/\/roveyayinevi.com.tr\/index.php\/wp-json\/wp\/v2\/media?parent=752069"}],"wp:term":[{"taxonomy":"product_brand","embeddable":true,"href":"https:\/\/roveyayinevi.com.tr\/index.php\/wp-json\/wp\/v2\/product_brand?post=752069"},{"taxonomy":"product_cat","embeddable":true,"href":"https:\/\/roveyayinevi.com.tr\/index.php\/wp-json\/wp\/v2\/product_cat?post=752069"},{"taxonomy":"product_tag","embeddable":true,"href":"https:\/\/roveyayinevi.com.tr\/index.php\/wp-json\/wp\/v2\/product_tag?post=752069"}],"curies":[{"name":"wp","href":"https:\/\/api.w.org\/{rel}","templated":true}]}}