{"id":752068,"date":"2025-08-28T05:06:00","date_gmt":"2025-08-28T02:06:00","guid":{"rendered":"https:\/\/roveyayinevi.com.tr\/index.php\/urun\/lal-geceler\/"},"modified":"2026-04-16T03:05:32","modified_gmt":"2026-04-16T00:05:32","slug":"lal-geceler","status":"publish","type":"product","link":"https:\/\/roveyayinevi.com.tr\/index.php\/urun\/lal-geceler\/","title":{"rendered":"Lal Geceler"},"content":{"rendered":"<p>Sevda \u00fclkesinde, yaln\u0131zl\u0131klar \u015fehrinde Giderek daha az seviyorum seni Zamanla unutur gibi seviyorum.   Be\u015finci mevsimi ya\u015f\u0131yorum Y\u00fcre\u011fim g\u00fcz g\u00fcllerini ya\u015farken Sonbahar\u0131 \u00f6per gibi seviyorum.   Sen miad\u0131n\u0131 doldurmu\u015f takvim yapra\u011f\u0131 gibi Seni kopar\u0131p att\u0131\u011f\u0131mda seviyorum An\u0131lar\u0131 an\u0131msad\u0131\u011f\u0131mda de\u011fil Seni hat\u0131rlamayacak yerlerde seviyorum Kalabal\u0131klar aras\u0131nda yaln\u0131zl\u0131\u011f\u0131 ya\u015farken Giderek daha az seviyorum seni.   Hayat\u0131 ya\u015farken, hat\u0131ralar\u0131 y\u00e2d ediyorum Giderek daha az \u00f6zl\u00fcyorum Eskimi\u015f bir e\u015fyay\u0131 kald\u0131r\u0131r gibi Seni de hat\u0131rlamayaca\u011f\u0131m bir yerlere kald\u0131r\u0131yorum Eskiler unutur gibi giderek seni de unutuyorum.   Sol yan\u0131mda apans\u0131z ba\u015flayan sanc\u0131lar Daha az hat\u0131rlat\u0131yor seni bana Bazen vursa da h\u00fcz\u00fcn g\u00f6zlerimin sahiline Seni yana\u011f\u0131mda sildi\u011fimde seviyorum G\u00f6zlerin d\u00fc\u015fse de kalbimin haf\u0131zas\u0131na Bo\u015f verir gibi seviyorum.   Ac\u0131lar\u0131n girdab\u0131nda \u00e7\u0131rp\u0131n\u0131p duruyorum Y\u00fcre\u011fimi s\u00f6k\u00fcp atarcas\u0131na seviyorum Uykusuz gece n\u00f6betlerine yaz\u0131lsa da ad\u0131m Zaman\u0131 eritir gibi unutuyorum seni Eriyen buz misali yava\u015f yava\u015f unutur gibi seviyorum.   Yemenin de tad\u0131 yok, i\u00e7menin de Dostlarla muhabbetti de kestim Senden ba\u015fka konu\u015facak meselem de yok Kendime k\u00fcser gibi unutuyorum seni Art\u0131k hi\u00e7bir \u015fey eskisi gibi de\u011fil Eskiyi arar gibi seviyorum.   G\u00f6zlerim uykuyla bar\u0131\u015ft\u0131 sanma Hasretin kalbimin sad\u0131k bek\u00e7isi Geceleri \u00fcst\u00fcme devrilen hasret da\u011f\u0131n\u0131n alt\u0131nda Hala hicran cehennemindeyim Yoklu\u011funun alevleri aras\u0131nda yand\u0131\u011f\u0131mda Unutur gibi seviyorum seni. <\/p>\n","protected":false},"excerpt":{"rendered":"<p>Sevda \u00fclkesinde, yaln\u0131zl\u0131klar \u015fehrinde Giderek daha az seviyorum seni Zamanla unutur gibi seviyorum. Be\u015finci mevsimi ya\u015f\u0131yorum Y\u00fcre\u011fim g\u00fcz g\u00fcllerini ya\u015farken Sonbahar\u0131 \u00f6per gibi seviyorum. Sen miad\u0131n\u0131<span class=\"excerpt-hellip\"> [\u2026]<\/span><\/p>\n","protected":false},"featured_media":0,"template":"","meta":{"_monsterinsights_skip_tracking":false,"_monsterinsights_sitenote_active":false,"_monsterinsights_sitenote_note":"","_monsterinsights_sitenote_category":0},"product_brand":[],"product_cat":[12291,12509],"product_tag":[],"class_list":{"0":"post-752068","1":"product","2":"type-product","3":"status-publish","5":"product_cat-edebiyat","6":"product_cat-siir","7":"pa_cilt-ciltsiz","8":"pa_tur-kitap","9":"pa_yayinevi-gulnar-yayinlari","10":"pa_yazar-devran-yigit-sinanoglu","12":"first","13":"instock","14":"sale","15":"shipping-taxable","16":"purchasable","17":"product-type-simple"},"_links":{"self":[{"href":"https:\/\/roveyayinevi.com.tr\/index.php\/wp-json\/wp\/v2\/product\/752068","targetHints":{"allow":["GET"]}}],"collection":[{"href":"https:\/\/roveyayinevi.com.tr\/index.php\/wp-json\/wp\/v2\/product"}],"about":[{"href":"https:\/\/roveyayinevi.com.tr\/index.php\/wp-json\/wp\/v2\/types\/product"}],"wp:attachment":[{"href":"https:\/\/roveyayinevi.com.tr\/index.php\/wp-json\/wp\/v2\/media?parent=752068"}],"wp:term":[{"taxonomy":"product_brand","embeddable":true,"href":"https:\/\/roveyayinevi.com.tr\/index.php\/wp-json\/wp\/v2\/product_brand?post=752068"},{"taxonomy":"product_cat","embeddable":true,"href":"https:\/\/roveyayinevi.com.tr\/index.php\/wp-json\/wp\/v2\/product_cat?post=752068"},{"taxonomy":"product_tag","embeddable":true,"href":"https:\/\/roveyayinevi.com.tr\/index.php\/wp-json\/wp\/v2\/product_tag?post=752068"}],"curies":[{"name":"wp","href":"https:\/\/api.w.org\/{rel}","templated":true}]}}