{"id":752067,"date":"2025-08-28T05:06:00","date_gmt":"2025-08-28T02:06:00","guid":{"rendered":"https:\/\/roveyayinevi.com.tr\/index.php\/urun\/meyve-ve-sebzelerimiz-turkiyenin-hazineleri-ciltli\/"},"modified":"2026-04-16T03:05:32","modified_gmt":"2026-04-16T00:05:32","slug":"meyve-ve-sebzelerimiz-turkiyenin-hazineleri-ciltli","status":"publish","type":"product","link":"https:\/\/roveyayinevi.com.tr\/index.php\/urun\/meyve-ve-sebzelerimiz-turkiyenin-hazineleri-ciltli\/","title":{"rendered":"Meyve ve Sebzelerimiz &#8211; T\u00fcrkiye\u2019nin Hazineleri  (Ciltli)"},"content":{"rendered":"<p>Prof. Dr. Alp Can ve Prof. Dr. Ruhsar Yanmaz taraf\u0131ndan 3,5 y\u0131lda haz\u0131rlanan \u201cT\u00fcrkiye\u2019nin Hazineleri. Meyve ve Sebzelerimiz\u201d adl\u0131 eserde 180 t\u00fcr ve 530 \u00e7e\u015fit, Meyveler, Sebzeler, Kurutulmu\u015f Meyve Sebzeler, Yenebilir Otlar, Baharatl\u0131 ve Keyif Verici Bitkiler olmak \u00fczere 5 ana b\u00f6l\u00fcm alt\u0131nda toplan\u0131yor. Al\u0131\u015f\u0131lagelmi\u015f kitap boyutu ve i\u00e7eri\u011finin \u00f6tesine ge\u00e7en bu kaynak eser yakla\u015f\u0131k 3400 orijinal foto\u011fraf, tablo ve \u015fekillerle desteklenmi\u015f durumda. Her b\u00f6l\u00fcm i\u00e7inde alfabetik s\u0131rayla yer alan t\u00fcrler \u00f6nce yayg\u0131n isimlerinin yan\u0131 s\u0131ra, y\u00f6resel ve \u0130ngilizce isimlerinin oldu\u011fu bir k\u00fcnye ile tan\u0131t\u0131l\u0131yor. Varsa yak\u0131n oldu\u011fu t\u00fcrler ve ayn\u0131 t\u00fcr i\u00e7inde benzer \u00e7e\u015fitlerin adlar\u0131 veriliyor. Bu b\u00f6l\u00fcmde meyve\/sebzenin isminin nereden geldi\u011fi bilgisine ula\u015f\u0131yoruz. Ard\u0131ndan her t\u00fcr\u00fcn ana yurdu ve tarihsel s\u00fcre\u00e7te nas\u0131l evrilerek g\u00fcn\u00fcm\u00fcze geldi\u011fi, hangi co\u011frafyalarda yayg\u0131n oldu\u011fu ve \u00fcretim rakamlar\u0131 veriliyor. Bir sonraki paragrafta bitkinin yap\u0131sal \u00f6zellikleriyle (g\u00f6vde, dal, yaprak ve \u00e7i\u00e7ek) iklim ve yeti\u015ftirme \u00f6zellikleri; her t\u00fcre ait a\u011fa\u00e7\/\u00e7al\u0131n\u0131n genel g\u00f6r\u00fcn\u00fcm\u00fc ve \u00e7i\u00e7ek foto\u011fraflar\u0131 yer al\u0131yor. Bunlar\u0131n ard\u0131ndan bitkinin t\u00fcketilen k\u0131sm\u0131 olan meyve, sebze, yaprak ve tohum \u00f6zellikleri enine ve boyuna kesilmi\u015f ayr\u0131nt\u0131l\u0131 foto\u011fraflarla yer al\u0131yor. Son olarak her meyve ve sebzenin yayg\u0131n bulunan \u00e7e\u015fitlerinden s\u00f6z ediliyor ve bu \u00e7e\u015fitlerin rengarenk foto\u011fraflar\u0131yla her \u00fcr\u00fcne ayr\u0131lan b\u00f6l\u00fcm sona eriyor. Uluslararas\u0131 K\u0131br\u0131s \u00dcniversitesinin sponsorlu\u011funda BilgeSu Yay\u0131nevi taraf\u0131ndan piyasaya sunulan bu e\u015fsiz eser her okurun evinde bulundurmak isteyece\u011fi bir kaynak kitap. <\/p>\n","protected":false},"excerpt":{"rendered":"<p>Prof. Dr. Alp Can ve Prof. Dr. Ruhsar Yanmaz taraf\u0131ndan 3,5 y\u0131lda haz\u0131rlanan \u201cT\u00fcrkiye\u2019nin Hazineleri. Meyve ve Sebzelerimiz\u201d adl\u0131 eserde 180 t\u00fcr ve 530 \u00e7e\u015fit, Meyveler,<span class=\"excerpt-hellip\"> [\u2026]<\/span><\/p>\n","protected":false},"featured_media":0,"template":"","meta":{"_monsterinsights_skip_tracking":false,"_monsterinsights_sitenote_active":false,"_monsterinsights_sitenote_note":"","_monsterinsights_sitenote_category":0},"product_brand":[],"product_cat":[12365,12364],"product_tag":[],"class_list":{"0":"post-752067","1":"product","2":"type-product","3":"status-publish","5":"product_cat-diger-genel-konular","6":"product_cat-genel-konular","7":"pa_cilt-ciltli","8":"pa_tur-kitap","9":"pa_yayinevi-bilgesu-yayincilik","10":"pa_yazar-alp-can-ruhsar-yanmaz","12":"first","13":"instock","14":"sale","15":"shipping-taxable","16":"purchasable","17":"product-type-simple"},"_links":{"self":[{"href":"https:\/\/roveyayinevi.com.tr\/index.php\/wp-json\/wp\/v2\/product\/752067","targetHints":{"allow":["GET"]}}],"collection":[{"href":"https:\/\/roveyayinevi.com.tr\/index.php\/wp-json\/wp\/v2\/product"}],"about":[{"href":"https:\/\/roveyayinevi.com.tr\/index.php\/wp-json\/wp\/v2\/types\/product"}],"wp:attachment":[{"href":"https:\/\/roveyayinevi.com.tr\/index.php\/wp-json\/wp\/v2\/media?parent=752067"}],"wp:term":[{"taxonomy":"product_brand","embeddable":true,"href":"https:\/\/roveyayinevi.com.tr\/index.php\/wp-json\/wp\/v2\/product_brand?post=752067"},{"taxonomy":"product_cat","embeddable":true,"href":"https:\/\/roveyayinevi.com.tr\/index.php\/wp-json\/wp\/v2\/product_cat?post=752067"},{"taxonomy":"product_tag","embeddable":true,"href":"https:\/\/roveyayinevi.com.tr\/index.php\/wp-json\/wp\/v2\/product_tag?post=752067"}],"curies":[{"name":"wp","href":"https:\/\/api.w.org\/{rel}","templated":true}]}}