{"id":752062,"date":"2025-08-28T05:05:53","date_gmt":"2025-08-28T02:05:53","guid":{"rendered":"https:\/\/roveyayinevi.com.tr\/index.php\/urun\/dunyanin-en-kotu-aliskanligi\/"},"modified":"2026-04-16T03:05:32","modified_gmt":"2026-04-16T00:05:32","slug":"dunyanin-en-kotu-aliskanligi","status":"publish","type":"product","link":"https:\/\/roveyayinevi.com.tr\/index.php\/urun\/dunyanin-en-kotu-aliskanligi\/","title":{"rendered":"D\u00fcnyan\u0131n En K\u00f6t\u00fc Al\u0131\u015fkanl\u0131\u011f\u0131"},"content":{"rendered":"<p>Bilge Gen\u00e7, \u00f6yk\u00fclerinde yer verdi\u011fi kahramanlar\u0131n hik\u00e2yelerini yazmam\u0131\u015f da, bu kahramanlar\u0131 ete kemi\u011fe b\u00fcr\u00fcnd\u00fcr\u00fcp, okurun kar\u015f\u0131s\u0131na ge\u00e7melerini sa\u011flam\u0131\u015f \u00e2deta. Kahramanlar\u0131 o kadar g\u00fc\u00e7l\u00fc ve ger\u00e7ek ki, hik\u00e2yelerini okurken sadece anlamak de\u011fil, hislerine ortak olmak kal\u0131yor okura. \u0130ncelikle kurgulanm\u0131\u015f, \u00f6zenle se\u00e7ilmi\u015f kelimeler; kimi zaman okurun bo\u011faz\u0131nda d\u00fc\u011f\u00fcmleniyor, kimi zaman ise bir bahar esintisi olup ferahlat\u0131yor y\u00fcrekleri.   \u201cAkl\u0131m\u0131n hen\u00fcz ermedi\u011fi i\u00e7sel birtak\u0131m fikirleri kaleme al\u0131yormu\u015fum me\u011ferse! Klavyenin \u00e7\u0131t \u00e7\u0131t \u00e7\u0131t diye \u00e7\u0131kan meditatif sesi y\u00fcz\u00fcnden hi\u00e7 haberim olmuyor, sonradan \u00f6\u011freniyorum bunlar\u0131. O esnada, bilin\u00e7 d\u0131\u015f\u0131 olarak parmaklar\u0131m\u0131 hareket ettirirken \u00e7ok \u00f6zel bir s\u0131rr\u0131m\u0131 da ele verebilirim hani! Kendimi kapt\u0131rm\u0131\u015f, i\u00e7imi d\u00f6kerken \u201cAcaba okuyanlar bundan ne anlam \u00e7\u0131kar\u0131r, metnin \u00f6z\u00fcnde ger\u00e7ekten ben ne demek istemi\u015fim?\u201d diye merak ediyorum do\u011frusu. \u0130\u015fin ger\u00e7e\u011fi, kendimi aptalca tehlikeye att\u0131\u011f\u0131m sak\u0131ncal\u0131 bir eylem, yaz\u0131 yazmak benim i\u00e7in.\u201d<\/p>\n","protected":false},"excerpt":{"rendered":"<p>Bilge Gen\u00e7, \u00f6yk\u00fclerinde yer verdi\u011fi kahramanlar\u0131n hik\u00e2yelerini yazmam\u0131\u015f da, bu kahramanlar\u0131 ete kemi\u011fe b\u00fcr\u00fcnd\u00fcr\u00fcp, okurun kar\u015f\u0131s\u0131na ge\u00e7melerini sa\u011flam\u0131\u015f \u00e2deta. Kahramanlar\u0131 o kadar g\u00fc\u00e7l\u00fc ve ger\u00e7ek ki,<span class=\"excerpt-hellip\"> [\u2026]<\/span><\/p>\n","protected":false},"featured_media":0,"template":"","meta":{"_monsterinsights_skip_tracking":false,"_monsterinsights_sitenote_active":false,"_monsterinsights_sitenote_note":"","_monsterinsights_sitenote_category":0},"product_brand":[],"product_cat":[12291,18202],"product_tag":[],"class_list":{"0":"post-752062","1":"product","2":"type-product","3":"status-publish","5":"product_cat-edebiyat","6":"product_cat-hikaye","7":"pa_cilt-ciltsiz","8":"pa_tur-kitap","9":"pa_yayinevi-luna-yayinlari","10":"pa_yazar-bilge-genc","12":"first","13":"instock","14":"sale","15":"shipping-taxable","16":"purchasable","17":"product-type-simple"},"_links":{"self":[{"href":"https:\/\/roveyayinevi.com.tr\/index.php\/wp-json\/wp\/v2\/product\/752062","targetHints":{"allow":["GET"]}}],"collection":[{"href":"https:\/\/roveyayinevi.com.tr\/index.php\/wp-json\/wp\/v2\/product"}],"about":[{"href":"https:\/\/roveyayinevi.com.tr\/index.php\/wp-json\/wp\/v2\/types\/product"}],"wp:attachment":[{"href":"https:\/\/roveyayinevi.com.tr\/index.php\/wp-json\/wp\/v2\/media?parent=752062"}],"wp:term":[{"taxonomy":"product_brand","embeddable":true,"href":"https:\/\/roveyayinevi.com.tr\/index.php\/wp-json\/wp\/v2\/product_brand?post=752062"},{"taxonomy":"product_cat","embeddable":true,"href":"https:\/\/roveyayinevi.com.tr\/index.php\/wp-json\/wp\/v2\/product_cat?post=752062"},{"taxonomy":"product_tag","embeddable":true,"href":"https:\/\/roveyayinevi.com.tr\/index.php\/wp-json\/wp\/v2\/product_tag?post=752062"}],"curies":[{"name":"wp","href":"https:\/\/api.w.org\/{rel}","templated":true}]}}