{"id":752060,"date":"2025-08-28T05:05:50","date_gmt":"2025-08-28T02:05:50","guid":{"rendered":"https:\/\/roveyayinevi.com.tr\/index.php\/urun\/cilgin-orkestra\/"},"modified":"2026-04-16T03:05:32","modified_gmt":"2026-04-16T00:05:32","slug":"cilgin-orkestra","status":"publish","type":"product","link":"https:\/\/roveyayinevi.com.tr\/index.php\/urun\/cilgin-orkestra\/","title":{"rendered":"\u00c7\u0131lg\u0131n Orkestra"},"content":{"rendered":"<p>\u0130pek, \u00f6\u011fretmeninden bir M\u00dcZ\u0130K YARI\u015eMASI yap\u0131laca\u011f\u0131n\u0131 \u00f6\u011frenir. Hi\u00e7 d\u00fc\u015f\u00fcnmeden kat\u0131lmak ister. Ama bunun i\u00e7in bir m\u00fczik grubunun olmas\u0131 gerekmektedir. \u00c7\u00fcnk\u00fc&#8230; Notalar bile tek ba\u015f\u0131na anlams\u0131zd\u0131r, bir araya gelince m\u00fczik olu\u015fur. \u0130pek, arkada\u015flar\u0131n\u0131 yar\u0131\u015fma i\u00e7in ikna edebilecek midir? Bir m\u00fczik grubu kurabilse bile nereden ve nas\u0131l ba\u015flamal\u0131d\u0131r? M\u00fczik yapmak i\u00e7in ne gereklidir?   M\u00fczik d\u00fcnyadaki t\u00fcm \u00e7ocuklar\u0131 kucaklayan, hayal kurduran; s\u0131n\u0131rs\u0131z, bamba\u015fka bir d\u00fcnyan\u0131n kap\u0131lar\u0131n\u0131 aralayan dildir. Sen de bu d\u00fcnyaya kat\u0131lmak istiyorsan sesleri bir araya getirmen yeterli. Her \u015fey o m\u00fczikte gizli. Haydi sen de dinle o sesi!<\/p>\n","protected":false},"excerpt":{"rendered":"<p>\u0130pek, \u00f6\u011fretmeninden bir M\u00dcZ\u0130K YARI\u015eMASI yap\u0131laca\u011f\u0131n\u0131 \u00f6\u011frenir. Hi\u00e7 d\u00fc\u015f\u00fcnmeden kat\u0131lmak ister. Ama bunun i\u00e7in bir m\u00fczik grubunun olmas\u0131 gerekmektedir. \u00c7\u00fcnk\u00fc&#8230; Notalar bile tek ba\u015f\u0131na anlams\u0131zd\u0131r, bir<span class=\"excerpt-hellip\"> [\u2026]<\/span><\/p>\n","protected":false},"featured_media":0,"template":"","meta":{"_monsterinsights_skip_tracking":false,"_monsterinsights_sitenote_active":false,"_monsterinsights_sitenote_note":"","_monsterinsights_sitenote_category":0},"product_brand":[],"product_cat":[12274,12284],"product_tag":[],"class_list":{"0":"post-752060","1":"product","2":"type-product","3":"status-publish","5":"product_cat-cocuk-ve-genclik-kitaplari","6":"product_cat-hikayeler","7":"pa_cilt-ciltsiz","8":"pa_tur-kitap","9":"pa_yayinevi-luna-cocuk-yayinlari","10":"pa_yazar-burcu-karacan-gunduz","12":"first","13":"instock","14":"sale","15":"shipping-taxable","16":"purchasable","17":"product-type-simple"},"_links":{"self":[{"href":"https:\/\/roveyayinevi.com.tr\/index.php\/wp-json\/wp\/v2\/product\/752060","targetHints":{"allow":["GET"]}}],"collection":[{"href":"https:\/\/roveyayinevi.com.tr\/index.php\/wp-json\/wp\/v2\/product"}],"about":[{"href":"https:\/\/roveyayinevi.com.tr\/index.php\/wp-json\/wp\/v2\/types\/product"}],"wp:attachment":[{"href":"https:\/\/roveyayinevi.com.tr\/index.php\/wp-json\/wp\/v2\/media?parent=752060"}],"wp:term":[{"taxonomy":"product_brand","embeddable":true,"href":"https:\/\/roveyayinevi.com.tr\/index.php\/wp-json\/wp\/v2\/product_brand?post=752060"},{"taxonomy":"product_cat","embeddable":true,"href":"https:\/\/roveyayinevi.com.tr\/index.php\/wp-json\/wp\/v2\/product_cat?post=752060"},{"taxonomy":"product_tag","embeddable":true,"href":"https:\/\/roveyayinevi.com.tr\/index.php\/wp-json\/wp\/v2\/product_tag?post=752060"}],"curies":[{"name":"wp","href":"https:\/\/api.w.org\/{rel}","templated":true}]}}