{"id":752058,"date":"2025-08-28T05:05:47","date_gmt":"2025-08-28T02:05:47","guid":{"rendered":"https:\/\/roveyayinevi.com.tr\/index.php\/urun\/gorunmez-kanatlar-hayallerinin-pesinde\/"},"modified":"2026-04-16T03:05:32","modified_gmt":"2026-04-16T00:05:32","slug":"gorunmez-kanatlar-hayallerinin-pesinde","status":"publish","type":"product","link":"https:\/\/roveyayinevi.com.tr\/index.php\/urun\/gorunmez-kanatlar-hayallerinin-pesinde\/","title":{"rendered":"G\u00f6r\u00fcnmez Kanatlar Hayallerinin Pe\u015finde"},"content":{"rendered":"<p>Hayal kurmak, nefes almak gibi\u2026   Bazen bir ku\u015f olup a\u011fac\u0131n dal\u0131na konmak, bazen bir elma olup a\u011fac\u0131n dibine d\u00fc\u015fmek. Hayallerimiz kadar bu d\u00fcnyada kaybolur, hayallerimiz kadar ya\u015famda var oluruz. G\u00fcnd\u00fcze s\u0131r olan y\u0131ld\u0131z, geceye iyi geceler \u00f6p\u00fcc\u00fc\u011f\u00fc veren g\u00fcne\u015f ve d\u00fcnyan\u0131n yolda\u015f\u0131 ay oluruz.   \u0130\u015fte bu hik\u00e2ye, g\u00f6r\u00fcnmez kanatlar\u0131yla, t\u00fcm evreni dola\u015fan, sevgi dolu bir \u00e7ocu\u011fun hik\u00e2yesi!   Bir hayal \u00e7ocu\u011fun hik\u00e2yesi&#8230;   *** \u201cHayal kurmak dedi\u011fimiz \u015fey, insan\u0131n bu d\u00fcnyadaki g\u00f6r\u00fcnmez kanatlar\u0131d\u0131r.\u201d<\/p>\n","protected":false},"excerpt":{"rendered":"<p>Hayal kurmak, nefes almak gibi\u2026 Bazen bir ku\u015f olup a\u011fac\u0131n dal\u0131na konmak, bazen bir elma olup a\u011fac\u0131n dibine d\u00fc\u015fmek. Hayallerimiz kadar bu d\u00fcnyada kaybolur, hayallerimiz kadar<span class=\"excerpt-hellip\"> [\u2026]<\/span><\/p>\n","protected":false},"featured_media":0,"template":"","meta":{"_monsterinsights_skip_tracking":false,"_monsterinsights_sitenote_active":false,"_monsterinsights_sitenote_note":"","_monsterinsights_sitenote_category":0},"product_brand":[],"product_cat":[12274,12284],"product_tag":[],"class_list":{"0":"post-752058","1":"product","2":"type-product","3":"status-publish","5":"product_cat-cocuk-ve-genclik-kitaplari","6":"product_cat-hikayeler","7":"pa_cilt-ciltsiz","8":"pa_tur-kitap","9":"pa_yayinevi-luna-cocuk-yayinlari","10":"pa_yazar-cemile-arisoy","12":"first","13":"instock","14":"sale","15":"shipping-taxable","16":"purchasable","17":"product-type-simple"},"_links":{"self":[{"href":"https:\/\/roveyayinevi.com.tr\/index.php\/wp-json\/wp\/v2\/product\/752058","targetHints":{"allow":["GET"]}}],"collection":[{"href":"https:\/\/roveyayinevi.com.tr\/index.php\/wp-json\/wp\/v2\/product"}],"about":[{"href":"https:\/\/roveyayinevi.com.tr\/index.php\/wp-json\/wp\/v2\/types\/product"}],"wp:attachment":[{"href":"https:\/\/roveyayinevi.com.tr\/index.php\/wp-json\/wp\/v2\/media?parent=752058"}],"wp:term":[{"taxonomy":"product_brand","embeddable":true,"href":"https:\/\/roveyayinevi.com.tr\/index.php\/wp-json\/wp\/v2\/product_brand?post=752058"},{"taxonomy":"product_cat","embeddable":true,"href":"https:\/\/roveyayinevi.com.tr\/index.php\/wp-json\/wp\/v2\/product_cat?post=752058"},{"taxonomy":"product_tag","embeddable":true,"href":"https:\/\/roveyayinevi.com.tr\/index.php\/wp-json\/wp\/v2\/product_tag?post=752058"}],"curies":[{"name":"wp","href":"https:\/\/api.w.org\/{rel}","templated":true}]}}