{"id":752056,"date":"2025-08-28T05:05:44","date_gmt":"2025-08-28T02:05:44","guid":{"rendered":"https:\/\/roveyayinevi.com.tr\/index.php\/urun\/asla-yalniz-degilsin\/"},"modified":"2026-04-16T03:05:31","modified_gmt":"2026-04-16T00:05:31","slug":"asla-yalniz-degilsin","status":"publish","type":"product","link":"https:\/\/roveyayinevi.com.tr\/index.php\/urun\/asla-yalniz-degilsin\/","title":{"rendered":"Asla Yaln\u0131z De\u011filsin"},"content":{"rendered":"<p>\u201cG\u00fczel gezegenimiz, her an bize bol bol hediyeler verir. \u00c7evremizdeki zengin ye\u015fillik d\u00fcnyas\u0131 bizi korur.\u201d     \u0130nsan do\u011fan\u0131n bir par\u00e7as\u0131. Yerimizde sabit kalmam\u0131z\u0131 sa\u011flayan yer \u00e7ekiminden d\u00f6rt bir yan\u0131m\u0131zdaki bitkiler taraf\u0131ndan \u00fcretilen oksijene ve hastal\u0131klara kar\u015f\u0131 ba\u011f\u0131\u015f\u0131kl\u0131k kazanmam\u0131z\u0131 sa\u011flayan say\u0131s\u0131z mikroorganizmaya kadar do\u011fan\u0131n, ya\u015fam\u0131n her alan\u0131nda katk\u0131s\u0131 var.   Bu d\u00fc\u015f\u00fcnd\u00fcr\u00fcc\u00fc ve ilham verici kitap, g\u00fcncel bilimsel verileri kullanarak insan\u0131n do\u011fayla nas\u0131l derinden ba\u011flant\u0131l\u0131 oldu\u011funu; bitkiler, hayvanlar ve bizi \u00e7evreleyen t\u00fcm canl\u0131larla kurdu\u011fu ba\u011flant\u0131 ile nas\u0131l geli\u015fti\u011fini ortaya koyuyor.   D\u00fcnyan\u0131n pek \u00e7ok sorunla kar\u015f\u0131 kar\u015f\u0131ya bulundu\u011fu bir zamanda Asla Yaln\u0131z De\u011filsin, birlikteli\u011fin bu gezegen \u00fczerinde payla\u015ft\u0131\u011f\u0131m\u0131z ya\u015fam i\u00e7in hayati \u00f6neme sahip oldu\u011funu bize hat\u0131rlat\u0131yor. <\/p>\n","protected":false},"excerpt":{"rendered":"<p>\u201cG\u00fczel gezegenimiz, her an bize bol bol hediyeler verir. \u00c7evremizdeki zengin ye\u015fillik d\u00fcnyas\u0131 bizi korur.\u201d \u0130nsan do\u011fan\u0131n bir par\u00e7as\u0131. Yerimizde sabit kalmam\u0131z\u0131 sa\u011flayan yer \u00e7ekiminden d\u00f6rt<span class=\"excerpt-hellip\"> [\u2026]<\/span><\/p>\n","protected":false},"featured_media":0,"template":"","meta":{"_monsterinsights_skip_tracking":false,"_monsterinsights_sitenote_active":false,"_monsterinsights_sitenote_note":"","_monsterinsights_sitenote_category":0},"product_brand":[],"product_cat":[12274],"product_tag":[],"class_list":{"0":"post-752056","1":"product","2":"type-product","3":"status-publish","5":"product_cat-cocuk-ve-genclik-kitaplari","6":"pa_cilt-ciltsiz","7":"pa_tur-kitap","8":"pa_yayinevi-1001-cicek-kitaplar","9":"pa_yazar-elin-kelsey","11":"first","12":"instock","13":"sale","14":"shipping-taxable","15":"purchasable","16":"product-type-simple"},"_links":{"self":[{"href":"https:\/\/roveyayinevi.com.tr\/index.php\/wp-json\/wp\/v2\/product\/752056","targetHints":{"allow":["GET"]}}],"collection":[{"href":"https:\/\/roveyayinevi.com.tr\/index.php\/wp-json\/wp\/v2\/product"}],"about":[{"href":"https:\/\/roveyayinevi.com.tr\/index.php\/wp-json\/wp\/v2\/types\/product"}],"wp:attachment":[{"href":"https:\/\/roveyayinevi.com.tr\/index.php\/wp-json\/wp\/v2\/media?parent=752056"}],"wp:term":[{"taxonomy":"product_brand","embeddable":true,"href":"https:\/\/roveyayinevi.com.tr\/index.php\/wp-json\/wp\/v2\/product_brand?post=752056"},{"taxonomy":"product_cat","embeddable":true,"href":"https:\/\/roveyayinevi.com.tr\/index.php\/wp-json\/wp\/v2\/product_cat?post=752056"},{"taxonomy":"product_tag","embeddable":true,"href":"https:\/\/roveyayinevi.com.tr\/index.php\/wp-json\/wp\/v2\/product_tag?post=752056"}],"curies":[{"name":"wp","href":"https:\/\/api.w.org\/{rel}","templated":true}]}}