{"id":752055,"date":"2025-08-28T05:05:44","date_gmt":"2025-08-28T02:05:44","guid":{"rendered":"https:\/\/roveyayinevi.com.tr\/index.php\/urun\/yeniden-yapilan-gezegen\/"},"modified":"2026-04-16T03:05:31","modified_gmt":"2026-04-16T00:05:31","slug":"yeniden-yapilan-gezegen","status":"publish","type":"product","link":"https:\/\/roveyayinevi.com.tr\/index.php\/urun\/yeniden-yapilan-gezegen\/","title":{"rendered":"Yeniden Yap\u0131lan Gezegen"},"content":{"rendered":"<p>Ge\u00e7ti\u011fimiz yu\u0308zy\u0131lda gezegenimizde meydana gelen de\u011fi\u015fimler \u00e7o\u011fumuzun fark etti\u011finden daha derin. Ku\u0308resel \u0131s\u0131nman\u0131n riskleri olduk\u00e7a ciddi ve potansiyel olarak \u00e7ok bu\u0308yu\u0308k. Fakat di\u011fer yandan, fosil yak\u0131tlar olmaks\u0131z\u0131n kalk\u0131nman\u0131n zorlu\u011fu da u\u0308rku\u0308tu\u0308cu\u0308 hatta muhtemelen a\u015f\u0131lamaz. Dolay\u0131s\u0131yla krize verilen tepkilerin ivedilikle yeniden du\u0308\u015fu\u0308nu\u0308lmesi gereken bir zamanda, ku\u0308\u00e7u\u0308k ama giderek daha nu\u0308fuzlu hale gelen bir grup bilim insan\u0131, halihaz\u0131rda, iklim sistemine y\u00f6nelik planl\u0131 insan mu\u0308dahalesi \u00f6nerilerini de\u011ferlendiriyor: gu\u0308ne\u015fe kar\u015f\u0131 stratosferik bir \u00f6rtu\u0308, fotosentetik planktonlar\u0131n yeti\u015ftirilmesi, bulutlar\u0131 tohumlayan insans\u0131z gemi filolar\u0131\u2026 Oliver Morton\u2019a g\u00f6re, bu jeomu\u0308hendislik teknolojilerini g\u00f6rmezden gelmek ne kadar sorumsuzluksa, iklim sorununa verilecek cevab\u0131 basit bir \u00e7\u00f6zu\u0308m olarak g\u00f6rmek de bir o kadar hatal\u0131 bir yakla\u015f\u0131md\u0131r. Yeniden Yap\u0131lan Gezegen, i\u015fte tam da buradan hareketle, jeomu\u0308hendisli\u011fin tarihini, politikas\u0131n\u0131 ve konuyla ilgili son teknolojileri inceliyor. Morton, bu tart\u0131\u015fmal\u0131 stratejilerin vaatlerini ve tehlikelerini mu\u0308mku\u0308n olan en geni\u015f ba\u011flamda de\u011ferlendiriyor. \u0130klim de\u011fi\u015fikli\u011finin sadece yirmi birinci y\u00fczy\u0131l\u0131n temel siyasi sorunu olmad\u0131\u011f\u0131n\u0131n dikkatle alt\u0131n\u0131 \u00e7izen Yeniden Yap\u0131lan Gezegen, sorunu \u00e7\u00f6zmedeki ba\u015far\u0131s\u0131zl\u0131\u011f\u0131m\u0131z\u0131n nedenlerini de masaya yat\u0131r\u0131yor ve \u00e7\u00f6zu\u0308me dair umudu tekrar ye\u015fertiyor. \u0130nsanlar\u0131 do\u011fadaki bir gu\u0308\u00e7 unsuru olarak g\u00f6rmenin yaratt\u0131\u011f\u0131 bu\u0308yu\u0308k korkuya i\u015faret ederken, asl\u0131nda bu gu\u0308cu\u0308 insan yarar\u0131na kullanmaya \u00e7al\u0131\u015fman\u0131n ne anlama geldi\u011fini ileri g\u00f6ru\u0308\u015flu\u0308lu\u0308kle okura a\u00e7\u0131kl\u0131yor. Jeomu\u0308hendislik u\u0308zerine hayati bir kitap. \u2013Andrew Revkin, Dot Earth, New York Times \u00c7ok az bilim kitab\u0131 bu kadar \u00f6nemli, gu\u0308ncel ve etkileyicidir. Tu\u0308m ger\u00e7ekleri bu\u0308yu\u0308k bir a\u00e7\u0131kl\u0131kla ve uzun uzad\u0131ya ortaya koyan, bir sonuca varan ama karar\u0131 size b\u0131rakan bir kitap\u2026 \u2013Cory Doctorow, Boing Boing<\/p>\n","protected":false},"excerpt":{"rendered":"<p>Ge\u00e7ti\u011fimiz yu\u0308zy\u0131lda gezegenimizde meydana gelen de\u011fi\u015fimler \u00e7o\u011fumuzun fark etti\u011finden daha derin. Ku\u0308resel \u0131s\u0131nman\u0131n riskleri olduk\u00e7a ciddi ve potansiyel olarak \u00e7ok bu\u0308yu\u0308k. Fakat di\u011fer yandan, fosil yak\u0131tlar<span class=\"excerpt-hellip\"> [\u2026]<\/span><\/p>\n","protected":false},"featured_media":0,"template":"","meta":{"_monsterinsights_skip_tracking":false,"_monsterinsights_sitenote_active":false,"_monsterinsights_sitenote_note":"","_monsterinsights_sitenote_category":0},"product_brand":[],"product_cat":[13005,37328],"product_tag":[],"class_list":{"0":"post-752055","1":"product","2":"type-product","3":"status-publish","5":"product_cat-bilim-muhendislik","6":"product_cat-diger-bilim-muhendislik","7":"pa_cilt-ciltsiz","8":"pa_tur-kitap","9":"pa_yayinevi-ketebe-yayinlari","10":"pa_yazar-oliver-morton","12":"first","13":"instock","14":"sale","15":"shipping-taxable","16":"purchasable","17":"product-type-simple"},"_links":{"self":[{"href":"https:\/\/roveyayinevi.com.tr\/index.php\/wp-json\/wp\/v2\/product\/752055","targetHints":{"allow":["GET"]}}],"collection":[{"href":"https:\/\/roveyayinevi.com.tr\/index.php\/wp-json\/wp\/v2\/product"}],"about":[{"href":"https:\/\/roveyayinevi.com.tr\/index.php\/wp-json\/wp\/v2\/types\/product"}],"wp:attachment":[{"href":"https:\/\/roveyayinevi.com.tr\/index.php\/wp-json\/wp\/v2\/media?parent=752055"}],"wp:term":[{"taxonomy":"product_brand","embeddable":true,"href":"https:\/\/roveyayinevi.com.tr\/index.php\/wp-json\/wp\/v2\/product_brand?post=752055"},{"taxonomy":"product_cat","embeddable":true,"href":"https:\/\/roveyayinevi.com.tr\/index.php\/wp-json\/wp\/v2\/product_cat?post=752055"},{"taxonomy":"product_tag","embeddable":true,"href":"https:\/\/roveyayinevi.com.tr\/index.php\/wp-json\/wp\/v2\/product_tag?post=752055"}],"curies":[{"name":"wp","href":"https:\/\/api.w.org\/{rel}","templated":true}]}}