{"id":752054,"date":"2025-08-28T05:05:43","date_gmt":"2025-08-28T02:05:43","guid":{"rendered":"https:\/\/roveyayinevi.com.tr\/index.php\/urun\/mehmet-feyzi-efendiden-feyizler-tuzaklar-ve-uyarilar\/"},"modified":"2026-04-16T03:05:31","modified_gmt":"2026-04-16T00:05:31","slug":"mehmet-feyzi-efendiden-feyizler-tuzaklar-ve-uyarilar","status":"publish","type":"product","link":"https:\/\/roveyayinevi.com.tr\/index.php\/urun\/mehmet-feyzi-efendiden-feyizler-tuzaklar-ve-uyarilar\/","title":{"rendered":"Mehmet Feyzi Efendi\u2019den Feyizler Tuzaklar ve Uyar\u0131lar"},"content":{"rendered":"<p>\u0130mtihan meydan\u0131 olan \u015fu yalan d\u00fcnya, \u0130blis \u2019in tuzaklar\u0131 ve yalanlar\u0131yla doludur. Bunlar ancak ve ancak peygamber denilen kutlu \u015fahsiyetlerin rehberli\u011finde a\u015f\u0131labilir. O nur abideleri de b\u00fct\u00fcn bu kaoslardan ve fitnelerden, Y\u00fcce Allah\u2019\u0131n kendilerine sundu\u011fu mukaddes kitaplara bakarak ve uyarak kendilerini ve yanlar\u0131nda yer alan iman sahiplerini \u00e7ekip \u00e7\u0131karabildiler. Bu demektir ki, \u015feytandan ve onun ak\u0131l almaz tuzaklar\u0131ndan kurtulu\u015fun yeg\u00e2ne yolu ve tekni\u011fi, Y\u00fcce Allah&#8217;\u0131n bizlere beyan buyurdu\u011fu uyar\u0131lar ve bilgilerdir. Onun i\u00e7in bu meyanda yeg\u00e2ne \u00e7aremiz, Sevgili Peygamberimiz \u2018in rehberli\u011finde Y\u00fcce Kitab\u0131m\u0131z, Kur\u2019\u00e2n-\u0131 Hak\u00eem&#8217;i hakk\u0131yla anlamak ve O&#8217;nun rahmet, letafet ve s\u0131rlar bah\u015feden \u00f6nerileri do\u011frultusunda yol almakt\u0131r. \u0130blis hi\u00e7 ku\u015fkusuz bu \u00e2lemde cad\u0131lar\u0131n \u015fah\u0131d\u0131r. O, amans\u0131z bir d\u00fc\u015fman olarak g\u00f6rd\u00fc\u011f\u00fc insan t\u00fcr\u00fc i\u00e7in, ak\u0131llara durgunluklar veren hile ve tuzaklar haz\u0131rlamaktad\u0131r. D\u00fczenbazl\u0131\u011f\u0131 ve f\u0131rsat\u00e7\u0131l\u0131\u011f\u0131 ile me\u015fhur olan bu kalpazan ve korsan yarat\u0131k, insanlar\u0131 ayartmak ve yoldan \u00e7\u0131kartmak i\u00e7in s\u00fcrekli hamleler yapar. E\u011fer kar\u015f\u0131s\u0131ndaki insan bilgisiz, g\u00f6rg\u00fcs\u00fcz ve korunmas\u0131z ise, \u00fczerine \u00fczerine giderek onu fitne ve fesatlar\u0131yla avc\u0131 k\u00f6pekleri gibi avlar ve hilek\u00e2r tilkiler gibi bo\u011far. <\/p>\n","protected":false},"excerpt":{"rendered":"<p>\u0130mtihan meydan\u0131 olan \u015fu yalan d\u00fcnya, \u0130blis \u2019in tuzaklar\u0131 ve yalanlar\u0131yla doludur. Bunlar ancak ve ancak peygamber denilen kutlu \u015fahsiyetlerin rehberli\u011finde a\u015f\u0131labilir. O nur abideleri de<span class=\"excerpt-hellip\"> [\u2026]<\/span><\/p>\n","protected":false},"featured_media":0,"template":"","meta":{"_monsterinsights_skip_tracking":false,"_monsterinsights_sitenote_active":false,"_monsterinsights_sitenote_note":"","_monsterinsights_sitenote_category":0},"product_brand":[],"product_cat":[13036,12718,12719],"product_tag":[],"class_list":{"0":"post-752054","1":"product","2":"type-product","3":"status-publish","5":"product_cat-arastirma-inceleme-islam","6":"product_cat-din","7":"product_cat-islam","8":"pa_cilt-ciltsiz","9":"pa_tur-kitap","10":"pa_yayinevi-altinordu-yayinlari","11":"pa_yazar-musa-ozdag","13":"first","14":"instock","15":"sale","16":"shipping-taxable","17":"purchasable","18":"product-type-simple"},"_links":{"self":[{"href":"https:\/\/roveyayinevi.com.tr\/index.php\/wp-json\/wp\/v2\/product\/752054","targetHints":{"allow":["GET"]}}],"collection":[{"href":"https:\/\/roveyayinevi.com.tr\/index.php\/wp-json\/wp\/v2\/product"}],"about":[{"href":"https:\/\/roveyayinevi.com.tr\/index.php\/wp-json\/wp\/v2\/types\/product"}],"wp:attachment":[{"href":"https:\/\/roveyayinevi.com.tr\/index.php\/wp-json\/wp\/v2\/media?parent=752054"}],"wp:term":[{"taxonomy":"product_brand","embeddable":true,"href":"https:\/\/roveyayinevi.com.tr\/index.php\/wp-json\/wp\/v2\/product_brand?post=752054"},{"taxonomy":"product_cat","embeddable":true,"href":"https:\/\/roveyayinevi.com.tr\/index.php\/wp-json\/wp\/v2\/product_cat?post=752054"},{"taxonomy":"product_tag","embeddable":true,"href":"https:\/\/roveyayinevi.com.tr\/index.php\/wp-json\/wp\/v2\/product_tag?post=752054"}],"curies":[{"name":"wp","href":"https:\/\/api.w.org\/{rel}","templated":true}]}}