{"id":752053,"date":"2025-08-28T05:05:42","date_gmt":"2025-08-28T02:05:42","guid":{"rendered":"https:\/\/roveyayinevi.com.tr\/index.php\/urun\/isletme-yonetiminde-yapay-zeka\/"},"modified":"2026-04-16T03:05:31","modified_gmt":"2026-04-16T00:05:31","slug":"isletme-yonetiminde-yapay-zeka","status":"publish","type":"product","link":"https:\/\/roveyayinevi.com.tr\/index.php\/urun\/isletme-yonetiminde-yapay-zeka\/","title":{"rendered":"\u0130\u015fletme Y\u00f6netiminde Yapay Zeka"},"content":{"rendered":"<p>\u0130\u00e7indekiler   B\u0130R\u0130NC\u0130 B\u00d6L\u00dcM ORGAN\u0130ZASYONLARDA YAPAY ZEK\u00c2 VE \u0130\u015eG\u00d6REN ETK\u0130LE\u015e\u0130M\u0130: \u0130\u015eLER\u0130 YEN\u0130DEN TASARLAMAK   \u0130K\u0130NC\u0130 B\u00d6L\u00dcM YAPAY ZEK\u00c2, R\u0130SK VE BEL\u0130RS\u0130ZL\u0130K ALTINDA KARAR VEREB\u0130L\u0130R M\u0130?   \u00dc\u00c7\u00dcNC\u00dc B\u00d6L\u00dcM \u0130NSAN KAYNAKLARI Y\u00d6NET\u0130M\u0130NDE YAPAY ZEK\u00c2   D\u00d6RD\u00dcNC\u00dc B\u00d6L\u00dcM G\u00dcNCEL PAZARLAMADA YAPAY ZEK\u00c2NIN BAZI UYGULAMA ALANLARI   BE\u015e\u0130NC\u0130 B\u00d6L\u00dcM MARKALA\u015eMA S\u00dcREC\u0130NDE YAPAY ZEK\u00c2 AKILLI MARKA \u015eEH\u0130RLER   ALTINCI B\u00d6L\u00dcM G\u00d6RSEL \u0130LET\u0130\u015e\u0130MDE YAPAY ZEK\u00c2 YED\u0130NC\u0130 B\u00d6L\u00dcM MAK\u0130NE \u00d6\u011eRENMES\u0130 YANILAB\u0130L\u0130R M\u0130?   SEK\u0130Z\u0130NC\u0130 B\u00d6L\u00dcM F\u0130NANS SEKT\u00d6R\u00dcNDE YAPAY ZEK\u00c2 KULLANIMI   DOKUZUNCU B\u00d6L\u00dcM \u0130KL\u0130M F\u0130NANSMANINDA YAPAY ZEK\u00c2NIN ROL\u00dc   ONUNCU B\u00d6L\u00dcM \u0130\u015eLETMELERDE YAPAY ZEK\u00c2NIN HUKUK\u0130 SORUMLULU\u011eU <\/p>\n","protected":false},"excerpt":{"rendered":"<p>\u0130\u00e7indekiler B\u0130R\u0130NC\u0130 B\u00d6L\u00dcM ORGAN\u0130ZASYONLARDA YAPAY ZEK\u00c2 VE \u0130\u015eG\u00d6REN ETK\u0130LE\u015e\u0130M\u0130: \u0130\u015eLER\u0130 YEN\u0130DEN TASARLAMAK \u0130K\u0130NC\u0130 B\u00d6L\u00dcM YAPAY ZEK\u00c2, R\u0130SK VE BEL\u0130RS\u0130ZL\u0130K ALTINDA KARAR VEREB\u0130L\u0130R M\u0130? \u00dc\u00c7\u00dcNC\u00dc B\u00d6L\u00dcM \u0130NSAN<span class=\"excerpt-hellip\"> [\u2026]<\/span><\/p>\n","protected":false},"featured_media":0,"template":"","meta":{"_monsterinsights_skip_tracking":false,"_monsterinsights_sitenote_active":false,"_monsterinsights_sitenote_note":"","_monsterinsights_sitenote_category":0},"product_brand":[],"product_cat":[13043,14381],"product_tag":[],"class_list":{"0":"post-752053","1":"product","2":"type-product","3":"status-publish","5":"product_cat-ekonomi","6":"product_cat-isletme-muhasebe-maliye","7":"pa_cilt-ciltsiz","8":"pa_tur-kitap","9":"pa_yayinevi-gazi-kitabevi","10":"pa_yazar-kolektif","12":"first","13":"instock","14":"sale","15":"shipping-taxable","16":"purchasable","17":"product-type-simple"},"_links":{"self":[{"href":"https:\/\/roveyayinevi.com.tr\/index.php\/wp-json\/wp\/v2\/product\/752053","targetHints":{"allow":["GET"]}}],"collection":[{"href":"https:\/\/roveyayinevi.com.tr\/index.php\/wp-json\/wp\/v2\/product"}],"about":[{"href":"https:\/\/roveyayinevi.com.tr\/index.php\/wp-json\/wp\/v2\/types\/product"}],"wp:attachment":[{"href":"https:\/\/roveyayinevi.com.tr\/index.php\/wp-json\/wp\/v2\/media?parent=752053"}],"wp:term":[{"taxonomy":"product_brand","embeddable":true,"href":"https:\/\/roveyayinevi.com.tr\/index.php\/wp-json\/wp\/v2\/product_brand?post=752053"},{"taxonomy":"product_cat","embeddable":true,"href":"https:\/\/roveyayinevi.com.tr\/index.php\/wp-json\/wp\/v2\/product_cat?post=752053"},{"taxonomy":"product_tag","embeddable":true,"href":"https:\/\/roveyayinevi.com.tr\/index.php\/wp-json\/wp\/v2\/product_tag?post=752053"}],"curies":[{"name":"wp","href":"https:\/\/api.w.org\/{rel}","templated":true}]}}