{"id":752048,"date":"2025-08-28T05:05:36","date_gmt":"2025-08-28T02:05:36","guid":{"rendered":"https:\/\/roveyayinevi.com.tr\/index.php\/urun\/kemal-tahir-ve-devlet-ana\/"},"modified":"2026-04-16T03:05:31","modified_gmt":"2026-04-16T00:05:31","slug":"kemal-tahir-ve-devlet-ana","status":"publish","type":"product","link":"https:\/\/roveyayinevi.com.tr\/index.php\/urun\/kemal-tahir-ve-devlet-ana\/","title":{"rendered":"Kemal Tahir ve Devlet Ana"},"content":{"rendered":"<p>Kemal Tahir\u2019in b\u00fcy\u00fck eseri Devlet Ana, gerek dili ve konusu, gerek arka kapa\u011f\u0131nda yer alan \u201cT\u00fcrk roman\u0131\u201d vurgusuyla, yay\u0131mlan\u0131r yay\u0131mlanmaz edebiyat, d\u00fc\u015f\u00fcnce ve sanat \u00e7evrelerinde b\u00fcy\u00fck yank\u0131 bulur. Bu yank\u0131n\u0131n g\u00f6r\u00fclebilece\u011fi en somut \u00f6rneklerden biri de Dost dergisidir. Yay\u0131mlad\u0131\u011f\u0131 \u201cDevlet Ana \u00d6zel Say\u0131s\u0131\u201d ve yedi say\u0131 boyunca y\u00fcr\u00fctt\u00fc\u011f\u00fc soru\u015fturmayla Devlet Ana\u2019n\u0131n sanat ve edebiyat \u00e7evrelerindeki etkisini g\u00f6stermesinin yan\u0131nda \u201cT\u00fcrk roman\u0131\u201d \u00fczerine bir tart\u0131\u015fma ortam\u0131 da yarat\u0131r. Yazar, \u015fair, siyaset\u00e7i, sinemac\u0131&#8230; Bir\u00e7ok \u00e7evreden \u00f6nemli isimlerin Devlet Ana\u2019n\u0131n dili ve konusu; Kemal Tahir\u2019in d\u00fc\u015f\u00fcncesi ve romanc\u0131l\u0131\u011f\u0131 gibi konularda de\u011ferlendirme ve yaz\u0131lar\u0131na yer veren bu soru\u015fturma, \u00e7ok g\u00f6r\u00fc\u015fl\u00fc zengin bir tart\u0131\u015fma sunar. Kemal Tahir ve Devlet Ana adl\u0131 bu \u00e7al\u0131\u015fma, \u201cb\u00fcy\u00fck T\u00fcrk roman\u0131\u201d Devlet Ana\u2019n\u0131n uyand\u0131rd\u0131\u011f\u0131 yank\u0131y\u0131 g\u00f6zler \u00f6n\u00fcne sermesinin yan\u0131nda, T\u00fcrk roman\u0131na dair \u00f6nemli bir tart\u0131\u015fmay\u0131 da g\u00fcn y\u00fcz\u00fcne \u00e7\u0131kart\u0131yor. \u201cDevlet Ana\u2019y\u0131 y\u0131llardan beri aray\u0131p da bulamad\u0131\u011f\u0131m, g\u00f6rmeden \u00f6zledi\u011fim, tan\u0131madan tutuldu\u011fum bir sevgiliye kavu\u015fmu\u015f\u00e7as\u0131na; hasret giderircesine, f\u0131nd\u0131kl\u0131 akide \u015fekeri yercesine, kana kana su i\u00e7ercesine, ana s\u00fct\u00fc emercesine, i\u00e7inde e\u015fi dostu ararcas\u0131na ve kendimizi bulurcas\u0131na okudum.\u201d Emil Galip Sandalc\u0131 <\/p>\n","protected":false},"excerpt":{"rendered":"<p>Kemal Tahir\u2019in b\u00fcy\u00fck eseri Devlet Ana, gerek dili ve konusu, gerek arka kapa\u011f\u0131nda yer alan \u201cT\u00fcrk roman\u0131\u201d vurgusuyla, yay\u0131mlan\u0131r yay\u0131mlanmaz edebiyat, d\u00fc\u015f\u00fcnce ve sanat \u00e7evrelerinde b\u00fcy\u00fck<span class=\"excerpt-hellip\"> [\u2026]<\/span><\/p>\n","protected":false},"featured_media":0,"template":"","meta":{"_monsterinsights_skip_tracking":false,"_monsterinsights_sitenote_active":false,"_monsterinsights_sitenote_note":"","_monsterinsights_sitenote_category":0},"product_brand":[],"product_cat":[13072,12291],"product_tag":[],"class_list":{"0":"post-752048","1":"product","2":"type-product","3":"status-publish","5":"product_cat-arastirma-inceleme-referans","6":"product_cat-edebiyat","7":"pa_cilt-ciltsiz","8":"pa_tur-kitap","9":"pa_yayinevi-ketebe-yayinlari","10":"pa_yazar-kemal-tahir","12":"first","13":"instock","14":"sale","15":"shipping-taxable","16":"purchasable","17":"product-type-simple"},"_links":{"self":[{"href":"https:\/\/roveyayinevi.com.tr\/index.php\/wp-json\/wp\/v2\/product\/752048","targetHints":{"allow":["GET"]}}],"collection":[{"href":"https:\/\/roveyayinevi.com.tr\/index.php\/wp-json\/wp\/v2\/product"}],"about":[{"href":"https:\/\/roveyayinevi.com.tr\/index.php\/wp-json\/wp\/v2\/types\/product"}],"wp:attachment":[{"href":"https:\/\/roveyayinevi.com.tr\/index.php\/wp-json\/wp\/v2\/media?parent=752048"}],"wp:term":[{"taxonomy":"product_brand","embeddable":true,"href":"https:\/\/roveyayinevi.com.tr\/index.php\/wp-json\/wp\/v2\/product_brand?post=752048"},{"taxonomy":"product_cat","embeddable":true,"href":"https:\/\/roveyayinevi.com.tr\/index.php\/wp-json\/wp\/v2\/product_cat?post=752048"},{"taxonomy":"product_tag","embeddable":true,"href":"https:\/\/roveyayinevi.com.tr\/index.php\/wp-json\/wp\/v2\/product_tag?post=752048"}],"curies":[{"name":"wp","href":"https:\/\/api.w.org\/{rel}","templated":true}]}}