{"id":752047,"date":"2025-08-28T05:05:35","date_gmt":"2025-08-28T02:05:35","guid":{"rendered":"https:\/\/roveyayinevi.com.tr\/index.php\/urun\/cengiz-han-ve-mogol-savas-makinesi\/"},"modified":"2026-04-16T03:05:31","modified_gmt":"2026-04-16T00:05:31","slug":"cengiz-han-ve-mogol-savas-makinesi","status":"publish","type":"product","link":"https:\/\/roveyayinevi.com.tr\/index.php\/urun\/cengiz-han-ve-mogol-savas-makinesi\/","title":{"rendered":"Cengiz Han ve Mo\u011fol Sava\u015f Makinesi"},"content":{"rendered":"<p>Bir general, devlet adam\u0131 ve imparatorluk kurucusu olarak Cengiz Han, d\u00fcnya tarihinin en efsanevi ve tart\u0131\u015fmal\u0131 fig\u00fcrlerinden biri. Ola\u011fan\u00fcst\u00fc asker\u00ee ba\u015far\u0131lar\u0131n\u0131n yan\u0131nda, kullanmakta teredd\u00fct etmedi\u011fi ac\u0131mas\u0131z y\u00f6ntemleri de ona \u201cu\u011fursuz bir \u00fcn\u201d bah\u015fetmi\u015fti. Peki Cengiz Han bir imparatorluk mimar\u0131 m\u0131yd\u0131 ger\u00e7ekten, yoksa \u015fans\u0131 da yaver gitmi\u015f ba\u015far\u0131l\u0131 bir e\u015fk\u0131ya m\u0131? D\u00fcnya tarihinin seyrini tek ba\u015f\u0131na de\u011fi\u015ftiren bir d\u00e2hi miydi, yoksa s\u0131radan bir insan iradesinden daha g\u00fc\u00e7l\u00fc kuvvetlere s\u0131rt\u0131n\u0131 vermi\u015f bir orduyla zafere at m\u0131 s\u00fcrm\u00fc\u015ft\u00fc? Mo\u011follar, bilinen d\u00fcnyan\u0131n b\u00fcy\u00fck bir b\u00f6l\u00fcm\u00fcn\u00fc nas\u0131l ele ge\u00e7irmi\u015flerdi? Cengiz ve ordusu ger\u00e7ekten milyonlar\u0131 \u00f6ld\u00fcrm\u00fc\u015f ve \u015f\u00f6hret bulduklar\u0131 \u015fekilde ald\u0131klar\u0131 topraklar\u0131 \u00e7\u00f6le mi \u00e7evirmi\u015flerdi? T\u00fcm bu olan bitenin arkas\u0131nda nas\u0131l bir motivasyon, disiplin ve strateji yat\u0131yordu? Chris Peers\u2019in \u00f6zl\u00fc ve yetkin \u00e7al\u0131\u015fmas\u0131 bu sorulara yan\u0131t ararken, Cengiz gibi bir komutan\u0131n ancak i\u00e7inde do\u011fdu\u011fu Mo\u011fol toplumu ve gelenekleriyle birlikte d\u00fc\u015f\u00fcn\u00fcld\u00fc\u011f\u00fcnde do\u011fru \u015fekilde anla\u015f\u0131labilece\u011fini ortaya koyuyor. Buradan hareketle Peers, Mo\u011follar\u0131n asker\u00ee ve k\u00fclt\u00fcrel ge\u00e7mi\u015fi ile bozk\u0131r toplumlar\u0131 ve ordular\u0131n\u0131n do\u011fas\u0131n\u0131 bir arada de\u011ferlendiriyor ve Mo\u011fol askerlerinin becerilerini, sava\u015f taktiklerini, ahl\u00e2k anlay\u0131\u015flar\u0131n\u0131, nispeten daha yerle\u015fik toplumlar\u0131n askerleriyle sava\u015f\u0131rken sahip olduklar\u0131 avantaj ve dezavantajlar\u0131 ayr\u0131nt\u0131l\u0131 olarak inceliyor. Cengiz Han ve Mo\u011fol Sava\u015f Makinesi, okurunu Orta Asya steplerinden Karadeniz k\u0131y\u0131lar\u0131na uzanan \u00e7ok geni\u015f bir co\u011frafyada s\u00fcr\u00fckleyici bir yolculu\u011fa davet ediyor.<\/p>\n","protected":false},"excerpt":{"rendered":"<p>Bir general, devlet adam\u0131 ve imparatorluk kurucusu olarak Cengiz Han, d\u00fcnya tarihinin en efsanevi ve tart\u0131\u015fmal\u0131 fig\u00fcrlerinden biri. Ola\u011fan\u00fcst\u00fc asker\u00ee ba\u015far\u0131lar\u0131n\u0131n yan\u0131nda, kullanmakta teredd\u00fct etmedi\u011fi ac\u0131mas\u0131z<span class=\"excerpt-hellip\"> [\u2026]<\/span><\/p>\n","protected":false},"featured_media":0,"template":"","meta":{"_monsterinsights_skip_tracking":false,"_monsterinsights_sitenote_active":false,"_monsterinsights_sitenote_note":"","_monsterinsights_sitenote_category":0},"product_brand":[],"product_cat":[12370,12304],"product_tag":[],"class_list":{"0":"post-752047","1":"product","2":"type-product","3":"status-publish","5":"product_cat-arastirma-inceleme","6":"product_cat-tarih","7":"pa_cilt-ciltsiz","8":"pa_tur-kitap","9":"pa_yayinevi-ketebe-yayinlari","10":"pa_yazar-chris-peers","12":"first","13":"instock","14":"sale","15":"shipping-taxable","16":"purchasable","17":"product-type-simple"},"_links":{"self":[{"href":"https:\/\/roveyayinevi.com.tr\/index.php\/wp-json\/wp\/v2\/product\/752047","targetHints":{"allow":["GET"]}}],"collection":[{"href":"https:\/\/roveyayinevi.com.tr\/index.php\/wp-json\/wp\/v2\/product"}],"about":[{"href":"https:\/\/roveyayinevi.com.tr\/index.php\/wp-json\/wp\/v2\/types\/product"}],"wp:attachment":[{"href":"https:\/\/roveyayinevi.com.tr\/index.php\/wp-json\/wp\/v2\/media?parent=752047"}],"wp:term":[{"taxonomy":"product_brand","embeddable":true,"href":"https:\/\/roveyayinevi.com.tr\/index.php\/wp-json\/wp\/v2\/product_brand?post=752047"},{"taxonomy":"product_cat","embeddable":true,"href":"https:\/\/roveyayinevi.com.tr\/index.php\/wp-json\/wp\/v2\/product_cat?post=752047"},{"taxonomy":"product_tag","embeddable":true,"href":"https:\/\/roveyayinevi.com.tr\/index.php\/wp-json\/wp\/v2\/product_tag?post=752047"}],"curies":[{"name":"wp","href":"https:\/\/api.w.org\/{rel}","templated":true}]}}