{"id":752045,"date":"2025-08-28T05:05:33","date_gmt":"2025-08-28T02:05:33","guid":{"rendered":"https:\/\/roveyayinevi.com.tr\/index.php\/urun\/umutlarim\/"},"modified":"2026-04-16T03:05:31","modified_gmt":"2026-04-16T00:05:31","slug":"umutlarim","status":"publish","type":"product","link":"https:\/\/roveyayinevi.com.tr\/index.php\/urun\/umutlarim\/","title":{"rendered":"Umutlar\u0131m"},"content":{"rendered":"<p>\u015eiir, dilin de\u011fil y\u00fcre\u011fin sesidir. Bu \u00e7al\u0131\u015fmada minik y\u00fcreklerindeki duygular\u0131 bizlerle payla\u015fan\u00f6\u011frencilerimizi y\u00fcrekten kutluyorum. \u00d6\u011fretmenli\u011fin yol g\u00f6sterici oldu\u011funu bu g\u00fczel \u00e7al\u0131\u015fma ilebizlere g\u00f6sterdiler. Onlara emek veren ve yol g\u00f6steren de\u011ferli \u00f6\u011fretmenlerimizi tebrik ediyorum.Sevgi ve sayg\u0131lar\u0131mla&#8230;G\u00fclesin MEHMETDolmabah\u00e7e Okullar\u0131Genel M\u00fcd\u00fcr\u00fc<\/p>\n","protected":false},"excerpt":{"rendered":"<p>\u015eiir, dilin de\u011fil y\u00fcre\u011fin sesidir. Bu \u00e7al\u0131\u015fmada minik y\u00fcreklerindeki duygular\u0131 bizlerle payla\u015fan\u00f6\u011frencilerimizi y\u00fcrekten kutluyorum. \u00d6\u011fretmenli\u011fin yol g\u00f6sterici oldu\u011funu bu g\u00fczel \u00e7al\u0131\u015fma ilebizlere g\u00f6sterdiler. Onlara emek veren<span class=\"excerpt-hellip\"> [\u2026]<\/span><\/p>\n","protected":false},"featured_media":0,"template":"","meta":{"_monsterinsights_skip_tracking":false,"_monsterinsights_sitenote_active":false,"_monsterinsights_sitenote_note":"","_monsterinsights_sitenote_category":0},"product_brand":[],"product_cat":[35958],"product_tag":[],"class_list":{"0":"post-752045","1":"product","2":"type-product","3":"status-publish","5":"product_cat-siir-2","6":"pa_cilt-ciltsiz","7":"pa_tur-kitap","8":"pa_yayinevi-kitap-muptelasi-yayinlari","9":"pa_yazar-kolektif","11":"first","12":"instock","13":"sale","14":"shipping-taxable","15":"purchasable","16":"product-type-simple"},"_links":{"self":[{"href":"https:\/\/roveyayinevi.com.tr\/index.php\/wp-json\/wp\/v2\/product\/752045","targetHints":{"allow":["GET"]}}],"collection":[{"href":"https:\/\/roveyayinevi.com.tr\/index.php\/wp-json\/wp\/v2\/product"}],"about":[{"href":"https:\/\/roveyayinevi.com.tr\/index.php\/wp-json\/wp\/v2\/types\/product"}],"wp:attachment":[{"href":"https:\/\/roveyayinevi.com.tr\/index.php\/wp-json\/wp\/v2\/media?parent=752045"}],"wp:term":[{"taxonomy":"product_brand","embeddable":true,"href":"https:\/\/roveyayinevi.com.tr\/index.php\/wp-json\/wp\/v2\/product_brand?post=752045"},{"taxonomy":"product_cat","embeddable":true,"href":"https:\/\/roveyayinevi.com.tr\/index.php\/wp-json\/wp\/v2\/product_cat?post=752045"},{"taxonomy":"product_tag","embeddable":true,"href":"https:\/\/roveyayinevi.com.tr\/index.php\/wp-json\/wp\/v2\/product_tag?post=752045"}],"curies":[{"name":"wp","href":"https:\/\/api.w.org\/{rel}","templated":true}]}}