{"id":752043,"date":"2025-08-28T05:05:30","date_gmt":"2025-08-28T02:05:30","guid":{"rendered":"https:\/\/roveyayinevi.com.tr\/index.php\/urun\/gezdi-gordu-bitirdi\/"},"modified":"2026-04-16T03:05:31","modified_gmt":"2026-04-16T00:05:31","slug":"gezdi-gordu-bitirdi","status":"publish","type":"product","link":"https:\/\/roveyayinevi.com.tr\/index.php\/urun\/gezdi-gordu-bitirdi\/","title":{"rendered":"Gezdi G\u00f6rd\u00fc Bitirdi"},"content":{"rendered":"<p>\u201cSarajova (Saray\u2019\u0131n ba\u015fkenti) Osmanl\u0131\u2019n\u0131n Avrupa\u2019daki ba\u015fkentiymi\u015f vakti zaman\u0131nda. Saraybosna \u00e7ocuklu\u011fumun an\u0131lar\u0131, korkular\u0131 ve hayal k\u0131r\u0131kl\u0131klar\u0131&#8230; Sava\u015f\u0131 duydu\u011fum insanlardan so\u011fudu\u011fum erken ergenlik d\u00f6nemim. \u015eu anda modern ama bence daima h\u00fcz\u00fcnl\u00fc. Mostar K\u00f6pr\u00fcs\u00fc ve merkez \u00e7ar\u015f\u0131 h\u00e2len buram buram Osmanl\u0131\u2019y\u0131 yans\u0131tmakta. Bursa\u2019ya \u00e7ok benzeyen bir kent.   K\u0131sacas\u0131 Bosna Hersek g\u00f6rmeli, unutulmamal\u0131 ve unutturulmamal\u0131. 1992\u2019de sadece 30 sene evvel ya\u015fanan bu trajediden ders al\u0131nmad\u0131 ki sene 2022\u2026 Bitmedi sava\u015flar Afganistan, Yemen, Suriye ve \u015fimdi de Rusya-Ukrayna&#8230; Bitmedi&#8230;   Ben D\u00fcnya\u2019y\u0131 g\u00f6rsem ne olur ne de\u011fi\u015fir\u2026 Ben g\u00f6rmesem hepsi yerinde var olsa ne g\u00fczel.\u201d <\/p>\n","protected":false},"excerpt":{"rendered":"<p>\u201cSarajova (Saray\u2019\u0131n ba\u015fkenti) Osmanl\u0131\u2019n\u0131n Avrupa\u2019daki ba\u015fkentiymi\u015f vakti zaman\u0131nda. Saraybosna \u00e7ocuklu\u011fumun an\u0131lar\u0131, korkular\u0131 ve hayal k\u0131r\u0131kl\u0131klar\u0131&#8230; Sava\u015f\u0131 duydu\u011fum insanlardan so\u011fudu\u011fum erken ergenlik d\u00f6nemim. \u015eu anda modern ama<span class=\"excerpt-hellip\"> [\u2026]<\/span><\/p>\n","protected":false},"featured_media":0,"template":"","meta":{"_monsterinsights_skip_tracking":false,"_monsterinsights_sitenote_active":false,"_monsterinsights_sitenote_note":"","_monsterinsights_sitenote_category":0},"product_brand":[],"product_cat":[12370,12304],"product_tag":[],"class_list":{"0":"post-752043","1":"product","2":"type-product","3":"status-publish","5":"product_cat-arastirma-inceleme","6":"product_cat-tarih","7":"pa_cilt-ciltsiz","8":"pa_tur-kitap","9":"pa_yayinevi-elpis-yayinlari","10":"pa_yazar-elif-arslan","12":"first","13":"instock","14":"sale","15":"shipping-taxable","16":"purchasable","17":"product-type-simple"},"_links":{"self":[{"href":"https:\/\/roveyayinevi.com.tr\/index.php\/wp-json\/wp\/v2\/product\/752043","targetHints":{"allow":["GET"]}}],"collection":[{"href":"https:\/\/roveyayinevi.com.tr\/index.php\/wp-json\/wp\/v2\/product"}],"about":[{"href":"https:\/\/roveyayinevi.com.tr\/index.php\/wp-json\/wp\/v2\/types\/product"}],"wp:attachment":[{"href":"https:\/\/roveyayinevi.com.tr\/index.php\/wp-json\/wp\/v2\/media?parent=752043"}],"wp:term":[{"taxonomy":"product_brand","embeddable":true,"href":"https:\/\/roveyayinevi.com.tr\/index.php\/wp-json\/wp\/v2\/product_brand?post=752043"},{"taxonomy":"product_cat","embeddable":true,"href":"https:\/\/roveyayinevi.com.tr\/index.php\/wp-json\/wp\/v2\/product_cat?post=752043"},{"taxonomy":"product_tag","embeddable":true,"href":"https:\/\/roveyayinevi.com.tr\/index.php\/wp-json\/wp\/v2\/product_tag?post=752043"}],"curies":[{"name":"wp","href":"https:\/\/api.w.org\/{rel}","templated":true}]}}