{"id":752042,"date":"2025-08-28T05:05:29","date_gmt":"2025-08-28T02:05:29","guid":{"rendered":"https:\/\/roveyayinevi.com.tr\/index.php\/urun\/ikinci-dongu-uyanis\/"},"modified":"2026-04-16T03:05:31","modified_gmt":"2026-04-16T00:05:31","slug":"ikinci-dongu-uyanis","status":"publish","type":"product","link":"https:\/\/roveyayinevi.com.tr\/index.php\/urun\/ikinci-dongu-uyanis\/","title":{"rendered":"\u0130kinci D\u00f6ng\u00fc \u201cUyan\u0131\u015f\u201d"},"content":{"rendered":"<p>\u201cG\u00fczel bir r\u00fcya, k\u00f6t\u00fc bir uykuda. G\u00fcne\u015fin ger\u00e7ekli\u011fi ile yand\u0131 g\u00f6zlerim. \u0130nsan m\u0131 hayat\u0131 s\u0131nar, hayat m\u0131 insan\u0131? Bu b\u00f6yle gidemez, bunu bilirim. Ve ben neden hi\u00e7 do\u011fru karar\u0131 veremedim? Bu b\u00f6yle gidemez, bunu bilirim.\u201d   Nilipek \u2013 Bu B\u00f6yle Gidemez   V. toplumda sadece kendisi olarak var olma m\u00fccadelesini kazanm\u0131\u015f, ancak bu m\u00fccadele esnas\u0131nda bitap d\u00fc\u015f\u00fcp bir sonraki d\u00f6ng\u00fcye ge\u00e7meden \u00f6nce kendini yok etmek zorunda kalm\u0131\u015ft\u0131r. \u0130kinci D\u00f6ng\u00fc\u2019n\u00fcn ana karakteri olan E.T. ise; V.\u2019nin k\u00fcllerinden d\u00fcnyaya gelmi\u015f ve varolu\u015funu bamba\u015fka bir \u00e7er\u00e7eveye ta\u015f\u0131ma niyetiyle hareket etmeye karar vermi\u015ftir.   Neden ger\u00e7ek fikirlerimizle beraber anla\u015fabildi\u011fimiz insanlarla bir araya gelmektense \u201c\u00f6yleymi\u015f\u201d gibi d\u00fc\u015f\u00fcnd\u00fc\u011f\u00fcm\u00fcz insanlar\u0131 tercih ediyoruz? Neden s\u0131rf \u201cevlenmi\u015f olmak\u201d i\u00e7in evleniyor, neden sadece kendi egomuzu tatmin edebilmek i\u00e7in d\u00fcnyaya \u00e7ocuklar getiriyoruz? Neden bo\u015fanma oranlar\u0131, ayr\u0131l\u0131klar t\u00fcm d\u00fcnyada hat safhada? T\u00fcm bunlar; senelerdir kalabal\u0131klar i\u00e7inde duygular\u0131m\u0131z\u0131 olduklar\u0131 gibi ifade edemeyi\u015fimiz, gittik\u00e7e artan insan pop\u00fclasyonu i\u00e7inde \u015fehirle\u015firkenki yaln\u0131zl\u0131\u011f\u0131m\u0131z ve ait olmad\u0131\u011f\u0131m\u0131z bir d\u00fczen i\u00e7inde durup nefes dahi alamadan bar\u0131nmaya \u00e7abalamam\u0131z; t\u00fcketim \u00e7\u0131lg\u0131nl\u0131\u011f\u0131n\u0131n neticesinde maddile\u015firken maneviyat\u0131n\u0131 kaybeden insan ili\u015fkilerinin giderek artmas\u0131n\u0131n bir sonucu de\u011fil midir?   Bu d\u0131\u015f d\u00fcnyaya a\u00e7\u0131lan yolculu\u011fun anlat\u0131m\u0131na hayata dair felsefi, metafiziksel d\u00fc\u015f\u00fcnceler ve ki\u015filere ili\u015fkin psikolojik \u00e7\u0131kar\u0131mlar e\u015flik ederken \u201c\u0130kinci D\u00f6ng\u00fc: Uyan\u0131\u015f\u201d, derinlerde yatan g\u00fcn\u00fcm\u00fcz toplum yap\u0131s\u0131n\u0131n sorunlar\u0131na ili\u015fkin tespitlerini ve \u00e7\u00f6z\u00fcm \u00f6nerilerini bir ad\u0131m daha ileri g\u00f6t\u00fcrerek, Birinci D\u00f6ng\u00fc\u2019 de k\u00f6klerini salan \u201cKinist H\u00fcmanizm\u201d felsefesini \u201cKinist H\u00fcmanizm Uygulama Esaslar\u0131\u201d ile detayland\u0131r\u0131yor. <\/p>\n","protected":false},"excerpt":{"rendered":"<p>\u201cG\u00fczel bir r\u00fcya, k\u00f6t\u00fc bir uykuda. G\u00fcne\u015fin ger\u00e7ekli\u011fi ile yand\u0131 g\u00f6zlerim. \u0130nsan m\u0131 hayat\u0131 s\u0131nar, hayat m\u0131 insan\u0131? Bu b\u00f6yle gidemez, bunu bilirim. Ve ben neden<span class=\"excerpt-hellip\"> [\u2026]<\/span><\/p>\n","protected":false},"featured_media":0,"template":"","meta":{"_monsterinsights_skip_tracking":false,"_monsterinsights_sitenote_active":false,"_monsterinsights_sitenote_note":"","_monsterinsights_sitenote_category":0},"product_brand":[],"product_cat":[12291,14777],"product_tag":[],"class_list":{"0":"post-752042","1":"product","2":"type-product","3":"status-publish","5":"product_cat-edebiyat","6":"product_cat-fantastik","7":"pa_cilt-ciltsiz","8":"pa_tur-kitap","9":"pa_yayinevi-elpis-yayinlari","10":"pa_yazar-faruk-umut-kucuker","12":"first","13":"instock","14":"sale","15":"shipping-taxable","16":"purchasable","17":"product-type-simple"},"_links":{"self":[{"href":"https:\/\/roveyayinevi.com.tr\/index.php\/wp-json\/wp\/v2\/product\/752042","targetHints":{"allow":["GET"]}}],"collection":[{"href":"https:\/\/roveyayinevi.com.tr\/index.php\/wp-json\/wp\/v2\/product"}],"about":[{"href":"https:\/\/roveyayinevi.com.tr\/index.php\/wp-json\/wp\/v2\/types\/product"}],"wp:attachment":[{"href":"https:\/\/roveyayinevi.com.tr\/index.php\/wp-json\/wp\/v2\/media?parent=752042"}],"wp:term":[{"taxonomy":"product_brand","embeddable":true,"href":"https:\/\/roveyayinevi.com.tr\/index.php\/wp-json\/wp\/v2\/product_brand?post=752042"},{"taxonomy":"product_cat","embeddable":true,"href":"https:\/\/roveyayinevi.com.tr\/index.php\/wp-json\/wp\/v2\/product_cat?post=752042"},{"taxonomy":"product_tag","embeddable":true,"href":"https:\/\/roveyayinevi.com.tr\/index.php\/wp-json\/wp\/v2\/product_tag?post=752042"}],"curies":[{"name":"wp","href":"https:\/\/api.w.org\/{rel}","templated":true}]}}