{"id":752038,"date":"2025-08-28T05:05:23","date_gmt":"2025-08-28T02:05:23","guid":{"rendered":"https:\/\/roveyayinevi.com.tr\/index.php\/urun\/degismeyi-istemek-uzerine\/"},"modified":"2026-04-16T03:05:31","modified_gmt":"2026-04-16T00:05:31","slug":"degismeyi-istemek-uzerine","status":"publish","type":"product","link":"https:\/\/roveyayinevi.com.tr\/index.php\/urun\/degismeyi-istemek-uzerine\/","title":{"rendered":"De\u011fi\u015fmeyi \u0130stemek \u00dczerine"},"content":{"rendered":"<p>Daima de\u011fi\u015fiyoruz ve de\u011fi\u015fme \u015feklimizi se\u00e7mek, hatta tasarlamak istiyoruz. De\u011fi\u015fim, siyaset veya terapi yoluyla, din veya spor yoluyla, \u00fcretkenlik veya b\u00fcy\u00fcme yoluyla, ili\u015fkiler veya ili\u015fkilerden uzak durma yoluyla, sanat veya bilim yoluyla aranabilir. De\u011fi\u015fimin bir arzu nesnesi oldu\u011fu a\u015fik\u00e2rd\u0131r, ger\u00e7i as\u0131l istenen de\u011fi\u015fim, tercih edilen y\u00f6nde ger\u00e7ekle\u015fecek bir de\u011fi\u015fimdir. Hayatlar\u0131m\u0131z\u0131n s\u00fcrekli ileriye do\u011fru giden bir hik\u00e2ye olmas\u0131n\u0131 istiyoruz. Ancak de\u011fi\u015fim, belirsiz bir arzu nesnesi olarak b\u00fcy\u00fcleyici oldu\u011fu kadar deh\u015fet verici de olabilir. Kendimiz i\u00e7in isteyebilece\u011fimiz de\u011fi\u015fim t\u00fcrlerini nas\u0131l ke\u015ffedece\u011fiz? Ve e\u011fer m\u00fcmk\u00fcnse, bu mevcut de\u011fi\u015fim bi\u00e7imlerini di\u011fer insanlar\u0131n bizi ikna etmeye hevesli oldu\u011fu de\u011fi\u015fimlerden nas\u0131l ay\u0131rabiliriz? Adam Phillips de\u011fi\u015fimle ilgili e\u011filimlerimizi, de\u011fi\u015fmeyi isterken ger\u00e7ekte ne y\u00f6nde de\u011fi\u015fti\u011fimizi, ne \u00f6l\u00e7\u00fcde istedi\u011fimiz y\u00f6nde de\u011fi\u015febilece\u011fimizi ke\u015ffe \u00e7\u0131k\u0131yor. <\/p>\n","protected":false},"excerpt":{"rendered":"<p>Daima de\u011fi\u015fiyoruz ve de\u011fi\u015fme \u015feklimizi se\u00e7mek, hatta tasarlamak istiyoruz. De\u011fi\u015fim, siyaset veya terapi yoluyla, din veya spor yoluyla, \u00fcretkenlik veya b\u00fcy\u00fcme yoluyla, ili\u015fkiler veya ili\u015fkilerden uzak<span class=\"excerpt-hellip\"> [\u2026]<\/span><\/p>\n","protected":false},"featured_media":0,"template":"","meta":{"_monsterinsights_skip_tracking":false,"_monsterinsights_sitenote_active":false,"_monsterinsights_sitenote_note":"","_monsterinsights_sitenote_category":0},"product_brand":[],"product_cat":[12358,12357],"product_tag":[],"class_list":{"0":"post-752038","1":"product","2":"type-product","3":"status-publish","5":"product_cat-genel-psikoloji","6":"product_cat-psikoloji","7":"pa_cilt-ciltsiz","8":"pa_tur-kitap","9":"pa_yayinevi-ayrinti-yayinlari","10":"pa_yazar-adam-phillips","12":"first","13":"instock","14":"sale","15":"shipping-taxable","16":"purchasable","17":"product-type-simple"},"_links":{"self":[{"href":"https:\/\/roveyayinevi.com.tr\/index.php\/wp-json\/wp\/v2\/product\/752038","targetHints":{"allow":["GET"]}}],"collection":[{"href":"https:\/\/roveyayinevi.com.tr\/index.php\/wp-json\/wp\/v2\/product"}],"about":[{"href":"https:\/\/roveyayinevi.com.tr\/index.php\/wp-json\/wp\/v2\/types\/product"}],"wp:attachment":[{"href":"https:\/\/roveyayinevi.com.tr\/index.php\/wp-json\/wp\/v2\/media?parent=752038"}],"wp:term":[{"taxonomy":"product_brand","embeddable":true,"href":"https:\/\/roveyayinevi.com.tr\/index.php\/wp-json\/wp\/v2\/product_brand?post=752038"},{"taxonomy":"product_cat","embeddable":true,"href":"https:\/\/roveyayinevi.com.tr\/index.php\/wp-json\/wp\/v2\/product_cat?post=752038"},{"taxonomy":"product_tag","embeddable":true,"href":"https:\/\/roveyayinevi.com.tr\/index.php\/wp-json\/wp\/v2\/product_tag?post=752038"}],"curies":[{"name":"wp","href":"https:\/\/api.w.org\/{rel}","templated":true}]}}