{"id":752037,"date":"2025-08-28T05:05:22","date_gmt":"2025-08-28T02:05:22","guid":{"rendered":"https:\/\/roveyayinevi.com.tr\/index.php\/urun\/tekinsiz-bolge\/"},"modified":"2026-04-05T03:08:08","modified_gmt":"2026-04-05T00:08:08","slug":"tekinsiz-bolge","status":"publish","type":"product","link":"https:\/\/roveyayinevi.com.tr\/index.php\/urun\/tekinsiz-bolge\/","title":{"rendered":"Tekinsiz B\u00f6lge"},"content":{"rendered":"<p>\u201c\u2026Magrady gece terlemeleriyle ba\u015far\u0131s\u0131zl\u0131k batakl\u0131\u011f\u0131nda uyand\u0131\u011f\u0131nda, gece yar\u0131s\u0131 biri ge\u00e7iyordu. Askerlik arkada\u015f\u0131 Red Spencer\u2019\u0131n garaj\u0131na d\u00fc\u015fm\u00fc\u015ft\u00fc son birka\u00e7 haftad\u0131r. Kalbi kulaklar\u0131nda davul \u00e7al\u0131yordu. Orada olmayan bir \u015fi\u015fe viskiye do\u011fru davrand\u0131. Karga\u015fa kafas\u0131nda sar\u0131-s\u0131ca\u011fa d\u00f6nm\u00fc\u015ft\u00fc yine. \u0130\u00e7ki. Kokain. Haplar. Grup seanslar\u0131 arada s\u0131rada Gazi \u0130\u015fleri Ba\u015fkanl\u0131\u011f\u0131\u2019n\u0131n tesislerinde devam ediyordu. Seanslar yard\u0131mc\u0131 olmu\u015f ve durdurmu\u015fsa da hi\u00e7biri ac\u0131n\u0131n geri d\u00f6nmesini engelleyememi\u015fti. Kanepede s\u0131rt \u00fcst\u00fc uzand\u0131, uyumas\u0131 m\u00fcmk\u00fcn de\u011fildi\u2026\u201d Evsizli\u011fin, politik yozla\u015fman\u0131n ve kentsel d\u00f6n\u00fc\u015f\u00fcm\u00fcn potansiyel etkilerini derinlemesine inceleyen Tekinsiz B\u00f6lge, yar\u0131-evsiz bir Vietnam gazisi olan Magrady\u2019nin Skid Row dolaylar\u0131nda kay\u0131plara kar\u0131\u015fan y\u00fcr\u00fcme engelli dostunu aray\u0131\u015f\u0131n\u0131 anlatan noir bir k\u0131sa hik\u00e2ye. Arkada\u015f\u0131n\u0131n riskli i\u015flere bula\u015fm\u0131\u015f olabilece\u011fini d\u00fc\u015f\u00fcnen Magrady, maceras\u0131 boyunca agresif topluluk organizat\u00f6rleriyle, g\u00f6z\u00fc kara bir polisle, sava\u015f\u0131n can yak\u0131c\u0131 an\u0131lar\u0131yla, seksi bir kad\u0131nla, b\u00fcy\u00fcl\u00fc bir kafatas\u0131yla, uyu\u015fturucu k\u00fclt\u00fcr\u00fcyle ve gece yar\u0131s\u0131 gelen ac\u0131l\u0131 patates k\u0131zartmas\u0131 krizleriyle kar\u015f\u0131 kar\u015f\u0131ya kal\u0131r. Toplum; geli\u015fen ve zenginle\u015fen Los Angeles\u2019\u0131n g\u00f6be\u011findeki b\u00fcy\u00fck, parlak binalar\u0131n \u0131\u015f\u0131lt\u0131lar\u0131yla b\u00fcy\u00fclenmi\u015fken Phillips, g\u00f6z ard\u0131 etti\u011fimiz insanlar\u0131n ya\u015fam ko\u015fullar\u0131n\u0131 g\u00f6zler \u00f6n\u00fcne serer.   \u201cA\u00e7\u0131k\u00e7as\u0131 bu, polisiye romanlarda pek duymad\u0131\u011f\u0131m\u0131z bir ritim; siyahi insanlar\u0131n ritmi.\u201d BSC Review \u201cTekinsiz B\u00f6lge, mideye inen h\u0131zl\u0131 ve sert bir yumruk gibi. Dikkat \u00e7ekiyor ve kesinlikle anlaml\u0131. Philips sizi sayfaya \u00e7ivileyen bir yazar.\u201d Edgar \u00f6d\u00fcll\u00fc John Lutz <\/p>\n","protected":false},"excerpt":{"rendered":"<p>\u201c\u2026Magrady gece terlemeleriyle ba\u015far\u0131s\u0131zl\u0131k batakl\u0131\u011f\u0131nda uyand\u0131\u011f\u0131nda, gece yar\u0131s\u0131 biri ge\u00e7iyordu. Askerlik arkada\u015f\u0131 Red Spencer\u2019\u0131n garaj\u0131na d\u00fc\u015fm\u00fc\u015ft\u00fc son birka\u00e7 haftad\u0131r. Kalbi kulaklar\u0131nda davul \u00e7al\u0131yordu. Orada olmayan bir<span class=\"excerpt-hellip\"> [\u2026]<\/span><\/p>\n","protected":false},"featured_media":0,"template":"","meta":{"_monsterinsights_skip_tracking":false,"_monsterinsights_sitenote_active":false,"_monsterinsights_sitenote_note":"","_monsterinsights_sitenote_category":0},"product_brand":[],"product_cat":[12291,12711],"product_tag":[],"class_list":{"0":"post-752037","1":"product","2":"type-product","3":"status-publish","5":"product_cat-edebiyat","6":"product_cat-roman-oyku","7":"pa_cilt-ciltsiz","8":"pa_tur-kitap","9":"pa_yayinevi-ayrinti-yayinlari","10":"pa_yazar-gary-phillips","12":"first","13":"instock","14":"sale","15":"shipping-taxable","16":"purchasable","17":"product-type-simple"},"_links":{"self":[{"href":"https:\/\/roveyayinevi.com.tr\/index.php\/wp-json\/wp\/v2\/product\/752037","targetHints":{"allow":["GET"]}}],"collection":[{"href":"https:\/\/roveyayinevi.com.tr\/index.php\/wp-json\/wp\/v2\/product"}],"about":[{"href":"https:\/\/roveyayinevi.com.tr\/index.php\/wp-json\/wp\/v2\/types\/product"}],"wp:attachment":[{"href":"https:\/\/roveyayinevi.com.tr\/index.php\/wp-json\/wp\/v2\/media?parent=752037"}],"wp:term":[{"taxonomy":"product_brand","embeddable":true,"href":"https:\/\/roveyayinevi.com.tr\/index.php\/wp-json\/wp\/v2\/product_brand?post=752037"},{"taxonomy":"product_cat","embeddable":true,"href":"https:\/\/roveyayinevi.com.tr\/index.php\/wp-json\/wp\/v2\/product_cat?post=752037"},{"taxonomy":"product_tag","embeddable":true,"href":"https:\/\/roveyayinevi.com.tr\/index.php\/wp-json\/wp\/v2\/product_tag?post=752037"}],"curies":[{"name":"wp","href":"https:\/\/api.w.org\/{rel}","templated":true}]}}