{"id":752036,"date":"2025-08-28T05:05:21","date_gmt":"2025-08-28T02:05:21","guid":{"rendered":"https:\/\/roveyayinevi.com.tr\/index.php\/urun\/yapiskan-cikmaz\/"},"modified":"2026-04-16T03:05:31","modified_gmt":"2026-04-16T00:05:31","slug":"yapiskan-cikmaz","status":"publish","type":"product","link":"https:\/\/roveyayinevi.com.tr\/index.php\/urun\/yapiskan-cikmaz\/","title":{"rendered":"Yap\u0131\u015fkan \u00c7ikmaz"},"content":{"rendered":"<p>Sorunlar Porsuk, Bayku\u015f\u2019un do\u011fum g\u00fcn\u00fc arma\u011fan\u0131n\u0131 paketlerken ba\u015flad\u0131. \u00c7\u00fcnk\u00fc kulland\u0131\u011f\u0131 yap\u0131\u015fkan bant\u2026 \u00e7ok ama \u00e7ok yap\u0131\u015fkand\u0131! Porsuk\u2019un d\u00fc\u015ft\u00fc\u011f\u00fc bu yap\u0131\u015fkan durumdan kurtulmas\u0131 i\u00e7in ona kim yard\u0131m edecek? Anna Doherty\u2019den inan\u0131lmaz derecede komik, ilgin\u00e7 bir \u00f6yk\u00fc. <\/p>\n","protected":false},"excerpt":{"rendered":"<p>Sorunlar Porsuk, Bayku\u015f\u2019un do\u011fum g\u00fcn\u00fc arma\u011fan\u0131n\u0131 paketlerken ba\u015flad\u0131. \u00c7\u00fcnk\u00fc kulland\u0131\u011f\u0131 yap\u0131\u015fkan bant\u2026 \u00e7ok ama \u00e7ok yap\u0131\u015fkand\u0131! Porsuk\u2019un d\u00fc\u015ft\u00fc\u011f\u00fc bu yap\u0131\u015fkan durumdan kurtulmas\u0131 i\u00e7in ona kim yard\u0131m<span class=\"excerpt-hellip\"> [\u2026]<\/span><\/p>\n","protected":false},"featured_media":0,"template":"","meta":{"_monsterinsights_skip_tracking":false,"_monsterinsights_sitenote_active":false,"_monsterinsights_sitenote_note":"","_monsterinsights_sitenote_category":0},"product_brand":[],"product_cat":[12274,12518],"product_tag":[],"class_list":{"0":"post-752036","1":"product","2":"type-product","3":"status-publish","5":"product_cat-cocuk-ve-genclik-kitaplari","6":"product_cat-okul-oncesi-kitaplar","7":"pa_cilt-ciltsiz","8":"pa_tur-kitap","9":"pa_yayinevi-is-bankasi-kultur-yayinlari","10":"pa_yazar-anna-doherty","12":"first","13":"instock","14":"sale","15":"shipping-taxable","16":"purchasable","17":"product-type-simple"},"_links":{"self":[{"href":"https:\/\/roveyayinevi.com.tr\/index.php\/wp-json\/wp\/v2\/product\/752036","targetHints":{"allow":["GET"]}}],"collection":[{"href":"https:\/\/roveyayinevi.com.tr\/index.php\/wp-json\/wp\/v2\/product"}],"about":[{"href":"https:\/\/roveyayinevi.com.tr\/index.php\/wp-json\/wp\/v2\/types\/product"}],"wp:attachment":[{"href":"https:\/\/roveyayinevi.com.tr\/index.php\/wp-json\/wp\/v2\/media?parent=752036"}],"wp:term":[{"taxonomy":"product_brand","embeddable":true,"href":"https:\/\/roveyayinevi.com.tr\/index.php\/wp-json\/wp\/v2\/product_brand?post=752036"},{"taxonomy":"product_cat","embeddable":true,"href":"https:\/\/roveyayinevi.com.tr\/index.php\/wp-json\/wp\/v2\/product_cat?post=752036"},{"taxonomy":"product_tag","embeddable":true,"href":"https:\/\/roveyayinevi.com.tr\/index.php\/wp-json\/wp\/v2\/product_tag?post=752036"}],"curies":[{"name":"wp","href":"https:\/\/api.w.org\/{rel}","templated":true}]}}