{"id":752035,"date":"2025-08-28T05:05:19","date_gmt":"2025-08-28T02:05:19","guid":{"rendered":"https:\/\/roveyayinevi.com.tr\/index.php\/urun\/tek-basima-uyuyorum\/"},"modified":"2026-04-16T03:05:31","modified_gmt":"2026-04-16T00:05:31","slug":"tek-basima-uyuyorum","status":"publish","type":"product","link":"https:\/\/roveyayinevi.com.tr\/index.php\/urun\/tek-basima-uyuyorum\/","title":{"rendered":"Tek Ba\u015fima Uyuyorum"},"content":{"rendered":"<p>Matilda ilk kez odas\u0131nda ve yeni yata\u011f\u0131nda tek ba\u015f\u0131na uyuyaca\u011f\u0131 i\u00e7in \u00e7ok heyecanl\u0131yd\u0131, biraz da korkuyordu. Annesiyle babas\u0131, onu sakinle\u015ftirerek tek ba\u015f\u0131na yatman\u0131n harika bir maceraya d\u00f6n\u00fc\u015febilece\u011fini g\u00f6sterdi. Tek Ba\u015f\u0131ma Uyuyorum t\u00fcm aile i\u00e7in b\u00fcy\u00fck \u00f6nem ta\u015f\u0131yan bu evrede, \u00e7ocuklara ve b\u00fcy\u00fcklere yard\u0131mc\u0131 olacak bir \u00f6yk\u00fc. Bu yal\u0131n hik\u00e2yeye duygu e\u011fitimi alan\u0131nda bir uzman\u0131n tavsiyeleri e\u015flik ediyor. Rutinler, gev\u015feme al\u0131\u015ft\u0131rmalar\u0131, karanl\u0131ktan \u00e7ekinme ve k\u00e2bus g\u00f6rme korkusu gibi konulara dair ipu\u00e7lar\u0131, ebeveyne destek olacakt\u0131r. <\/p>\n","protected":false},"excerpt":{"rendered":"<p>Matilda ilk kez odas\u0131nda ve yeni yata\u011f\u0131nda tek ba\u015f\u0131na uyuyaca\u011f\u0131 i\u00e7in \u00e7ok heyecanl\u0131yd\u0131, biraz da korkuyordu. Annesiyle babas\u0131, onu sakinle\u015ftirerek tek ba\u015f\u0131na yatman\u0131n harika bir maceraya<span class=\"excerpt-hellip\"> [\u2026]<\/span><\/p>\n","protected":false},"featured_media":0,"template":"","meta":{"_monsterinsights_skip_tracking":false,"_monsterinsights_sitenote_active":false,"_monsterinsights_sitenote_note":"","_monsterinsights_sitenote_category":0},"product_brand":[],"product_cat":[12274,12518],"product_tag":[],"class_list":{"0":"post-752035","1":"product","2":"type-product","3":"status-publish","5":"product_cat-cocuk-ve-genclik-kitaplari","6":"product_cat-okul-oncesi-kitaplar","7":"pa_cilt-ciltsiz","8":"pa_tur-kitap","9":"pa_yayinevi-is-bankasi-kultur-yayinlari","10":"pa_yazar-clara-mas-bassas","12":"first","13":"instock","14":"sale","15":"shipping-taxable","16":"purchasable","17":"product-type-simple"},"_links":{"self":[{"href":"https:\/\/roveyayinevi.com.tr\/index.php\/wp-json\/wp\/v2\/product\/752035","targetHints":{"allow":["GET"]}}],"collection":[{"href":"https:\/\/roveyayinevi.com.tr\/index.php\/wp-json\/wp\/v2\/product"}],"about":[{"href":"https:\/\/roveyayinevi.com.tr\/index.php\/wp-json\/wp\/v2\/types\/product"}],"wp:attachment":[{"href":"https:\/\/roveyayinevi.com.tr\/index.php\/wp-json\/wp\/v2\/media?parent=752035"}],"wp:term":[{"taxonomy":"product_brand","embeddable":true,"href":"https:\/\/roveyayinevi.com.tr\/index.php\/wp-json\/wp\/v2\/product_brand?post=752035"},{"taxonomy":"product_cat","embeddable":true,"href":"https:\/\/roveyayinevi.com.tr\/index.php\/wp-json\/wp\/v2\/product_cat?post=752035"},{"taxonomy":"product_tag","embeddable":true,"href":"https:\/\/roveyayinevi.com.tr\/index.php\/wp-json\/wp\/v2\/product_tag?post=752035"}],"curies":[{"name":"wp","href":"https:\/\/api.w.org\/{rel}","templated":true}]}}