{"id":752034,"date":"2025-08-28T05:05:18","date_gmt":"2025-08-28T02:05:18","guid":{"rendered":"https:\/\/roveyayinevi.com.tr\/index.php\/urun\/buyuk-sayi-kitabim-ciltli\/"},"modified":"2026-04-16T03:05:31","modified_gmt":"2026-04-16T00:05:31","slug":"buyuk-sayi-kitabim-ciltli","status":"publish","type":"product","link":"https:\/\/roveyayinevi.com.tr\/index.php\/urun\/buyuk-sayi-kitabim-ciltli\/","title":{"rendered":"B\u00fcy\u00fck Say\u0131 Kitab\u0131m (Ciltli)"},"content":{"rendered":"<p>Ahtapotun ka\u00e7 kalbi vard\u0131r? Olimpiyat Oyunlar\u0131 ka\u00e7 y\u0131lda bir d\u00fczenlenir? Kar tanesi ka\u00e7 k\u00f6\u015felidir? Say\u0131lar\u0131n harika d\u00fcnyas\u0131nda e\u011flenceli bir gezintiye \u00e7\u0131kal\u0131m, Ay&#8217;\u0131n evrelerinden farkl\u0131 k\u00fclt\u00fcrlere, pek \u00e7ok \u015fa\u015f\u0131rt\u0131c\u0131 \u015fey \u00f6\u011frenelim. <\/p>\n","protected":false},"excerpt":{"rendered":"<p>Ahtapotun ka\u00e7 kalbi vard\u0131r? Olimpiyat Oyunlar\u0131 ka\u00e7 y\u0131lda bir d\u00fczenlenir? Kar tanesi ka\u00e7 k\u00f6\u015felidir? Say\u0131lar\u0131n harika d\u00fcnyas\u0131nda e\u011flenceli bir gezintiye \u00e7\u0131kal\u0131m, Ay&#8217;\u0131n evrelerinden farkl\u0131 k\u00fclt\u00fcrlere, pek<span class=\"excerpt-hellip\"> [\u2026]<\/span><\/p>\n","protected":false},"featured_media":0,"template":"","meta":{"_monsterinsights_skip_tracking":false,"_monsterinsights_sitenote_active":false,"_monsterinsights_sitenote_note":"","_monsterinsights_sitenote_category":0},"product_brand":[],"product_cat":[12274,12518],"product_tag":[],"class_list":{"0":"post-752034","1":"product","2":"type-product","3":"status-publish","5":"product_cat-cocuk-ve-genclik-kitaplari","6":"product_cat-okul-oncesi-kitaplar","7":"pa_cilt-ciltli","8":"pa_tur-kitap","9":"pa_yayinevi-is-bankasi-kultur-yayinlari","10":"pa_yazar-felicity-brooks","12":"first","13":"instock","14":"sale","15":"shipping-taxable","16":"purchasable","17":"product-type-simple"},"_links":{"self":[{"href":"https:\/\/roveyayinevi.com.tr\/index.php\/wp-json\/wp\/v2\/product\/752034","targetHints":{"allow":["GET"]}}],"collection":[{"href":"https:\/\/roveyayinevi.com.tr\/index.php\/wp-json\/wp\/v2\/product"}],"about":[{"href":"https:\/\/roveyayinevi.com.tr\/index.php\/wp-json\/wp\/v2\/types\/product"}],"wp:attachment":[{"href":"https:\/\/roveyayinevi.com.tr\/index.php\/wp-json\/wp\/v2\/media?parent=752034"}],"wp:term":[{"taxonomy":"product_brand","embeddable":true,"href":"https:\/\/roveyayinevi.com.tr\/index.php\/wp-json\/wp\/v2\/product_brand?post=752034"},{"taxonomy":"product_cat","embeddable":true,"href":"https:\/\/roveyayinevi.com.tr\/index.php\/wp-json\/wp\/v2\/product_cat?post=752034"},{"taxonomy":"product_tag","embeddable":true,"href":"https:\/\/roveyayinevi.com.tr\/index.php\/wp-json\/wp\/v2\/product_tag?post=752034"}],"curies":[{"name":"wp","href":"https:\/\/api.w.org\/{rel}","templated":true}]}}