{"id":752033,"date":"2025-08-28T05:05:17","date_gmt":"2025-08-28T02:05:17","guid":{"rendered":"https:\/\/roveyayinevi.com.tr\/index.php\/urun\/inci-ve-ege-ile-saymayi-ogreniyorum-ciltli\/"},"modified":"2026-04-16T03:05:31","modified_gmt":"2026-04-16T00:05:31","slug":"inci-ve-ege-ile-saymayi-ogreniyorum-ciltli","status":"publish","type":"product","link":"https:\/\/roveyayinevi.com.tr\/index.php\/urun\/inci-ve-ege-ile-saymayi-ogreniyorum-ciltli\/","title":{"rendered":"\u0130nci ve Ege \u0130le Saymay\u0131 \u00d6\u011freniyorum (Ciltli)"},"content":{"rendered":"<p>Elma A\u011fac\u0131 \u00c7iftli\u011fi\u2019nde e\u011flenceli bir sayma oyunu oynayan \u0130nci ve Ege\u2019ye kat\u0131l. \u00c7ocuklar \u00c7iftlik \u00d6yk\u00fcleri serisinin iki kahraman\u0131yla birlikte sevimli hayvanlar\u0131 sayarken, say\u0131lar\u0131 kolayca \u00f6\u011frenecek. <\/p>\n","protected":false},"excerpt":{"rendered":"<p>Elma A\u011fac\u0131 \u00c7iftli\u011fi\u2019nde e\u011flenceli bir sayma oyunu oynayan \u0130nci ve Ege\u2019ye kat\u0131l. \u00c7ocuklar \u00c7iftlik \u00d6yk\u00fcleri serisinin iki kahraman\u0131yla birlikte sevimli hayvanlar\u0131 sayarken, say\u0131lar\u0131 kolayca \u00f6\u011frenecek.<\/p>\n","protected":false},"featured_media":0,"template":"","meta":{"_monsterinsights_skip_tracking":false,"_monsterinsights_sitenote_active":false,"_monsterinsights_sitenote_note":"","_monsterinsights_sitenote_category":0},"product_brand":[],"product_cat":[12274,12518],"product_tag":[],"class_list":{"0":"post-752033","1":"product","2":"type-product","3":"status-publish","5":"product_cat-cocuk-ve-genclik-kitaplari","6":"product_cat-okul-oncesi-kitaplar","7":"pa_cilt-ciltli","8":"pa_tur-kitap","9":"pa_yayinevi-is-bankasi-kultur-yayinlari","10":"pa_yazar-sam-taplin","12":"first","13":"instock","14":"sale","15":"shipping-taxable","16":"purchasable","17":"product-type-simple"},"_links":{"self":[{"href":"https:\/\/roveyayinevi.com.tr\/index.php\/wp-json\/wp\/v2\/product\/752033","targetHints":{"allow":["GET"]}}],"collection":[{"href":"https:\/\/roveyayinevi.com.tr\/index.php\/wp-json\/wp\/v2\/product"}],"about":[{"href":"https:\/\/roveyayinevi.com.tr\/index.php\/wp-json\/wp\/v2\/types\/product"}],"wp:attachment":[{"href":"https:\/\/roveyayinevi.com.tr\/index.php\/wp-json\/wp\/v2\/media?parent=752033"}],"wp:term":[{"taxonomy":"product_brand","embeddable":true,"href":"https:\/\/roveyayinevi.com.tr\/index.php\/wp-json\/wp\/v2\/product_brand?post=752033"},{"taxonomy":"product_cat","embeddable":true,"href":"https:\/\/roveyayinevi.com.tr\/index.php\/wp-json\/wp\/v2\/product_cat?post=752033"},{"taxonomy":"product_tag","embeddable":true,"href":"https:\/\/roveyayinevi.com.tr\/index.php\/wp-json\/wp\/v2\/product_tag?post=752033"}],"curies":[{"name":"wp","href":"https:\/\/api.w.org\/{rel}","templated":true}]}}