{"id":752030,"date":"2025-08-28T05:05:12","date_gmt":"2025-08-28T02:05:12","guid":{"rendered":"https:\/\/roveyayinevi.com.tr\/index.php\/urun\/aslanin-pesinde\/"},"modified":"2026-04-16T03:05:31","modified_gmt":"2026-04-16T00:05:31","slug":"aslanin-pesinde","status":"publish","type":"product","link":"https:\/\/roveyayinevi.com.tr\/index.php\/urun\/aslanin-pesinde\/","title":{"rendered":"Aslan\u0131n Pe\u015finde"},"content":{"rendered":"<p>Aslan yakalamak i\u00e7in b\u00fcy\u00fckannenin evinin arkas\u0131ndaki ormana giden karde\u015fler, kar\u015f\u0131lar\u0131nda aslan\u0131 g\u00f6r\u00fcnce ne yapacaklar\u0131n\u0131 \u015fa\u015f\u0131r\u0131rlar! Aslanla oynamak varken neden onu yakalayal\u0131m ki, diye d\u00fc\u015f\u00fcn\u00fcrler ve macera ba\u015flar. Hayal g\u00fcc\u00fcn\u00fcn s\u0131n\u0131r tan\u0131mad\u0131\u011f\u0131n\u0131 g\u00f6steren e\u011flenceli bir \u00f6yk\u00fc\u2026 <\/p>\n","protected":false},"excerpt":{"rendered":"<p>Aslan yakalamak i\u00e7in b\u00fcy\u00fckannenin evinin arkas\u0131ndaki ormana giden karde\u015fler, kar\u015f\u0131lar\u0131nda aslan\u0131 g\u00f6r\u00fcnce ne yapacaklar\u0131n\u0131 \u015fa\u015f\u0131r\u0131rlar! Aslanla oynamak varken neden onu yakalayal\u0131m ki, diye d\u00fc\u015f\u00fcn\u00fcrler ve macera<span class=\"excerpt-hellip\"> [\u2026]<\/span><\/p>\n","protected":false},"featured_media":0,"template":"","meta":{"_monsterinsights_skip_tracking":false,"_monsterinsights_sitenote_active":false,"_monsterinsights_sitenote_note":"","_monsterinsights_sitenote_category":0},"product_brand":[],"product_cat":[12274,12284],"product_tag":[],"class_list":{"0":"post-752030","1":"product","2":"type-product","3":"status-publish","5":"product_cat-cocuk-ve-genclik-kitaplari","6":"product_cat-hikayeler","7":"pa_cilt-ciltsiz","8":"pa_tur-kitap","9":"pa_yayinevi-is-bankasi-kultur-yayinlari","10":"pa_yazar-ocke-bandixen","12":"first","13":"instock","14":"sale","15":"shipping-taxable","16":"purchasable","17":"product-type-simple"},"_links":{"self":[{"href":"https:\/\/roveyayinevi.com.tr\/index.php\/wp-json\/wp\/v2\/product\/752030","targetHints":{"allow":["GET"]}}],"collection":[{"href":"https:\/\/roveyayinevi.com.tr\/index.php\/wp-json\/wp\/v2\/product"}],"about":[{"href":"https:\/\/roveyayinevi.com.tr\/index.php\/wp-json\/wp\/v2\/types\/product"}],"wp:attachment":[{"href":"https:\/\/roveyayinevi.com.tr\/index.php\/wp-json\/wp\/v2\/media?parent=752030"}],"wp:term":[{"taxonomy":"product_brand","embeddable":true,"href":"https:\/\/roveyayinevi.com.tr\/index.php\/wp-json\/wp\/v2\/product_brand?post=752030"},{"taxonomy":"product_cat","embeddable":true,"href":"https:\/\/roveyayinevi.com.tr\/index.php\/wp-json\/wp\/v2\/product_cat?post=752030"},{"taxonomy":"product_tag","embeddable":true,"href":"https:\/\/roveyayinevi.com.tr\/index.php\/wp-json\/wp\/v2\/product_tag?post=752030"}],"curies":[{"name":"wp","href":"https:\/\/api.w.org\/{rel}","templated":true}]}}