{"id":752028,"date":"2025-08-28T05:04:41","date_gmt":"2025-08-28T02:04:41","guid":{"rendered":"https:\/\/roveyayinevi.com.tr\/index.php\/urun\/yoneticiler-icin-yapay-zeka\/"},"modified":"2026-04-16T03:05:31","modified_gmt":"2026-04-16T00:05:31","slug":"yoneticiler-icin-yapay-zeka","status":"publish","type":"product","link":"https:\/\/roveyayinevi.com.tr\/index.php\/urun\/yoneticiler-icin-yapay-zeka\/","title":{"rendered":"Y\u00f6neticiler \u0130\u00e7in Yapay Zeka"},"content":{"rendered":"<p>Viktor D\u00f6rfler, y\u00f6neticiler i\u00e7in kaleme ald\u0131\u011f\u0131 bu k\u0131sa ve yo\u011fun kitab\u0131nda, yapay zek\u00e2 geli\u015ftirme ve uygulama alan\u0131ndaki deneyimini, bilgi ve yetenek geli\u015ftirme sahas\u0131nda yap\u0131lan akademik ara\u015ft\u0131rmalarla, yapay zek\u00e2 hakk\u0131ndaki yanl\u0131\u015f kan\u0131lar\u0131 d\u00fczeltecek \u015fekilde bir araya getiriyor. Yapay zek\u00e2n\u0131n neleri yapabilece\u011fi ve yapamayaca\u011f\u0131 a\u00e7\u0131klanarak, bulgular, inan\u00e7lardan ve h\u00fcsn\u00fckuruntudan dikkatlice ayr\u0131l\u0131yor. \u0130nsan uzmanlar ile yapay zek\u00e2 aras\u0131nda uygun g\u00f6rev payla\u015f\u0131m\u0131 yoluyla yapay zek\u00e2dan nas\u0131l azami de\u011fer sa\u011flanaca\u011f\u0131 \u00f6ng\u00f6r\u00fclerek, CEO\u2019lara yapay zek\u00e2y\u0131 en iyi nas\u0131l kullanabileceklerini kavramalar\u0131 i\u00e7in yard\u0131m edilebilmesi ama\u00e7lan\u0131yor. Yazar, ileri s\u00fcrd\u00fc\u011f\u00fc savlar\u0131 en iyi yapay zek\u00e2 filozoflar\u0131n\u0131n d\u00fc\u015f\u00fcnceleriyle destekleyerek, yapay zek\u00e2ya atfedilen anlama, d\u00fc\u015f\u00fcnme, yarat\u0131c\u0131l\u0131k gibi ki\u015filik \u00f6zelliklerini sorguluyor. Ayn\u0131 zamanda da en hassas yapay zek\u00e2 konular\u0131ndan biri olan eti\u011fi derinlikli bir \u00fcslupla tart\u0131\u015f\u0131yor. Sade bir dille kaleme al\u0131nm\u0131\u015f, \u00f6rneklerle dolu \u00e7al\u0131\u015fman\u0131n \u00f6ncelikli hedefi okuru d\u00fc\u015f\u00fcnmeye te\u015fvik etmek. Okurlara, ba\u015fkalar\u0131n\u0131n \u00e7\u0131karlar\u0131 ve g\u00fcndemleri \u00fczerine bina edilmi\u015f d\u00fc\u015f\u00fcnceleri kabul etmek yerine, yapay zek\u00e2 konusunda kendi kararlar\u0131n\u0131 vermeleri ve kendi \u00e7\u0131kar\u0131mlar\u0131n\u0131 yapmalar\u0131 tavsiye ediliyor. <\/p>\n","protected":false},"excerpt":{"rendered":"<p>Viktor D\u00f6rfler, y\u00f6neticiler i\u00e7in kaleme ald\u0131\u011f\u0131 bu k\u0131sa ve yo\u011fun kitab\u0131nda, yapay zek\u00e2 geli\u015ftirme ve uygulama alan\u0131ndaki deneyimini, bilgi ve yetenek geli\u015ftirme sahas\u0131nda yap\u0131lan akademik ara\u015ft\u0131rmalarla,<span class=\"excerpt-hellip\"> [\u2026]<\/span><\/p>\n","protected":false},"featured_media":0,"template":"","meta":{"_monsterinsights_skip_tracking":false,"_monsterinsights_sitenote_active":false,"_monsterinsights_sitenote_note":"","_monsterinsights_sitenote_category":0},"product_brand":[],"product_cat":[13005,37328],"product_tag":[],"class_list":{"0":"post-752028","1":"product","2":"type-product","3":"status-publish","5":"product_cat-bilim-muhendislik","6":"product_cat-diger-bilim-muhendislik","7":"pa_cilt-ciltsiz","8":"pa_tur-kitap","9":"pa_yayinevi-is-bankasi-kultur-yayinlari","10":"pa_yazar-viktor-dorfler","12":"first","13":"instock","14":"sale","15":"shipping-taxable","16":"purchasable","17":"product-type-simple"},"_links":{"self":[{"href":"https:\/\/roveyayinevi.com.tr\/index.php\/wp-json\/wp\/v2\/product\/752028","targetHints":{"allow":["GET"]}}],"collection":[{"href":"https:\/\/roveyayinevi.com.tr\/index.php\/wp-json\/wp\/v2\/product"}],"about":[{"href":"https:\/\/roveyayinevi.com.tr\/index.php\/wp-json\/wp\/v2\/types\/product"}],"wp:attachment":[{"href":"https:\/\/roveyayinevi.com.tr\/index.php\/wp-json\/wp\/v2\/media?parent=752028"}],"wp:term":[{"taxonomy":"product_brand","embeddable":true,"href":"https:\/\/roveyayinevi.com.tr\/index.php\/wp-json\/wp\/v2\/product_brand?post=752028"},{"taxonomy":"product_cat","embeddable":true,"href":"https:\/\/roveyayinevi.com.tr\/index.php\/wp-json\/wp\/v2\/product_cat?post=752028"},{"taxonomy":"product_tag","embeddable":true,"href":"https:\/\/roveyayinevi.com.tr\/index.php\/wp-json\/wp\/v2\/product_tag?post=752028"}],"curies":[{"name":"wp","href":"https:\/\/api.w.org\/{rel}","templated":true}]}}