{"id":752027,"date":"2025-08-28T05:04:40","date_gmt":"2025-08-28T02:04:40","guid":{"rendered":"https:\/\/roveyayinevi.com.tr\/index.php\/urun\/kapital-ve-ideoloji\/"},"modified":"2026-04-16T03:05:31","modified_gmt":"2026-04-16T00:05:31","slug":"kapital-ve-ideoloji","status":"publish","type":"product","link":"https:\/\/roveyayinevi.com.tr\/index.php\/urun\/kapital-ve-ideoloji\/","title":{"rendered":"Kapital ve \u0130deoloji"},"content":{"rendered":"<p>Yirmi Birinci Y\u00fczy\u0131lda Kapital adl\u0131 kitab\u0131yla d\u00fcnyada b\u00fcy\u00fck yank\u0131 uyand\u0131ran ve \u201ce\u015fitsizlikler\u201d tart\u0131\u015fmas\u0131na yepyeni bir boyut getiren Thomas Piketty, bu kitab\u0131n devam\u0131 niteli\u011findeki yeni eseri Kapital ve \u0130deoloji\u2019de e\u015fitsizli\u011fi \u00e7ok daha geni\u015f bir tarihsel ba\u011flamda ele al\u0131yor. Her toplum e\u015fitsizliklerini me\u015frula\u015ft\u0131rmak zorundad\u0131r: Buna gerek\u00e7eler bulmak gerekir, yoksa b\u00fct\u00fcn politik ve sosyal yap\u0131 \u00e7\u00f6kme tehdidiyle kar\u015f\u0131 kar\u015f\u0131ya kal\u0131r. Ge\u00e7mi\u015fin ideolojileri bu perspektiften incelendiklerinde bamba\u015fka bir anlam kazan\u0131rlar, deyim yerindeyse ta\u015flar yerine oturur. Hi\u00e7 ku\u015fkusuz son d\u00f6nemin en \u00f6nemli \u201ce\u015fitsizlik d\u00fc\u015f\u00fcn\u00fcr\u00fc\u201d olan Piketty, Kapital ve \u0130deoloji\u2019de, \u00e7ok geni\u015f \u00e7apl\u0131 bir kar\u015f\u0131la\u015ft\u0131rmal\u0131 veri taban\u0131ndan hareketle, e\u015fitsizlik\u00e7i toplum yap\u0131lar\u0131n\u0131n tarihini ve gelece\u011fini ekonomik, sosyal, entelekt\u00fcel ve politik perspektiflerden ele al\u0131yor. Kadim \u201c\u00fc\u00e7 i\u015flev\u201d toplumlar\u0131ndan k\u00f6leci toplumlara, s\u00f6m\u00fcrge toplumlar\u0131ndan kom\u00fcnist toplumlara, \u201cm\u00fclk sahipleri toplumlar\u0131\u201dndan g\u00fcn\u00fcm\u00fcz\u00fcn \u201chiper-kapitalist\u201d toplumlar\u0131na kadar e\u015fitsizlik hakk\u0131nda tarihsel bir fresk \u00e7izerken, g\u00fcn\u00fcm\u00fcz ve yar\u0131n\u0131m\u0131z i\u00e7in de yak\u0131c\u0131 meseleleri g\u00fcndeme ta\u015f\u0131yor, \u00f6neriler getiriyor. 1980\u2019lerden itibaren t\u00fcm d\u00fcnyada a\u011f\u0131r basmaya ba\u015flayan a\u015f\u0131r\u0131 e\u015fitsizlik\u00e7i neoliberal anlat\u0131n\u0131n aksine, ekonomik kalk\u0131nmay\u0131 ve insanl\u0131\u011f\u0131n ilerlemesini sa\u011flayan olgunun e\u015fitlik ve e\u011fitim m\u00fccadelesi oldu\u011funu tarihten, edebiyattan, sinemadan \u00f6rneklerle oldu\u011fu kadar, istatistiklere ve rakamlara da dayanarak g\u00f6steriyor. E\u015fitsizli\u011fin tarihini, bug\u00fcn\u00fcn\u00fc ve gelece\u011fini, daha adil bir d\u00fcnyan\u0131n m\u00fcmk\u00fcn olup olmad\u0131\u011f\u0131n\u0131 merak eden herkes i\u00e7in \u00f6nemli bir ba\u015fvuru kayna\u011f\u0131. <\/p>\n","protected":false},"excerpt":{"rendered":"<p>Yirmi Birinci Y\u00fczy\u0131lda Kapital adl\u0131 kitab\u0131yla d\u00fcnyada b\u00fcy\u00fck yank\u0131 uyand\u0131ran ve \u201ce\u015fitsizlikler\u201d tart\u0131\u015fmas\u0131na yepyeni bir boyut getiren Thomas Piketty, bu kitab\u0131n devam\u0131 niteli\u011findeki yeni eseri Kapital<span class=\"excerpt-hellip\"> [\u2026]<\/span><\/p>\n","protected":false},"featured_media":0,"template":"","meta":{"_monsterinsights_skip_tracking":false,"_monsterinsights_sitenote_active":false,"_monsterinsights_sitenote_note":"","_monsterinsights_sitenote_category":0},"product_brand":[],"product_cat":[52477],"product_tag":[],"class_list":{"0":"post-752027","1":"product","2":"type-product","3":"status-publish","5":"product_cat-arastirma","6":"pa_cilt-ciltsiz","7":"pa_tur-kitap","8":"pa_yayinevi-is-bankasi-kultur-yayinlari","9":"pa_yazar-thomas-piketty","11":"first","12":"instock","13":"sale","14":"shipping-taxable","15":"purchasable","16":"product-type-simple"},"_links":{"self":[{"href":"https:\/\/roveyayinevi.com.tr\/index.php\/wp-json\/wp\/v2\/product\/752027","targetHints":{"allow":["GET"]}}],"collection":[{"href":"https:\/\/roveyayinevi.com.tr\/index.php\/wp-json\/wp\/v2\/product"}],"about":[{"href":"https:\/\/roveyayinevi.com.tr\/index.php\/wp-json\/wp\/v2\/types\/product"}],"wp:attachment":[{"href":"https:\/\/roveyayinevi.com.tr\/index.php\/wp-json\/wp\/v2\/media?parent=752027"}],"wp:term":[{"taxonomy":"product_brand","embeddable":true,"href":"https:\/\/roveyayinevi.com.tr\/index.php\/wp-json\/wp\/v2\/product_brand?post=752027"},{"taxonomy":"product_cat","embeddable":true,"href":"https:\/\/roveyayinevi.com.tr\/index.php\/wp-json\/wp\/v2\/product_cat?post=752027"},{"taxonomy":"product_tag","embeddable":true,"href":"https:\/\/roveyayinevi.com.tr\/index.php\/wp-json\/wp\/v2\/product_tag?post=752027"}],"curies":[{"name":"wp","href":"https:\/\/api.w.org\/{rel}","templated":true}]}}