{"id":752026,"date":"2025-08-28T05:04:39","date_gmt":"2025-08-28T02:04:39","guid":{"rendered":"https:\/\/roveyayinevi.com.tr\/index.php\/urun\/hayaletlerim\/"},"modified":"2026-04-16T03:05:31","modified_gmt":"2026-04-16T00:05:31","slug":"hayaletlerim","status":"publish","type":"product","link":"https:\/\/roveyayinevi.com.tr\/index.php\/urun\/hayaletlerim\/","title":{"rendered":"Hayaletlerim"},"content":{"rendered":"<p>K\u0131rkl\u0131 ya\u015flar\u0131n\u0131 s\u00fcren bir akademisyen olan Bridget, kedisi ve erkek arkada\u015f\u0131yla sakin bir hayat kurmu\u015f, babas\u0131yla g\u00f6r\u00fc\u015fmeyi y\u0131llar \u00f6nce kesmi\u015f, annesiyle ili\u015fkisini ise senede bir g\u00fcn ba\u015f ba\u015fa yenen do\u011fum g\u00fcn\u00fc yemeklerine, arada bir yollanan kartlara indirgemi\u015ftir. Fakat \u00e7ok az arkada\u015f\u0131 olsa da cemiyet hayat\u0131na inatla dahil olan, ba\u015f\u0131ndan ge\u00e7en iki evlili\u011fin ard\u0131ndan yaln\u0131z ya\u015fayan emekli annesi Helen art\u0131k daha fazlas\u0131n\u0131 istemekte ve istedi\u011fini alana kadar vazge\u00e7memekte kararl\u0131d\u0131r&#8230; \u00c7a\u011fda\u015f \u0130ngiliz edebiyat\u0131n\u0131n \u00f6d\u00fcll\u00fc yazarlar\u0131ndan Gwendoline Riley, nevi \u015fahs\u0131na m\u00fcnhas\u0131r karakterleri, kusursuz diyalog yaz\u0131m\u0131 ve kara mizah\u0131yla y\u0131llar i\u00e7inde kendisine sad\u0131k bir okur kitlesi kazand\u0131. \u0130htiya\u00e7lar\u0131, hayalleri ve ac\u0131lar\u0131 birbirinden farkl\u0131 olan anne k\u0131z\u0131n psikolojik bir sava\u015fa d\u00f6nen ili\u015fkisini merkezine ald\u0131\u011f\u0131 son roman\u0131 Hayaletlerim zaman zaman karanl\u0131k, rahats\u0131z edici ve tekinsiz olabilen bu ba\u011f\u0131n haritas\u0131n\u0131 ustal\u0131k ve ac\u0131mas\u0131zl\u0131\u011fa varan bir so\u011fukkanl\u0131l\u0131kla \u00e7iziyor. \u201cYetersiz ebeveyne do\u011fman\u0131n g\u00fcnah\u0131 \u00fczerine b\u00f6ylesine grotesk bir d\u00fcr\u00fcstl\u00fckle yaz\u0131lm\u0131\u015f pek az roman okudum. Riley, karakterlerin \u2018if\u015fa\u2019 ettiklerinin m\u00fckemmel toplay\u0131c\u0131s\u0131&#8230; Ve bir atmosferi, bir \u00e2n\u0131, bir sahneyi h\u0131zl\u0131ca tasvir ederken kendine has \u00fcslubunun doruklar\u0131na \u00e7\u0131k\u0131yor.\u201d                                                                                                                                     -James Wood, The New Yorker \u201cRachel Cusk ve Sally Rooney\u2019nin ac\u0131mas\u0131z, laf\u0131 dolan &#8211; d\u0131rmadan konu\u015fan kad\u0131n karakterlerinin hayran\u0131 okurlar, Riley\u2019nin son roman\u0131ndaki ge\u00e7inmesi zor ebeveyniyle -inan\u0131lmayacak derecede kibirli bir baba ve y\u00fcrek par\u00e7alayacak derecede karars\u0131z bir anne- hesapla\u015fan anlat\u0131c\u0131s\u0131nda bir ruh e\u015fli\u011fi bulacak.\u201d                                                                                                                                        -LA Times<\/p>\n","protected":false},"excerpt":{"rendered":"<p>K\u0131rkl\u0131 ya\u015flar\u0131n\u0131 s\u00fcren bir akademisyen olan Bridget, kedisi ve erkek arkada\u015f\u0131yla sakin bir hayat kurmu\u015f, babas\u0131yla g\u00f6r\u00fc\u015fmeyi y\u0131llar \u00f6nce kesmi\u015f, annesiyle ili\u015fkisini ise senede bir g\u00fcn<span class=\"excerpt-hellip\"> [\u2026]<\/span><\/p>\n","protected":false},"featured_media":0,"template":"","meta":{"_monsterinsights_skip_tracking":false,"_monsterinsights_sitenote_active":false,"_monsterinsights_sitenote_note":"","_monsterinsights_sitenote_category":0},"product_brand":[],"product_cat":[12291,12711],"product_tag":[],"class_list":{"0":"post-752026","1":"product","2":"type-product","3":"status-publish","5":"product_cat-edebiyat","6":"product_cat-roman-oyku","7":"pa_cilt-ciltsiz","8":"pa_tur-kitap","9":"pa_yayinevi-is-bankasi-kultur-yayinlari","10":"pa_yazar-gwendoline-riley","12":"first","13":"instock","14":"sale","15":"shipping-taxable","16":"purchasable","17":"product-type-simple"},"_links":{"self":[{"href":"https:\/\/roveyayinevi.com.tr\/index.php\/wp-json\/wp\/v2\/product\/752026","targetHints":{"allow":["GET"]}}],"collection":[{"href":"https:\/\/roveyayinevi.com.tr\/index.php\/wp-json\/wp\/v2\/product"}],"about":[{"href":"https:\/\/roveyayinevi.com.tr\/index.php\/wp-json\/wp\/v2\/types\/product"}],"wp:attachment":[{"href":"https:\/\/roveyayinevi.com.tr\/index.php\/wp-json\/wp\/v2\/media?parent=752026"}],"wp:term":[{"taxonomy":"product_brand","embeddable":true,"href":"https:\/\/roveyayinevi.com.tr\/index.php\/wp-json\/wp\/v2\/product_brand?post=752026"},{"taxonomy":"product_cat","embeddable":true,"href":"https:\/\/roveyayinevi.com.tr\/index.php\/wp-json\/wp\/v2\/product_cat?post=752026"},{"taxonomy":"product_tag","embeddable":true,"href":"https:\/\/roveyayinevi.com.tr\/index.php\/wp-json\/wp\/v2\/product_tag?post=752026"}],"curies":[{"name":"wp","href":"https:\/\/api.w.org\/{rel}","templated":true}]}}