{"id":752023,"date":"2025-08-28T05:04:34","date_gmt":"2025-08-28T02:04:34","guid":{"rendered":"https:\/\/roveyayinevi.com.tr\/index.php\/urun\/garip-teselli\/"},"modified":"2026-04-16T03:05:31","modified_gmt":"2026-04-16T00:05:31","slug":"garip-teselli","status":"publish","type":"product","link":"https:\/\/roveyayinevi.com.tr\/index.php\/urun\/garip-teselli\/","title":{"rendered":"Garip Teselli"},"content":{"rendered":"<p>ME\u00c7HULLER \u00c2LEM\u0130 Ota\u011f kurmu\u015f beynimde tats\u0131z kayg\u0131lar, \u00d6rf\u00fcm ile beraber medfun sayg\u0131lar! Erimekte inanc\u0131m hissiz neslimde Benliklerde yok olmu\u015f milli duygular.   G\u00fc\u00e7, cesaret zalimde, hakikat esir, Mefk\u00fbreler difrizde, beyanat k\u0131s\u0131r, Kem \u00e2l\u00e2t kem\u00e2l\u00e2t\u0131 te\u015fkil eder de; \u0130ki cambaz\u0131 yazar manzum ve nesir\u2026   Empati yok, duygu yok, modas\u0131 bir ho\u015f B\u00fct\u00fcn k\u0131stas \u201chep bana\u201d; gerisi bombo\u015f, Ebubekir- \u00d6merler kalm\u0131\u015f siyerde, Polyannac\u0131 h\u00fcmanlar m\u00fcebbet sarho\u015f\u2026   Yurdumuzda turistiz, misali y\u00f6r\u00fck; Anla\u015f\u0131lmaz dilimiz, kalbimiz k\u0131r\u0131k, G\u00fcc\u00fcm\u00fcz\u00fc yok eden menfur d\u00fczende, \u00c7\u00fcr\u00fcklere ayr\u0131ld\u0131k, sapsa\u011flam \u00e7\u00fcr\u00fck\u2026 Ekim 1986 \/ Ankara <\/p>\n","protected":false},"excerpt":{"rendered":"<p>ME\u00c7HULLER \u00c2LEM\u0130 Ota\u011f kurmu\u015f beynimde tats\u0131z kayg\u0131lar, \u00d6rf\u00fcm ile beraber medfun sayg\u0131lar! Erimekte inanc\u0131m hissiz neslimde Benliklerde yok olmu\u015f milli duygular. G\u00fc\u00e7, cesaret zalimde, hakikat esir,<span class=\"excerpt-hellip\"> [\u2026]<\/span><\/p>\n","protected":false},"featured_media":0,"template":"","meta":{"_monsterinsights_skip_tracking":false,"_monsterinsights_sitenote_active":false,"_monsterinsights_sitenote_note":"","_monsterinsights_sitenote_category":0},"product_brand":[],"product_cat":[12291,12509],"product_tag":[],"class_list":{"0":"post-752023","1":"product","2":"type-product","3":"status-publish","5":"product_cat-edebiyat","6":"product_cat-siir","7":"pa_cilt-ciltsiz","8":"pa_tur-kitap","9":"pa_yayinevi-gulnar-yayinlari","10":"pa_yazar-kemal-unlu","12":"first","13":"instock","14":"sale","15":"shipping-taxable","16":"purchasable","17":"product-type-simple"},"_links":{"self":[{"href":"https:\/\/roveyayinevi.com.tr\/index.php\/wp-json\/wp\/v2\/product\/752023","targetHints":{"allow":["GET"]}}],"collection":[{"href":"https:\/\/roveyayinevi.com.tr\/index.php\/wp-json\/wp\/v2\/product"}],"about":[{"href":"https:\/\/roveyayinevi.com.tr\/index.php\/wp-json\/wp\/v2\/types\/product"}],"wp:attachment":[{"href":"https:\/\/roveyayinevi.com.tr\/index.php\/wp-json\/wp\/v2\/media?parent=752023"}],"wp:term":[{"taxonomy":"product_brand","embeddable":true,"href":"https:\/\/roveyayinevi.com.tr\/index.php\/wp-json\/wp\/v2\/product_brand?post=752023"},{"taxonomy":"product_cat","embeddable":true,"href":"https:\/\/roveyayinevi.com.tr\/index.php\/wp-json\/wp\/v2\/product_cat?post=752023"},{"taxonomy":"product_tag","embeddable":true,"href":"https:\/\/roveyayinevi.com.tr\/index.php\/wp-json\/wp\/v2\/product_tag?post=752023"}],"curies":[{"name":"wp","href":"https:\/\/api.w.org\/{rel}","templated":true}]}}