{"id":752021,"date":"2025-08-28T05:04:31","date_gmt":"2025-08-28T02:04:31","guid":{"rendered":"https:\/\/roveyayinevi.com.tr\/index.php\/urun\/hayal-kiran\/"},"modified":"2026-04-16T03:05:31","modified_gmt":"2026-04-16T00:05:31","slug":"hayal-kiran","status":"publish","type":"product","link":"https:\/\/roveyayinevi.com.tr\/index.php\/urun\/hayal-kiran\/","title":{"rendered":"Hayal K\u0131ran"},"content":{"rendered":"<p>\u2026\u015eimdilerde b\u00fcy\u00fck \u015fehirlerde, \u015fatafatl\u0131 okullarda, kalbur\u00fcst\u00fc ailelere mensup ergen \u00f6\u011frencilere ders verir. En \u00f6n s\u0131raya yedi ya\u015f\u0131nda, bak\u0131r sa\u00e7l\u0131 bir o\u011flan oturtur. Kirli yakas\u0131n\u0131 d\u00fczeltip \u00e7atlak yanaklar\u0131n\u0131 \u00f6per. En \u00e7ok onu sever, onu \u00e7ok sever\u2026             Ruhunun canl\u0131l\u0131\u011f\u0131n\u0131, kalbinin heyecan\u0131n\u0131 y\u0131k\u0131k d\u00f6k\u00fck bir \u00f6\u011fretmen lojman\u0131nda b\u0131rakan gen\u00e7 bir kad\u0131n\u0131n hik\u00e2yesi bu. Hayal K\u0131ran; sizi Anadolu\u2019nun kuytu bir k\u00f6\u015fesinde s\u00f6nen umutlara, yiten hayatlara g\u00f6t\u00fcr\u00fcyor. \u201c\u2026\u00c7\u00f6pe kalem a\u00e7maya kalkan, kitapl\u0131\u011f\u0131 arad\u0131\u011f\u0131n\u0131 bulamayarak kurcalayan \u00e7ocuklara ka\u015f \u00e7atarak bakt\u0131\u2026Camdan d\u0131\u015far\u0131y\u0131 izlemeye koyuldu. Ayaz\u0131n sallad\u0131\u011f\u0131 kuru dallardan d\u00fc\u015fen karlar ve \u00e7at\u0131dan sarkan upuzun buz sa\u00e7aklar\u0131, deh\u015fetli bir manzara seriyordu \u00f6n\u00fcne. K\u00f6t\u00fc bir duruma d\u00fc\u015fse, bunalsa, burada delirse ka\u00e7acak yeri yokmu\u015f gibi geldi bir an. Sanki karlar \u00e7\u0131\u011fl\u0131klar\u0131n\u0131 duyulmaz eder, ko\u015fmaya \u00e7al\u0131\u015fsa batakl\u0131k misali i\u00e7ine \u00e7eker gibi geldi. Dald\u0131\u011f\u0131 pencereden g\u00f6zlerini \u00e7ekti, \u00f6n\u00fcndeki \u00e7ekmeceyi ne arad\u0131\u011f\u0131n\u0131 bilmeyerek kar\u0131\u015ft\u0131rd\u0131\u2026\u201d <\/p>\n","protected":false},"excerpt":{"rendered":"<p>\u2026\u015eimdilerde b\u00fcy\u00fck \u015fehirlerde, \u015fatafatl\u0131 okullarda, kalbur\u00fcst\u00fc ailelere mensup ergen \u00f6\u011frencilere ders verir. En \u00f6n s\u0131raya yedi ya\u015f\u0131nda, bak\u0131r sa\u00e7l\u0131 bir o\u011flan oturtur. Kirli yakas\u0131n\u0131 d\u00fczeltip \u00e7atlak<span class=\"excerpt-hellip\"> [\u2026]<\/span><\/p>\n","protected":false},"featured_media":0,"template":"","meta":{"_monsterinsights_skip_tracking":false,"_monsterinsights_sitenote_active":false,"_monsterinsights_sitenote_note":"","_monsterinsights_sitenote_category":0},"product_brand":[],"product_cat":[12291,12711],"product_tag":[],"class_list":{"0":"post-752021","1":"product","2":"type-product","3":"status-publish","5":"product_cat-edebiyat","6":"product_cat-roman-oyku","7":"pa_cilt-ciltsiz","8":"pa_tur-kitap","9":"pa_yayinevi-kirmizi-ada-yayinlari","10":"pa_yazar-esra-akgok","12":"first","13":"instock","14":"sale","15":"shipping-taxable","16":"purchasable","17":"product-type-simple"},"_links":{"self":[{"href":"https:\/\/roveyayinevi.com.tr\/index.php\/wp-json\/wp\/v2\/product\/752021","targetHints":{"allow":["GET"]}}],"collection":[{"href":"https:\/\/roveyayinevi.com.tr\/index.php\/wp-json\/wp\/v2\/product"}],"about":[{"href":"https:\/\/roveyayinevi.com.tr\/index.php\/wp-json\/wp\/v2\/types\/product"}],"wp:attachment":[{"href":"https:\/\/roveyayinevi.com.tr\/index.php\/wp-json\/wp\/v2\/media?parent=752021"}],"wp:term":[{"taxonomy":"product_brand","embeddable":true,"href":"https:\/\/roveyayinevi.com.tr\/index.php\/wp-json\/wp\/v2\/product_brand?post=752021"},{"taxonomy":"product_cat","embeddable":true,"href":"https:\/\/roveyayinevi.com.tr\/index.php\/wp-json\/wp\/v2\/product_cat?post=752021"},{"taxonomy":"product_tag","embeddable":true,"href":"https:\/\/roveyayinevi.com.tr\/index.php\/wp-json\/wp\/v2\/product_tag?post=752021"}],"curies":[{"name":"wp","href":"https:\/\/api.w.org\/{rel}","templated":true}]}}